{"id":37877,"date":"2025-09-06T15:43:25","date_gmt":"2025-09-06T14:43:25","guid":{"rendered":"https:\/\/www.sea.ai\/product\/watchkeeper\/"},"modified":"2026-02-17T16:33:45","modified_gmt":"2026-02-17T15:33:45","slug":"watchkeeper","status":"publish","type":"product","link":"https:\/\/www.sea.ai\/it\/prodotto\/watchkeeper\/","title":{"rendered":"Watchkeeper"},"content":{"rendered":"","protected":false},"excerpt":{"rendered":"<p>La serie SEA.AI WATCHKEEPER migliora la sicurezza marittima grazie al rilevamento intelligente degli oggetti da parte dell&#8217;intelligenza artificiale.<br \/>\nGrazie all&#8217;ottica 4K ultra ampia e alle immagini termiche su alcune unit\u00e0, offre una visibilit\u00e0 affidabile 24 ore su 24, anche a velocit\u00e0 elevate.<\/p>\n<p>Disponibile in quattro versioni distinte, tra cui un modello base per l&#8217;uso dall&#8217;alba al tramonto, e in due finiture di colore: bianco e nero.<\/p>\n","protected":false},"featured_media":38816,"template":"","meta":{"_acf_changed":false},"product_brand":[],"product_cat":[458],"product_tag":[498,459],"class_list":{"0":"post-37877","1":"product","2":"type-product","3":"status-publish","4":"has-post-thumbnail","6":"product_cat-uncategorized-it","7":"product_tag-new-product-template-it","8":"product_tag-watchkeeper-it","10":"first","11":"instock","12":"taxable","13":"shipping-taxable","14":"purchasable","15":"product-type-variable"},"acf":[],"yoast_head":"<!-- This site is optimized with the Yoast SEO Premium plugin v27.0 (Yoast SEO v27.0) - https:\/\/yoast.com\/product\/yoast-seo-premium-wordpress\/ -->\n<title>Acquista SEA.AI Watchkeeper | Rilevamento Marino con IA<\/title>\n<meta name=\"description\" content=\"Acquista SEA.AI Watchkeeper: sistema anticollisione con IA e imaging termico. Rileva ostacoli 24\/7. Ordina online con supporto esperto.\" \/>\n<meta name=\"robots\" content=\"index, follow, max-snippet:-1, max-image-preview:large, max-video-preview:-1\" \/>\n<link rel=\"canonical\" href=\"https:\/\/www.sea.ai\/it\/prodotto\/watchkeeper\/\" \/>\n<meta property=\"og:locale\" content=\"it_IT\" \/>\n<meta property=\"og:type\" content=\"article\" \/>\n<meta property=\"og:title\" content=\"Acquista SEA.AI Watchkeeper | Rilevamento Marino con IA\" \/>\n<meta property=\"og:description\" content=\"Acquista SEA.AI Watchkeeper: sistema anticollisione con IA e imaging termico. Rileva ostacoli 24\/7. Ordina online con supporto esperto.\" \/>\n<meta property=\"og:url\" content=\"https:\/\/www.sea.ai\/it\/prodotto\/watchkeeper\/\" \/>\n<meta property=\"og:site_name\" content=\"SEA.AI\" \/>\n<meta property=\"article:publisher\" content=\"https:\/\/www.facebook.com\/SeaAiGroup\" \/>\n<meta property=\"article:modified_time\" content=\"2026-02-17T15:33:45+00:00\" \/>\n<meta property=\"og:image\" content=\"https:\/\/www.sea.ai\/uploads\/2025\/09\/WK-White-Front-2.jpg\" \/>\n\t<meta property=\"og:image:width\" content=\"945\" \/>\n\t<meta property=\"og:image:height\" content=\"531\" \/>\n\t<meta property=\"og:image:type\" content=\"image\/jpeg\" \/>\n<meta name=\"twitter:card\" content=\"summary_large_image\" \/>\n<meta name=\"twitter:title\" content=\"Watchkeeper\" \/>\n<meta name=\"twitter:site\" content=\"@SeaAiGroup\" \/>\n<meta name=\"twitter:label1\" content=\"Tempo di lettura stimato\" \/>\n\t<meta name=\"twitter:data1\" content=\"1 minuto\" \/>\n<script type=\"application\/ld+json\" class=\"yoast-schema-graph\">{\"@context\":\"https:\/\/schema.org\",\"@graph\":[{\"@type\":\"WebPage\",\"@id\":\"https:\/\/www.sea.ai\/it\/prodotto\/watchkeeper\/\",\"url\":\"https:\/\/www.sea.ai\/it\/prodotto\/watchkeeper\/\",\"name\":\"Acquista SEA.AI Watchkeeper | Rilevamento Marino con IA\",\"isPartOf\":{\"@id\":\"https:\/\/www.sea.ai\/it\/#website\"},\"primaryImageOfPage\":{\"@id\":\"https:\/\/www.sea.ai\/it\/prodotto\/watchkeeper\/#primaryimage\"},\"image\":{\"@id\":\"https:\/\/www.sea.ai\/it\/prodotto\/watchkeeper\/#primaryimage\"},\"thumbnailUrl\":\"https:\/\/www.sea.ai\/uploads\/2025\/09\/WK-White-Front-2.jpg\",\"datePublished\":\"2025-09-06T14:43:25+00:00\",\"dateModified\":\"2026-02-17T15:33:45+00:00\",\"description\":\"Acquista SEA.AI Watchkeeper: sistema anticollisione con IA e imaging termico. Rileva ostacoli 24\/7. Ordina online con supporto esperto.\",\"breadcrumb\":{\"@id\":\"https:\/\/www.sea.ai\/it\/prodotto\/watchkeeper\/#breadcrumb\"},\"inLanguage\":\"it-IT\",\"potentialAction\":[{\"@type\":\"ReadAction\",\"target\":[\"https:\/\/www.sea.ai\/it\/prodotto\/watchkeeper\/\"]}]},{\"@type\":\"ImageObject\",\"inLanguage\":\"it-IT\",\"@id\":\"https:\/\/www.sea.ai\/it\/prodotto\/watchkeeper\/#primaryimage\",\"url\":\"https:\/\/www.sea.ai\/uploads\/2025\/09\/WK-White-Front-2.jpg\",\"contentUrl\":\"https:\/\/www.sea.ai\/uploads\/2025\/09\/WK-White-Front-2.jpg\",\"width\":945,\"height\":531,\"caption\":\"Front View of Watchkeeper White\"},{\"@type\":\"BreadcrumbList\",\"@id\":\"https:\/\/www.sea.ai\/it\/prodotto\/watchkeeper\/#breadcrumb\",\"itemListElement\":[{\"@type\":\"ListItem\",\"position\":1,\"name\":\"Home\",\"item\":\"https:\/\/www.sea.ai\/it\/homepage\/\"},{\"@type\":\"ListItem\",\"position\":2,\"name\":\"Negozio\",\"item\":\"https:\/\/www.sea.ai\/it\/negozio\/\"},{\"@type\":\"ListItem\",\"position\":3,\"name\":\"Watchkeeper\"}]},{\"@type\":\"WebSite\",\"@id\":\"https:\/\/www.sea.ai\/it\/#website\",\"url\":\"https:\/\/www.sea.ai\/it\/\",\"name\":\"SEA.AI\",\"description\":\"Machine Vision for Safety at Sea\",\"publisher\":{\"@id\":\"https:\/\/www.sea.ai\/it\/#organization\"},\"potentialAction\":[{\"@type\":\"SearchAction\",\"target\":{\"@type\":\"EntryPoint\",\"urlTemplate\":\"https:\/\/www.sea.ai\/it\/?s={search_term_string}\"},\"query-input\":{\"@type\":\"PropertyValueSpecification\",\"valueRequired\":true,\"valueName\":\"search_term_string\"}}],\"inLanguage\":\"it-IT\"},{\"@type\":\"Organization\",\"@id\":\"https:\/\/www.sea.ai\/it\/#organization\",\"name\":\"SEA.AI\",\"url\":\"https:\/\/www.sea.ai\/it\/\",\"logo\":{\"@type\":\"ImageObject\",\"inLanguage\":\"it-IT\",\"@id\":\"https:\/\/www.sea.ai\/it\/#\/schema\/logo\/image\/\",\"url\":\"https:\/\/www.sea.ai\/uploads\/2023\/02\/Cursor-black-RGB.jpg\",\"contentUrl\":\"https:\/\/www.sea.ai\/uploads\/2023\/02\/Cursor-black-RGB.jpg\",\"width\":561,\"height\":561,\"caption\":\"SEA.AI\"},\"image\":{\"@id\":\"https:\/\/www.sea.ai\/it\/#\/schema\/logo\/image\/\"},\"sameAs\":[\"https:\/\/www.facebook.com\/SeaAiGroup\",\"https:\/\/x.com\/SeaAiGroup\",\"https:\/\/linkedin.com\/company\/sea-ai\",\"https:\/\/www.youtube.com\/channel\/UCgOTg9pmSXNYXGBMXlsGesw\",\"https:\/\/www.instagram.com\/Sea.AI.Group\/\"],\"description\":\"SEA.AI sets the benchmark in maritime machine vision, pioneering the use of artificial intelligence since 2018 to enhance safety, surveillance, and situational awareness at sea. The company develops and manufactures integrated systems combining optical and thermal sensors with proprietary AI, and provides maritime machine vision software compatible with third party cameras. SEA.AI solutions deliver automatic detection and classification of floating hazards, including people in the water for man overboard response, marine mammals to reduce the risk of strike, non cooperative vessels, and partially submerged objects that conventional systems cannot detect. By delivering real time visual alerts and actionable information on the bridge, the technology strengthens navigational safety, perimeter surveillance, and maritime security across recreational, commercial, governmental, and autonomous fleets.\",\"email\":\"contact@sea.ai\",\"legalName\":\"SEA.AI GmbH\",\"vatID\":\"ATU74570047\",\"numberOfEmployees\":{\"@type\":\"QuantitativeValue\",\"minValue\":\"51\",\"maxValue\":\"200\"}}]}<\/script>\n<!-- \/ Yoast SEO Premium plugin. -->","yoast_head_json":{"title":"Acquista SEA.AI Watchkeeper | Rilevamento Marino con IA","description":"Acquista SEA.AI Watchkeeper: sistema anticollisione con IA e imaging termico. Rileva ostacoli 24\/7. Ordina online con supporto esperto.","robots":{"index":"index","follow":"follow","max-snippet":"max-snippet:-1","max-image-preview":"max-image-preview:large","max-video-preview":"max-video-preview:-1"},"canonical":"https:\/\/www.sea.ai\/it\/prodotto\/watchkeeper\/","og_locale":"it_IT","og_type":"article","og_title":"Acquista SEA.AI Watchkeeper | Rilevamento Marino con IA","og_description":"Acquista SEA.AI Watchkeeper: sistema anticollisione con IA e imaging termico. Rileva ostacoli 24\/7. Ordina online con supporto esperto.","og_url":"https:\/\/www.sea.ai\/it\/prodotto\/watchkeeper\/","og_site_name":"SEA.AI","article_publisher":"https:\/\/www.facebook.com\/SeaAiGroup","article_modified_time":"2026-02-17T15:33:45+00:00","og_image":[{"width":945,"height":531,"url":"https:\/\/www.sea.ai\/uploads\/2025\/09\/WK-White-Front-2.jpg","type":"image\/jpeg"}],"twitter_card":"summary_large_image","twitter_title":"Watchkeeper","twitter_site":"@SeaAiGroup","twitter_misc":{"Tempo di lettura stimato":"1 minuto"},"schema":{"@context":"https:\/\/schema.org","@graph":[{"@type":"WebPage","@id":"https:\/\/www.sea.ai\/it\/prodotto\/watchkeeper\/","url":"https:\/\/www.sea.ai\/it\/prodotto\/watchkeeper\/","name":"Acquista SEA.AI Watchkeeper | Rilevamento Marino con IA","isPartOf":{"@id":"https:\/\/www.sea.ai\/it\/#website"},"primaryImageOfPage":{"@id":"https:\/\/www.sea.ai\/it\/prodotto\/watchkeeper\/#primaryimage"},"image":{"@id":"https:\/\/www.sea.ai\/it\/prodotto\/watchkeeper\/#primaryimage"},"thumbnailUrl":"https:\/\/www.sea.ai\/uploads\/2025\/09\/WK-White-Front-2.jpg","datePublished":"2025-09-06T14:43:25+00:00","dateModified":"2026-02-17T15:33:45+00:00","description":"Acquista SEA.AI Watchkeeper: sistema anticollisione con IA e imaging termico. Rileva ostacoli 24\/7. Ordina online con supporto esperto.","breadcrumb":{"@id":"https:\/\/www.sea.ai\/it\/prodotto\/watchkeeper\/#breadcrumb"},"inLanguage":"it-IT","potentialAction":[{"@type":"ReadAction","target":["https:\/\/www.sea.ai\/it\/prodotto\/watchkeeper\/"]}]},{"@type":"ImageObject","inLanguage":"it-IT","@id":"https:\/\/www.sea.ai\/it\/prodotto\/watchkeeper\/#primaryimage","url":"https:\/\/www.sea.ai\/uploads\/2025\/09\/WK-White-Front-2.jpg","contentUrl":"https:\/\/www.sea.ai\/uploads\/2025\/09\/WK-White-Front-2.jpg","width":945,"height":531,"caption":"Front View of Watchkeeper White"},{"@type":"BreadcrumbList","@id":"https:\/\/www.sea.ai\/it\/prodotto\/watchkeeper\/#breadcrumb","itemListElement":[{"@type":"ListItem","position":1,"name":"Home","item":"https:\/\/www.sea.ai\/it\/homepage\/"},{"@type":"ListItem","position":2,"name":"Negozio","item":"https:\/\/www.sea.ai\/it\/negozio\/"},{"@type":"ListItem","position":3,"name":"Watchkeeper"}]},{"@type":"WebSite","@id":"https:\/\/www.sea.ai\/it\/#website","url":"https:\/\/www.sea.ai\/it\/","name":"SEA.AI","description":"Machine Vision for Safety at Sea","publisher":{"@id":"https:\/\/www.sea.ai\/it\/#organization"},"potentialAction":[{"@type":"SearchAction","target":{"@type":"EntryPoint","urlTemplate":"https:\/\/www.sea.ai\/it\/?s={search_term_string}"},"query-input":{"@type":"PropertyValueSpecification","valueRequired":true,"valueName":"search_term_string"}}],"inLanguage":"it-IT"},{"@type":"Organization","@id":"https:\/\/www.sea.ai\/it\/#organization","name":"SEA.AI","url":"https:\/\/www.sea.ai\/it\/","logo":{"@type":"ImageObject","inLanguage":"it-IT","@id":"https:\/\/www.sea.ai\/it\/#\/schema\/logo\/image\/","url":"https:\/\/www.sea.ai\/uploads\/2023\/02\/Cursor-black-RGB.jpg","contentUrl":"https:\/\/www.sea.ai\/uploads\/2023\/02\/Cursor-black-RGB.jpg","width":561,"height":561,"caption":"SEA.AI"},"image":{"@id":"https:\/\/www.sea.ai\/it\/#\/schema\/logo\/image\/"},"sameAs":["https:\/\/www.facebook.com\/SeaAiGroup","https:\/\/x.com\/SeaAiGroup","https:\/\/linkedin.com\/company\/sea-ai","https:\/\/www.youtube.com\/channel\/UCgOTg9pmSXNYXGBMXlsGesw","https:\/\/www.instagram.com\/Sea.AI.Group\/"],"description":"SEA.AI sets the benchmark in maritime machine vision, pioneering the use of artificial intelligence since 2018 to enhance safety, surveillance, and situational awareness at sea. The company develops and manufactures integrated systems combining optical and thermal sensors with proprietary AI, and provides maritime machine vision software compatible with third party cameras. SEA.AI solutions deliver automatic detection and classification of floating hazards, including people in the water for man overboard response, marine mammals to reduce the risk of strike, non cooperative vessels, and partially submerged objects that conventional systems cannot detect. By delivering real time visual alerts and actionable information on the bridge, the technology strengthens navigational safety, perimeter surveillance, and maritime security across recreational, commercial, governmental, and autonomous fleets.","email":"contact@sea.ai","legalName":"SEA.AI GmbH","vatID":"ATU74570047","numberOfEmployees":{"@type":"QuantitativeValue","minValue":"51","maxValue":"200"}}]}},"_links":{"self":[{"href":"https:\/\/www.sea.ai\/it\/wp-json\/wp\/v2\/product\/37877","targetHints":{"allow":["GET"]}}],"collection":[{"href":"https:\/\/www.sea.ai\/it\/wp-json\/wp\/v2\/product"}],"about":[{"href":"https:\/\/www.sea.ai\/it\/wp-json\/wp\/v2\/types\/product"}],"version-history":[{"count":0,"href":"https:\/\/www.sea.ai\/it\/wp-json\/wp\/v2\/product\/37877\/revisions"}],"wp:featuredmedia":[{"embeddable":true,"href":"https:\/\/www.sea.ai\/it\/wp-json\/wp\/v2\/media\/38816"}],"wp:attachment":[{"href":"https:\/\/www.sea.ai\/it\/wp-json\/wp\/v2\/media?parent=37877"}],"wp:term":[{"taxonomy":"product_brand","embeddable":true,"href":"https:\/\/www.sea.ai\/it\/wp-json\/wp\/v2\/product_brand?post=37877"},{"taxonomy":"product_cat","embeddable":true,"href":"https:\/\/www.sea.ai\/it\/wp-json\/wp\/v2\/product_cat?post=37877"},{"taxonomy":"product_tag","embeddable":true,"href":"https:\/\/www.sea.ai\/it\/wp-json\/wp\/v2\/product_tag?post=37877"}],"curies":[{"name":"wp","href":"https:\/\/api.w.org\/{rel}","templated":true}]}}