{"id":37836,"date":"2025-09-06T15:43:25","date_gmt":"2025-09-06T14:43:25","guid":{"rendered":"https:\/\/www.sea.ai\/product\/watchkeeper\/"},"modified":"2026-02-17T16:30:49","modified_gmt":"2026-02-17T15:30:49","slug":"watchkeeper","status":"publish","type":"product","link":"https:\/\/www.sea.ai\/fr\/produit\/watchkeeper\/","title":{"rendered":"Watchkeeper"},"content":{"rendered":"","protected":false},"excerpt":{"rendered":"<p>La s\u00e9rie SEA.AI WATCHKEEPER renforce la s\u00e9curit\u00e9 maritime gr\u00e2ce \u00e0 la d\u00e9tection intelligente d\u2019objets aliment\u00e9e par l\u2019IA.<br \/>\nAvec une optique 4K ultra-large et une imagerie thermique sur certaines unit\u00e9s, elle offre une visibilit\u00e9 fiable 24 heures sur 24, m\u00eame \u00e0 des vitesses \u00e9lev\u00e9es.<\/p>\n<p>Disponible en quatre versions distinctes, dont un mod\u00e8le d\u2019entr\u00e9e de gamme pour une utilisation de l\u2019aube au cr\u00e9puscule, et propos\u00e9 en deux finitions de couleur : blanc et noir.<\/p>\n","protected":false},"featured_media":38815,"template":"","meta":{"_acf_changed":false},"product_brand":[],"product_cat":[165],"product_tag":[496,449],"class_list":{"0":"post-37836","1":"product","2":"type-product","3":"status-publish","4":"has-post-thumbnail","6":"product_cat-uncategorized-fr","7":"product_tag-new-product-template-fr","8":"product_tag-watchkeeper-fr","10":"first","11":"instock","12":"taxable","13":"shipping-taxable","14":"purchasable","15":"product-type-variable"},"acf":[],"yoast_head":"<!-- This site is optimized with the Yoast SEO Premium plugin v27.0 (Yoast SEO v27.0) - https:\/\/yoast.com\/product\/yoast-seo-premium-wordpress\/ -->\n<title>SEA.AI Watchkeeper | D\u00e9tection maritime par l&#039;IA<\/title>\n<meta name=\"description\" content=\"Achetez SEA.AI Watchkeeper : syst\u00e8me anticollision IA avec imagerie thermique. D\u00e9tection d&#039;obstacles 24h\/24. Commandez en ligne.\" \/>\n<meta name=\"robots\" content=\"index, follow, max-snippet:-1, max-image-preview:large, max-video-preview:-1\" \/>\n<link rel=\"canonical\" href=\"https:\/\/www.sea.ai\/fr\/produit\/watchkeeper\/\" \/>\n<meta property=\"og:locale\" content=\"fr_FR\" \/>\n<meta property=\"og:type\" content=\"article\" \/>\n<meta property=\"og:title\" content=\"SEA.AI Watchkeeper | D\u00e9tection maritime par l&#039;IA\" \/>\n<meta property=\"og:description\" content=\"Achetez SEA.AI Watchkeeper : syst\u00e8me anticollision IA avec imagerie thermique. D\u00e9tection d&#039;obstacles 24h\/24. Commandez en ligne.\" \/>\n<meta property=\"og:url\" content=\"https:\/\/www.sea.ai\/fr\/produit\/watchkeeper\/\" \/>\n<meta property=\"og:site_name\" content=\"SEA.AI\" \/>\n<meta property=\"article:publisher\" content=\"https:\/\/www.facebook.com\/SeaAiGroup\" \/>\n<meta property=\"article:modified_time\" content=\"2026-02-17T15:30:49+00:00\" \/>\n<meta property=\"og:image\" content=\"https:\/\/www.sea.ai\/uploads\/2025\/09\/WK-White-Front-2.jpg\" \/>\n\t<meta property=\"og:image:width\" content=\"945\" \/>\n\t<meta property=\"og:image:height\" content=\"531\" \/>\n\t<meta property=\"og:image:type\" content=\"image\/jpeg\" \/>\n<meta name=\"twitter:card\" content=\"summary_large_image\" \/>\n<meta name=\"twitter:title\" content=\"Watchkeeper\" \/>\n<meta name=\"twitter:site\" content=\"@SeaAiGroup\" \/>\n<meta name=\"twitter:label1\" content=\"Dur\u00e9e de lecture estim\u00e9e\" \/>\n\t<meta name=\"twitter:data1\" content=\"1 minute\" \/>\n<script type=\"application\/ld+json\" class=\"yoast-schema-graph\">{\"@context\":\"https:\/\/schema.org\",\"@graph\":[{\"@type\":\"WebPage\",\"@id\":\"https:\/\/www.sea.ai\/fr\/produit\/watchkeeper\/\",\"url\":\"https:\/\/www.sea.ai\/fr\/produit\/watchkeeper\/\",\"name\":\"SEA.AI Watchkeeper | D\u00e9tection maritime par l'IA\",\"isPartOf\":{\"@id\":\"https:\/\/www.sea.ai\/fr\/#website\"},\"primaryImageOfPage\":{\"@id\":\"https:\/\/www.sea.ai\/fr\/produit\/watchkeeper\/#primaryimage\"},\"image\":{\"@id\":\"https:\/\/www.sea.ai\/fr\/produit\/watchkeeper\/#primaryimage\"},\"thumbnailUrl\":\"https:\/\/www.sea.ai\/uploads\/2025\/09\/WK-White-Front-2.jpg\",\"datePublished\":\"2025-09-06T14:43:25+00:00\",\"dateModified\":\"2026-02-17T15:30:49+00:00\",\"description\":\"Achetez SEA.AI Watchkeeper : syst\u00e8me anticollision IA avec imagerie thermique. D\u00e9tection d'obstacles 24h\/24. Commandez en ligne.\",\"breadcrumb\":{\"@id\":\"https:\/\/www.sea.ai\/fr\/produit\/watchkeeper\/#breadcrumb\"},\"inLanguage\":\"fr-FR\",\"potentialAction\":[{\"@type\":\"ReadAction\",\"target\":[\"https:\/\/www.sea.ai\/fr\/produit\/watchkeeper\/\"]}]},{\"@type\":\"ImageObject\",\"inLanguage\":\"fr-FR\",\"@id\":\"https:\/\/www.sea.ai\/fr\/produit\/watchkeeper\/#primaryimage\",\"url\":\"https:\/\/www.sea.ai\/uploads\/2025\/09\/WK-White-Front-2.jpg\",\"contentUrl\":\"https:\/\/www.sea.ai\/uploads\/2025\/09\/WK-White-Front-2.jpg\",\"width\":945,\"height\":531,\"caption\":\"Front View of Watchkeeper White\"},{\"@type\":\"BreadcrumbList\",\"@id\":\"https:\/\/www.sea.ai\/fr\/produit\/watchkeeper\/#breadcrumb\",\"itemListElement\":[{\"@type\":\"ListItem\",\"position\":1,\"name\":\"Home\",\"item\":\"https:\/\/www.sea.ai\/fr\/page-daccueil\/\"},{\"@type\":\"ListItem\",\"position\":2,\"name\":\"Boutique\",\"item\":\"https:\/\/www.sea.ai\/fr\/boutique\/\"},{\"@type\":\"ListItem\",\"position\":3,\"name\":\"Watchkeeper\"}]},{\"@type\":\"WebSite\",\"@id\":\"https:\/\/www.sea.ai\/fr\/#website\",\"url\":\"https:\/\/www.sea.ai\/fr\/\",\"name\":\"SEA.AI\",\"description\":\"Machine Vision for Safety at Sea\",\"publisher\":{\"@id\":\"https:\/\/www.sea.ai\/fr\/#organization\"},\"potentialAction\":[{\"@type\":\"SearchAction\",\"target\":{\"@type\":\"EntryPoint\",\"urlTemplate\":\"https:\/\/www.sea.ai\/fr\/?s={search_term_string}\"},\"query-input\":{\"@type\":\"PropertyValueSpecification\",\"valueRequired\":true,\"valueName\":\"search_term_string\"}}],\"inLanguage\":\"fr-FR\"},{\"@type\":\"Organization\",\"@id\":\"https:\/\/www.sea.ai\/fr\/#organization\",\"name\":\"SEA.AI\",\"url\":\"https:\/\/www.sea.ai\/fr\/\",\"logo\":{\"@type\":\"ImageObject\",\"inLanguage\":\"fr-FR\",\"@id\":\"https:\/\/www.sea.ai\/fr\/#\/schema\/logo\/image\/\",\"url\":\"https:\/\/www.sea.ai\/uploads\/2023\/02\/Cursor-black-RGB.jpg\",\"contentUrl\":\"https:\/\/www.sea.ai\/uploads\/2023\/02\/Cursor-black-RGB.jpg\",\"width\":561,\"height\":561,\"caption\":\"SEA.AI\"},\"image\":{\"@id\":\"https:\/\/www.sea.ai\/fr\/#\/schema\/logo\/image\/\"},\"sameAs\":[\"https:\/\/www.facebook.com\/SeaAiGroup\",\"https:\/\/x.com\/SeaAiGroup\",\"https:\/\/linkedin.com\/company\/sea-ai\",\"https:\/\/www.youtube.com\/channel\/UCgOTg9pmSXNYXGBMXlsGesw\",\"https:\/\/www.instagram.com\/Sea.AI.Group\/\"],\"description\":\"SEA.AI sets the benchmark in maritime machine vision, pioneering the use of artificial intelligence since 2018 to enhance safety, surveillance, and situational awareness at sea. The company develops and manufactures integrated systems combining optical and thermal sensors with proprietary AI, and provides maritime machine vision software compatible with third party cameras. SEA.AI solutions deliver automatic detection and classification of floating hazards, including people in the water for man overboard response, marine mammals to reduce the risk of strike, non cooperative vessels, and partially submerged objects that conventional systems cannot detect. By delivering real time visual alerts and actionable information on the bridge, the technology strengthens navigational safety, perimeter surveillance, and maritime security across recreational, commercial, governmental, and autonomous fleets.\",\"email\":\"contact@sea.ai\",\"legalName\":\"SEA.AI GmbH\",\"vatID\":\"ATU74570047\",\"numberOfEmployees\":{\"@type\":\"QuantitativeValue\",\"minValue\":\"51\",\"maxValue\":\"200\"}}]}<\/script>\n<!-- \/ Yoast SEO Premium plugin. -->","yoast_head_json":{"title":"SEA.AI Watchkeeper | D\u00e9tection maritime par l'IA","description":"Achetez SEA.AI Watchkeeper : syst\u00e8me anticollision IA avec imagerie thermique. D\u00e9tection d'obstacles 24h\/24. Commandez en ligne.","robots":{"index":"index","follow":"follow","max-snippet":"max-snippet:-1","max-image-preview":"max-image-preview:large","max-video-preview":"max-video-preview:-1"},"canonical":"https:\/\/www.sea.ai\/fr\/produit\/watchkeeper\/","og_locale":"fr_FR","og_type":"article","og_title":"SEA.AI Watchkeeper | D\u00e9tection maritime par l'IA","og_description":"Achetez SEA.AI Watchkeeper : syst\u00e8me anticollision IA avec imagerie thermique. D\u00e9tection d'obstacles 24h\/24. Commandez en ligne.","og_url":"https:\/\/www.sea.ai\/fr\/produit\/watchkeeper\/","og_site_name":"SEA.AI","article_publisher":"https:\/\/www.facebook.com\/SeaAiGroup","article_modified_time":"2026-02-17T15:30:49+00:00","og_image":[{"width":945,"height":531,"url":"https:\/\/www.sea.ai\/uploads\/2025\/09\/WK-White-Front-2.jpg","type":"image\/jpeg"}],"twitter_card":"summary_large_image","twitter_title":"Watchkeeper","twitter_site":"@SeaAiGroup","twitter_misc":{"Dur\u00e9e de lecture estim\u00e9e":"1 minute"},"schema":{"@context":"https:\/\/schema.org","@graph":[{"@type":"WebPage","@id":"https:\/\/www.sea.ai\/fr\/produit\/watchkeeper\/","url":"https:\/\/www.sea.ai\/fr\/produit\/watchkeeper\/","name":"SEA.AI Watchkeeper | D\u00e9tection maritime par l'IA","isPartOf":{"@id":"https:\/\/www.sea.ai\/fr\/#website"},"primaryImageOfPage":{"@id":"https:\/\/www.sea.ai\/fr\/produit\/watchkeeper\/#primaryimage"},"image":{"@id":"https:\/\/www.sea.ai\/fr\/produit\/watchkeeper\/#primaryimage"},"thumbnailUrl":"https:\/\/www.sea.ai\/uploads\/2025\/09\/WK-White-Front-2.jpg","datePublished":"2025-09-06T14:43:25+00:00","dateModified":"2026-02-17T15:30:49+00:00","description":"Achetez SEA.AI Watchkeeper : syst\u00e8me anticollision IA avec imagerie thermique. D\u00e9tection d'obstacles 24h\/24. Commandez en ligne.","breadcrumb":{"@id":"https:\/\/www.sea.ai\/fr\/produit\/watchkeeper\/#breadcrumb"},"inLanguage":"fr-FR","potentialAction":[{"@type":"ReadAction","target":["https:\/\/www.sea.ai\/fr\/produit\/watchkeeper\/"]}]},{"@type":"ImageObject","inLanguage":"fr-FR","@id":"https:\/\/www.sea.ai\/fr\/produit\/watchkeeper\/#primaryimage","url":"https:\/\/www.sea.ai\/uploads\/2025\/09\/WK-White-Front-2.jpg","contentUrl":"https:\/\/www.sea.ai\/uploads\/2025\/09\/WK-White-Front-2.jpg","width":945,"height":531,"caption":"Front View of Watchkeeper White"},{"@type":"BreadcrumbList","@id":"https:\/\/www.sea.ai\/fr\/produit\/watchkeeper\/#breadcrumb","itemListElement":[{"@type":"ListItem","position":1,"name":"Home","item":"https:\/\/www.sea.ai\/fr\/page-daccueil\/"},{"@type":"ListItem","position":2,"name":"Boutique","item":"https:\/\/www.sea.ai\/fr\/boutique\/"},{"@type":"ListItem","position":3,"name":"Watchkeeper"}]},{"@type":"WebSite","@id":"https:\/\/www.sea.ai\/fr\/#website","url":"https:\/\/www.sea.ai\/fr\/","name":"SEA.AI","description":"Machine Vision for Safety at Sea","publisher":{"@id":"https:\/\/www.sea.ai\/fr\/#organization"},"potentialAction":[{"@type":"SearchAction","target":{"@type":"EntryPoint","urlTemplate":"https:\/\/www.sea.ai\/fr\/?s={search_term_string}"},"query-input":{"@type":"PropertyValueSpecification","valueRequired":true,"valueName":"search_term_string"}}],"inLanguage":"fr-FR"},{"@type":"Organization","@id":"https:\/\/www.sea.ai\/fr\/#organization","name":"SEA.AI","url":"https:\/\/www.sea.ai\/fr\/","logo":{"@type":"ImageObject","inLanguage":"fr-FR","@id":"https:\/\/www.sea.ai\/fr\/#\/schema\/logo\/image\/","url":"https:\/\/www.sea.ai\/uploads\/2023\/02\/Cursor-black-RGB.jpg","contentUrl":"https:\/\/www.sea.ai\/uploads\/2023\/02\/Cursor-black-RGB.jpg","width":561,"height":561,"caption":"SEA.AI"},"image":{"@id":"https:\/\/www.sea.ai\/fr\/#\/schema\/logo\/image\/"},"sameAs":["https:\/\/www.facebook.com\/SeaAiGroup","https:\/\/x.com\/SeaAiGroup","https:\/\/linkedin.com\/company\/sea-ai","https:\/\/www.youtube.com\/channel\/UCgOTg9pmSXNYXGBMXlsGesw","https:\/\/www.instagram.com\/Sea.AI.Group\/"],"description":"SEA.AI sets the benchmark in maritime machine vision, pioneering the use of artificial intelligence since 2018 to enhance safety, surveillance, and situational awareness at sea. The company develops and manufactures integrated systems combining optical and thermal sensors with proprietary AI, and provides maritime machine vision software compatible with third party cameras. SEA.AI solutions deliver automatic detection and classification of floating hazards, including people in the water for man overboard response, marine mammals to reduce the risk of strike, non cooperative vessels, and partially submerged objects that conventional systems cannot detect. By delivering real time visual alerts and actionable information on the bridge, the technology strengthens navigational safety, perimeter surveillance, and maritime security across recreational, commercial, governmental, and autonomous fleets.","email":"contact@sea.ai","legalName":"SEA.AI GmbH","vatID":"ATU74570047","numberOfEmployees":{"@type":"QuantitativeValue","minValue":"51","maxValue":"200"}}]}},"_links":{"self":[{"href":"https:\/\/www.sea.ai\/fr\/wp-json\/wp\/v2\/product\/37836","targetHints":{"allow":["GET"]}}],"collection":[{"href":"https:\/\/www.sea.ai\/fr\/wp-json\/wp\/v2\/product"}],"about":[{"href":"https:\/\/www.sea.ai\/fr\/wp-json\/wp\/v2\/types\/product"}],"version-history":[{"count":0,"href":"https:\/\/www.sea.ai\/fr\/wp-json\/wp\/v2\/product\/37836\/revisions"}],"wp:featuredmedia":[{"embeddable":true,"href":"https:\/\/www.sea.ai\/fr\/wp-json\/wp\/v2\/media\/38815"}],"wp:attachment":[{"href":"https:\/\/www.sea.ai\/fr\/wp-json\/wp\/v2\/media?parent=37836"}],"wp:term":[{"taxonomy":"product_brand","embeddable":true,"href":"https:\/\/www.sea.ai\/fr\/wp-json\/wp\/v2\/product_brand?post=37836"},{"taxonomy":"product_cat","embeddable":true,"href":"https:\/\/www.sea.ai\/fr\/wp-json\/wp\/v2\/product_cat?post=37836"},{"taxonomy":"product_tag","embeddable":true,"href":"https:\/\/www.sea.ai\/fr\/wp-json\/wp\/v2\/product_tag?post=37836"}],"curies":[{"name":"wp","href":"https:\/\/api.w.org\/{rel}","templated":true}]}}