{"id":45663,"date":"2026-01-19T14:39:39","date_gmt":"2026-01-19T13:39:39","guid":{"rendered":"https:\/\/www.sea.ai\/?page_id=45663"},"modified":"2026-01-20T15:26:51","modified_gmt":"2026-01-20T14:26:51","slug":"demande-demo","status":"publish","type":"page","link":"https:\/\/www.sea.ai\/fr\/demande-demo\/","title":{"rendered":"Demander une d\u00e9mo en ligne"},"content":{"rendered":"\t\t<div data-elementor-type=\"wp-page\" data-elementor-id=\"45663\" class=\"elementor elementor-45663 elementor-45662\" data-elementor-post-type=\"page\">\n\t\t\t\t<div class=\"elementor-element elementor-element-caa97f1 e-flex e-con-boxed e-con e-parent\" data-id=\"caa97f1\" data-element_type=\"container\" data-settings=\"{&quot;background_background&quot;:&quot;classic&quot;,&quot;jet_parallax_layout_list&quot;:[]}\">\n\t\t\t\t\t<div class=\"e-con-inner\">\n\t\t<div class=\"elementor-element elementor-element-a24dd8f e-flex e-con-boxed e-con e-child\" data-id=\"a24dd8f\" data-element_type=\"container\" data-settings=\"{&quot;jet_parallax_layout_list&quot;:[]}\">\n\t\t\t\t\t<div class=\"e-con-inner\">\n\t\t\t\t<div class=\"elementor-element elementor-element-47b28a5 elementor-widget elementor-widget-heading\" data-id=\"47b28a5\" data-element_type=\"widget\" data-widget_type=\"heading.default\">\n\t\t\t\t<div class=\"elementor-widget-container\">\n\t\t\t\t\t<h1 class=\"elementor-heading-title elementor-size-default\">Demander une d\u00e9mo en ligne<\/h1>\t\t\t\t<\/div>\n\t\t\t\t<\/div>\n\t\t\t\t\t<\/div>\n\t\t\t\t<\/div>\n\t\t<div class=\"elementor-element elementor-element-bfc250b e-flex e-con-boxed e-con e-child\" data-id=\"bfc250b\" data-element_type=\"container\" data-settings=\"{&quot;jet_parallax_layout_list&quot;:[]}\">\n\t\t\t\t\t<div class=\"e-con-inner\">\n\t\t\t\t<div class=\"elementor-element elementor-element-ae593aa elementor-align-left elementor-widget elementor-widget-breadcrumbs\" data-id=\"ae593aa\" data-element_type=\"widget\" data-widget_type=\"breadcrumbs.default\">\n\t\t\t\t<div class=\"elementor-widget-container\">\n\t\t\t\t\t<p id=\"breadcrumbs\"><span><span><a href=\"https:\/\/www.sea.ai\/fr\/\">Home<\/a><\/span><\/span><\/p>\t\t\t\t<\/div>\n\t\t\t\t<\/div>\n\t\t\t\t\t<\/div>\n\t\t\t\t<\/div>\n\t\t\t\t\t<\/div>\n\t\t\t\t<\/div>\n\t\t<div class=\"elementor-element elementor-element-a1af271 e-con-full e-flex e-con e-parent\" data-id=\"a1af271\" data-element_type=\"container\" data-settings=\"{&quot;background_background&quot;:&quot;classic&quot;,&quot;jet_parallax_layout_list&quot;:[]}\">\n\t\t<div class=\"elementor-element elementor-element-0662c77 e-con-full e-flex e-con e-child\" data-id=\"0662c77\" data-element_type=\"container\" data-settings=\"{&quot;background_background&quot;:&quot;classic&quot;,&quot;jet_parallax_layout_list&quot;:[]}\">\n\t\t\t\t<div class=\"elementor-element elementor-element-019fda2 elementor-widget elementor-widget-html\" data-id=\"019fda2\" data-element_type=\"widget\" data-widget_type=\"html.default\">\n\t\t\t\t<div class=\"elementor-widget-container\">\n\t\t\t\t\t<div data-form-id=\"33c4bfa7-38f5-f011-8406-000d3a680288\" data-form-api-url=\"https:\/\/public-eur.mkt.dynamics.com\/api\/v1.0\/orgs\/94fbd127-9b8c-4f9e-96d4-f6f6e7131827\/landingpageforms\" data-cached-form-url=\"https:\/\/assets-eur.mkt.dynamics.com\/94fbd127-9b8c-4f9e-96d4-f6f6e7131827\/digitalassets\/forms\/33c4bfa7-38f5-f011-8406-000d3a680288\"><\/div>\n<script src=\"https:\/\/cxppusa1formui01cdnsa01-endpoint.azureedge.net\/eur\/FormLoader\/FormLoader.bundle.js\"><\/script>\t\t\t\t<\/div>\n\t\t\t\t<\/div>\n\t\t\t\t<\/div>\n\t\t<div data-dce-background-image-url=\"https:\/\/www.sea.ai\/uploads\/2024\/11\/image_contact.jpg\" class=\"elementor-element elementor-element-6cfbc01 e-con-full elementor-hidden-tablet elementor-hidden-mobile e-flex e-con e-child\" data-id=\"6cfbc01\" data-element_type=\"container\" data-settings=\"{&quot;jet_parallax_layout_list&quot;:[],&quot;background_background&quot;:&quot;classic&quot;}\">\n\t\t\t\t<\/div>\n\t\t\t\t<\/div>\n\t\t<div class=\"elementor-element elementor-element-2f0642a e-con-full e-flex e-con e-parent\" data-id=\"2f0642a\" data-element_type=\"container\" data-settings=\"{&quot;background_background&quot;:&quot;classic&quot;,&quot;jet_parallax_layout_list&quot;:[]}\">\n\t\t<div data-dce-background-color=\"#061127\" class=\"elementor-element elementor-element-1c28761 e-con-full e-flex e-con e-child\" data-id=\"1c28761\" data-element_type=\"container\" data-settings=\"{&quot;background_background&quot;:&quot;classic&quot;,&quot;jet_parallax_layout_list&quot;:[]}\">\n\t\t<div class=\"elementor-element elementor-element-25f7102 e-con-full e-flex e-con e-child\" data-id=\"25f7102\" data-element_type=\"container\" data-settings=\"{&quot;jet_parallax_layout_list&quot;:[]}\">\n\t\t\t\t<div class=\"elementor-element elementor-element-f52f0f9 elementor-view-default elementor-widget elementor-widget-icon\" data-id=\"f52f0f9\" data-element_type=\"widget\" data-widget_type=\"icon.default\">\n\t\t\t\t<div class=\"elementor-widget-container\">\n\t\t\t\t\t\t\t<div class=\"elementor-icon-wrapper\">\n\t\t\t<div class=\"elementor-icon\">\n\t\t\t<svg xmlns=\"http:\/\/www.w3.org\/2000\/svg\" xmlns:xlink=\"http:\/\/www.w3.org\/1999\/xlink\" id=\"light\" x=\"0px\" y=\"0px\" viewBox=\"0 0 200 200\" style=\"enable-background:new 0 0 200 200;\" xml:space=\"preserve\"><style type=\"text\/css\">\t.st0{fill:#DFDED9;}<\/style><path class=\"st0\" d=\"M169.6,53.9c0-1-0.4-2-1.1-2.7h0c-0.7-0.7-1.7-1.1-2.7-1.1h0H34.3c-0.8,0.2-2,0.4-2.7,1.1 c-0.7,0.7-1.1,1.7-1.1,2.7v92.3c0,1,0.4,2,1.1,2.7c0.7,0.7,1.7,1.1,2.7,1.1h0l131.4,0h0c1,0,2-0.4,2.7-1.1s1.1-1.7,1.1-2.7 L169.6,53.9z M100,101.6L46,57.8h108L100,101.6z M38.2,142.3V61.3l59.7,48.4c0.4,0.3,0.8,0.4,1.3,0.5c0,0,0.1,0,0.1,0 c0.2,0,0.4,0,0.5,0.1c0.1,0,0.2,0,0.2,0c0.1,0,0.3,0,0.4,0c0.1,0,0.3,0,0.4,0c0.1,0,0.2,0,0.2-0.1c0.2,0,0.3-0.1,0.5-0.2 c0,0,0.1,0,0.1,0c0.2-0.1,0.4-0.2,0.5-0.3l59.7-48.4l0,80.9L38.2,142.3z\"><\/path><\/svg>\t\t\t<\/div>\n\t\t<\/div>\n\t\t\t\t\t\t<\/div>\n\t\t\t\t<\/div>\n\t\t\t\t<\/div>\n\t\t<div class=\"elementor-element elementor-element-59a1271 e-flex e-con-boxed e-con e-child\" data-id=\"59a1271\" data-element_type=\"container\" data-settings=\"{&quot;jet_parallax_layout_list&quot;:[]}\">\n\t\t\t\t\t<div class=\"e-con-inner\">\n\t\t\t\t<div class=\"elementor-element elementor-element-2256491 elementor-cta--skin-cover elementor-cta--valign-bottom elementor-animated-content elementor-widget elementor-widget-call-to-action\" data-id=\"2256491\" data-element_type=\"widget\" data-widget_type=\"call-to-action.default\">\n\t\t\t\t<div class=\"elementor-widget-container\">\n\t\t\t\t\t\t\t<div class=\"elementor-cta\">\n\t\t\t\t\t<div class=\"elementor-cta__bg-wrapper\">\n\t\t\t\t<div class=\"elementor-cta__bg elementor-bg\" style=\"background-image: url();\" role=\"img\" aria-label=\"\"><\/div>\n\t\t\t\t<div class=\"elementor-cta__bg-overlay\"><\/div>\n\t\t\t<\/div>\n\t\t\t\t\t\t\t<div class=\"elementor-cta__content\">\n\t\t\t\t\n\t\t\t\t\t\t\t\t\t<h2 class=\"elementor-cta__title elementor-cta__content-item elementor-content-item elementor-animated-item--move-up\">\n\t\t\t\t\t\tRenseignements sur les ventes\t\t\t\t\t<\/h2>\n\t\t\t\t\n\t\t\t\t\t\t\t\t\t<div class=\"elementor-cta__description elementor-cta__content-item elementor-content-item elementor-animated-item--move-up\">\n\t\t\t\t\t\tVous souhaitez en savoir plus sur les syst\u00e8mes SEA.AI ou demander un devis ?\nContactez notre \u00e9quipe commerciale \u00e0 l'adresse <a style=\"color:#fff\" href=\"mailto:sales@sea.ai\">sales@sea.ai <\/a>.\t\t\t\t\t<\/div>\n\t\t\t\t\n\t\t\t\t\t\t\t<\/div>\n\t\t\t\t\t\t<\/div>\n\t\t\t\t\t\t<\/div>\n\t\t\t\t<\/div>\n\t\t\t\t\t<\/div>\n\t\t\t\t<\/div>\n\t\t\t\t<\/div>\n\t\t<div class=\"elementor-element elementor-element-03d5c2f e-con-full e-flex e-con e-child\" data-id=\"03d5c2f\" data-element_type=\"container\" data-settings=\"{&quot;background_background&quot;:&quot;classic&quot;,&quot;jet_parallax_layout_list&quot;:[]}\">\n\t\t<div class=\"elementor-element elementor-element-e14df1f e-con-full e-flex e-con e-child\" data-id=\"e14df1f\" data-element_type=\"container\" data-settings=\"{&quot;jet_parallax_layout_list&quot;:[]}\">\n\t\t\t\t<div class=\"elementor-element elementor-element-074ecf3 elementor-view-default elementor-widget elementor-widget-icon\" data-id=\"074ecf3\" data-element_type=\"widget\" data-widget_type=\"icon.default\">\n\t\t\t\t<div class=\"elementor-widget-container\">\n\t\t\t\t\t\t\t<div class=\"elementor-icon-wrapper\">\n\t\t\t<div class=\"elementor-icon\">\n\t\t\t<svg xmlns=\"http:\/\/www.w3.org\/2000\/svg\" xmlns:xlink=\"http:\/\/www.w3.org\/1999\/xlink\" id=\"light\" x=\"0px\" y=\"0px\" viewBox=\"0 0 200 200\" style=\"enable-background:new 0 0 200 200;\" xml:space=\"preserve\"><style type=\"text\/css\">\t.st0{fill:#DFDED9;}<\/style><path class=\"st0\" d=\"M169.6,53.9c0-1-0.4-2-1.1-2.7h0c-0.7-0.7-1.7-1.1-2.7-1.1h0H34.3c-0.8,0.2-2,0.4-2.7,1.1 c-0.7,0.7-1.1,1.7-1.1,2.7v92.3c0,1,0.4,2,1.1,2.7c0.7,0.7,1.7,1.1,2.7,1.1h0l131.4,0h0c1,0,2-0.4,2.7-1.1s1.1-1.7,1.1-2.7 L169.6,53.9z M100,101.6L46,57.8h108L100,101.6z M38.2,142.3V61.3l59.7,48.4c0.4,0.3,0.8,0.4,1.3,0.5c0,0,0.1,0,0.1,0 c0.2,0,0.4,0,0.5,0.1c0.1,0,0.2,0,0.2,0c0.1,0,0.3,0,0.4,0c0.1,0,0.3,0,0.4,0c0.1,0,0.2,0,0.2-0.1c0.2,0,0.3-0.1,0.5-0.2 c0,0,0.1,0,0.1,0c0.2-0.1,0.4-0.2,0.5-0.3l59.7-48.4l0,80.9L38.2,142.3z\"><\/path><\/svg>\t\t\t<\/div>\n\t\t<\/div>\n\t\t\t\t\t\t<\/div>\n\t\t\t\t<\/div>\n\t\t\t\t<\/div>\n\t\t<div class=\"elementor-element elementor-element-f476742 e-flex e-con-boxed e-con e-child\" data-id=\"f476742\" data-element_type=\"container\" data-settings=\"{&quot;jet_parallax_layout_list&quot;:[]}\">\n\t\t\t\t\t<div class=\"e-con-inner\">\n\t\t\t\t<div class=\"elementor-element elementor-element-8c39a4f elementor-cta--skin-cover elementor-cta--valign-bottom elementor-animated-content elementor-widget elementor-widget-call-to-action\" data-id=\"8c39a4f\" data-element_type=\"widget\" data-widget_type=\"call-to-action.default\">\n\t\t\t\t<div class=\"elementor-widget-container\">\n\t\t\t\t\t\t\t<div class=\"elementor-cta\">\n\t\t\t\t\t<div class=\"elementor-cta__bg-wrapper\">\n\t\t\t\t<div class=\"elementor-cta__bg elementor-bg\" style=\"background-image: url();\" role=\"img\" aria-label=\"\"><\/div>\n\t\t\t\t<div class=\"elementor-cta__bg-overlay\"><\/div>\n\t\t\t<\/div>\n\t\t\t\t\t\t\t<div class=\"elementor-cta__content\">\n\t\t\t\t\n\t\t\t\t\t\t\t\t\t<h2 class=\"elementor-cta__title elementor-cta__content-item elementor-content-item elementor-animated-item--move-up\">\n\t\t\t\t\t\tDemandes d'assistance\t\t\t\t\t<\/h2>\n\t\t\t\t\n\t\t\t\t\t\t\t\t\t<div class=\"elementor-cta__description elementor-cta__content-item elementor-content-item elementor-animated-item--move-up\">\n\t\t\t\t\t\tVous avez besoin d'une assistance technique ou d'une aide pour votre syst\u00e8me SEA.AI ?\nContactez notre \u00e9quipe d'assistance \u00e0 l'adresse <a style=\"color:#fff\" href=\"mailto:service@sea.ai\">service@sea.ai<\/a> ou via <a style=\"color:#fff\" href=\"https:\/\/wa.me\/message\/PIQQ7M4CTKGHP1\" target=\"_blank\">WhatsApp.<\/a>\n\t\t\t\t\t<\/div>\n\t\t\t\t\n\t\t\t\t\t\t\t<\/div>\n\t\t\t\t\t\t<\/div>\n\t\t\t\t\t\t<\/div>\n\t\t\t\t<\/div>\n\t\t\t\t\t<\/div>\n\t\t\t\t<\/div>\n\t\t\t\t<\/div>\n\t\t<div class=\"elementor-element elementor-element-4f26306 e-con-full e-flex e-con e-child\" data-id=\"4f26306\" data-element_type=\"container\" data-settings=\"{&quot;background_background&quot;:&quot;classic&quot;,&quot;jet_parallax_layout_list&quot;:[]}\">\n\t\t<div class=\"elementor-element elementor-element-a12c8ac e-con-full e-flex e-con e-child\" data-id=\"a12c8ac\" data-element_type=\"container\" data-settings=\"{&quot;jet_parallax_layout_list&quot;:[]}\">\n\t\t\t\t<div class=\"elementor-element elementor-element-ceb7de4 elementor-view-default elementor-widget elementor-widget-icon\" data-id=\"ceb7de4\" data-element_type=\"widget\" data-widget_type=\"icon.default\">\n\t\t\t\t<div class=\"elementor-widget-container\">\n\t\t\t\t\t\t\t<div class=\"elementor-icon-wrapper\">\n\t\t\t<div class=\"elementor-icon\">\n\t\t\t<svg xmlns=\"http:\/\/www.w3.org\/2000\/svg\" xmlns:xlink=\"http:\/\/www.w3.org\/1999\/xlink\" id=\"light\" x=\"0px\" y=\"0px\" viewBox=\"0 0 200 200\" style=\"enable-background:new 0 0 200 200;\" xml:space=\"preserve\"><style type=\"text\/css\">\t.st0{fill:#DFDED9;}<\/style><path class=\"st0\" d=\"M169.6,53.9c0-1-0.4-2-1.1-2.7h0c-0.7-0.7-1.7-1.1-2.7-1.1h0H34.3c-0.8,0.2-2,0.4-2.7,1.1 c-0.7,0.7-1.1,1.7-1.1,2.7v92.3c0,1,0.4,2,1.1,2.7c0.7,0.7,1.7,1.1,2.7,1.1h0l131.4,0h0c1,0,2-0.4,2.7-1.1s1.1-1.7,1.1-2.7 L169.6,53.9z M100,101.6L46,57.8h108L100,101.6z M38.2,142.3V61.3l59.7,48.4c0.4,0.3,0.8,0.4,1.3,0.5c0,0,0.1,0,0.1,0 c0.2,0,0.4,0,0.5,0.1c0.1,0,0.2,0,0.2,0c0.1,0,0.3,0,0.4,0c0.1,0,0.3,0,0.4,0c0.1,0,0.2,0,0.2-0.1c0.2,0,0.3-0.1,0.5-0.2 c0,0,0.1,0,0.1,0c0.2-0.1,0.4-0.2,0.5-0.3l59.7-48.4l0,80.9L38.2,142.3z\"><\/path><\/svg>\t\t\t<\/div>\n\t\t<\/div>\n\t\t\t\t\t\t<\/div>\n\t\t\t\t<\/div>\n\t\t\t\t<\/div>\n\t\t<div class=\"elementor-element elementor-element-512dea7 e-flex e-con-boxed e-con e-child\" data-id=\"512dea7\" data-element_type=\"container\" data-settings=\"{&quot;jet_parallax_layout_list&quot;:[]}\">\n\t\t\t\t\t<div class=\"e-con-inner\">\n\t\t\t\t<div class=\"elementor-element elementor-element-068c653 elementor-cta--skin-cover elementor-cta--valign-bottom elementor-animated-content elementor-widget elementor-widget-call-to-action\" data-id=\"068c653\" data-element_type=\"widget\" data-widget_type=\"call-to-action.default\">\n\t\t\t\t<div class=\"elementor-widget-container\">\n\t\t\t\t\t\t\t<div class=\"elementor-cta\">\n\t\t\t\t\t<div class=\"elementor-cta__bg-wrapper\">\n\t\t\t\t<div class=\"elementor-cta__bg elementor-bg\" style=\"background-image: url();\" role=\"img\" aria-label=\"\"><\/div>\n\t\t\t\t<div class=\"elementor-cta__bg-overlay\"><\/div>\n\t\t\t<\/div>\n\t\t\t\t\t\t\t<div class=\"elementor-cta__content\">\n\t\t\t\t\n\t\t\t\t\t\t\t\t\t<h2 class=\"elementor-cta__title elementor-cta__content-item elementor-content-item elementor-animated-item--move-up\">\n\t\t\t\t\t\tRenseignements m\u00e9dias\t\t\t\t\t<\/h2>\n\t\t\t\t\n\t\t\t\t\t\t\t\t\t<div class=\"elementor-cta__description elementor-cta__content-item elementor-content-item elementor-animated-item--move-up\">\n\t\t\t\t\t\tVous cherchez des informations, des atouts ou une possibilit\u00e9 d'entretien ?\nContactez notre \u00e9quipe de communication \u00e0 l'adresse <a style=\"color:#fff\" href=\"mailto:communication@sea.ai\">communication@sea.ai<\/a>.\t\t\t\t\t<\/div>\n\t\t\t\t\n\t\t\t\t\t\t\t<\/div>\n\t\t\t\t\t\t<\/div>\n\t\t\t\t\t\t<\/div>\n\t\t\t\t<\/div>\n\t\t\t\t\t<\/div>\n\t\t\t\t<\/div>\n\t\t\t\t<\/div>\n\t\t\t\t<\/div>\n\t\t\t\t<\/div>\n\t\t","protected":false},"excerpt":{"rendered":"<p>Demander une d\u00e9mo en ligne Renseignements sur les ventes Vous souhaitez en savoir plus sur les syst\u00e8mes SEA.AI ou demander un devis ? Contactez notre \u00e9quipe commerciale \u00e0 l&rsquo;adresse sales@sea.ai . Demandes d&rsquo;assistance Vous avez besoin d&rsquo;une assistance technique ou d&rsquo;une aide pour votre syst\u00e8me SEA.AI ? Contactez notre \u00e9quipe d&rsquo;assistance \u00e0 l&rsquo;adresse service@sea.ai ou [&hellip;]<\/p>\n","protected":false},"author":50,"featured_media":33510,"parent":0,"menu_order":0,"comment_status":"closed","ping_status":"closed","template":"","meta":{"_acf_changed":false,"footnotes":""},"class_list":["post-45663","page","type-page","status-publish","has-post-thumbnail","hentry"],"acf":[],"yoast_head":"<!-- This site is optimized with the Yoast SEO Premium plugin v27.0 (Yoast SEO v27.0) - https:\/\/yoast.com\/product\/yoast-seo-premium-wordpress\/ -->\n<title>Demandez une d\u00e9mo en ligne des syst\u00e8mes SEA.AI<\/title>\n<meta name=\"description\" content=\"Demandez une d\u00e9mo de nos syst\u00e8mes de vision maritime pour voir comment notre technologie d&#039;IA am\u00e9liore la s\u00e9curit\u00e9 en mer.\" \/>\n<meta name=\"robots\" content=\"index, follow, max-snippet:-1, max-image-preview:large, max-video-preview:-1\" \/>\n<link rel=\"canonical\" href=\"https:\/\/www.sea.ai\/fr\/demande-demo\/\" \/>\n<meta property=\"og:locale\" content=\"fr_FR\" \/>\n<meta property=\"og:type\" content=\"article\" \/>\n<meta property=\"og:title\" content=\"Demandez une d\u00e9mo en ligne des syst\u00e8mes SEA.AI\" \/>\n<meta property=\"og:description\" content=\"Demandez une d\u00e9mo de nos syst\u00e8mes de vision maritime pour voir comment notre technologie d&#039;IA am\u00e9liore la s\u00e9curit\u00e9 en mer.\" \/>\n<meta property=\"og:url\" content=\"https:\/\/www.sea.ai\/fr\/demande-demo\/\" \/>\n<meta property=\"og:site_name\" content=\"SEA.AI\" \/>\n<meta property=\"article:publisher\" content=\"https:\/\/www.facebook.com\/SeaAiGroup\" \/>\n<meta property=\"article:modified_time\" content=\"2026-01-20T14:26:51+00:00\" \/>\n<meta property=\"og:image\" content=\"https:\/\/www.sea.ai\/uploads\/2025\/05\/Generic.jpg\" \/>\n\t<meta property=\"og:image:width\" content=\"1200\" \/>\n\t<meta property=\"og:image:height\" content=\"630\" \/>\n\t<meta property=\"og:image:type\" content=\"image\/jpeg\" \/>\n<meta name=\"twitter:card\" content=\"summary_large_image\" \/>\n<meta name=\"twitter:title\" content=\"Demander une d\u00e9mo en ligne\" \/>\n<meta name=\"twitter:site\" content=\"@SeaAiGroup\" \/>\n<meta name=\"twitter:label1\" content=\"Dur\u00e9e de lecture estim\u00e9e\" \/>\n\t<meta name=\"twitter:data1\" content=\"2 minutes\" \/>\n<script type=\"application\/ld+json\" class=\"yoast-schema-graph\">{\"@context\":\"https:\/\/schema.org\",\"@graph\":[{\"@type\":\"WebPage\",\"@id\":\"https:\/\/www.sea.ai\/fr\/demande-demo\/\",\"url\":\"https:\/\/www.sea.ai\/fr\/demande-demo\/\",\"name\":\"Demandez une d\u00e9mo en ligne des syst\u00e8mes SEA.AI\",\"isPartOf\":{\"@id\":\"https:\/\/www.sea.ai\/fr\/#website\"},\"primaryImageOfPage\":{\"@id\":\"https:\/\/www.sea.ai\/fr\/demande-demo\/#primaryimage\"},\"image\":{\"@id\":\"https:\/\/www.sea.ai\/fr\/demande-demo\/#primaryimage\"},\"thumbnailUrl\":\"https:\/\/www.sea.ai\/uploads\/2025\/05\/Generic.jpg\",\"datePublished\":\"2026-01-19T13:39:39+00:00\",\"dateModified\":\"2026-01-20T14:26:51+00:00\",\"description\":\"Demandez une d\u00e9mo de nos syst\u00e8mes de vision maritime pour voir comment notre technologie d'IA am\u00e9liore la s\u00e9curit\u00e9 en mer.\",\"breadcrumb\":{\"@id\":\"https:\/\/www.sea.ai\/fr\/demande-demo\/#breadcrumb\"},\"inLanguage\":\"fr-FR\",\"potentialAction\":[{\"@type\":\"ReadAction\",\"target\":[\"https:\/\/www.sea.ai\/fr\/demande-demo\/\"]}]},{\"@type\":\"ImageObject\",\"inLanguage\":\"fr-FR\",\"@id\":\"https:\/\/www.sea.ai\/fr\/demande-demo\/#primaryimage\",\"url\":\"https:\/\/www.sea.ai\/uploads\/2025\/05\/Generic.jpg\",\"contentUrl\":\"https:\/\/www.sea.ai\/uploads\/2025\/05\/Generic.jpg\",\"width\":1200,\"height\":630,\"caption\":\"SEA.AI - Machine Vision to detect objects at sea and avoid collisions\"},{\"@type\":\"BreadcrumbList\",\"@id\":\"https:\/\/www.sea.ai\/fr\/demande-demo\/#breadcrumb\",\"itemListElement\":[{\"@type\":\"ListItem\",\"position\":1,\"name\":\"Home\",\"item\":\"https:\/\/www.sea.ai\/fr\/\"},{\"@type\":\"ListItem\",\"position\":2,\"name\":\"Demander une d\u00e9mo en ligne\"}]},{\"@type\":\"WebSite\",\"@id\":\"https:\/\/www.sea.ai\/fr\/#website\",\"url\":\"https:\/\/www.sea.ai\/fr\/\",\"name\":\"SEA.AI\",\"description\":\"Machine Vision for Safety at Sea\",\"publisher\":{\"@id\":\"https:\/\/www.sea.ai\/fr\/#organization\"},\"potentialAction\":[{\"@type\":\"SearchAction\",\"target\":{\"@type\":\"EntryPoint\",\"urlTemplate\":\"https:\/\/www.sea.ai\/fr\/?s={search_term_string}\"},\"query-input\":{\"@type\":\"PropertyValueSpecification\",\"valueRequired\":true,\"valueName\":\"search_term_string\"}}],\"inLanguage\":\"fr-FR\"},{\"@type\":\"Organization\",\"@id\":\"https:\/\/www.sea.ai\/fr\/#organization\",\"name\":\"SEA.AI\",\"url\":\"https:\/\/www.sea.ai\/fr\/\",\"logo\":{\"@type\":\"ImageObject\",\"inLanguage\":\"fr-FR\",\"@id\":\"https:\/\/www.sea.ai\/fr\/#\/schema\/logo\/image\/\",\"url\":\"https:\/\/www.sea.ai\/uploads\/2023\/02\/Cursor-black-RGB.jpg\",\"contentUrl\":\"https:\/\/www.sea.ai\/uploads\/2023\/02\/Cursor-black-RGB.jpg\",\"width\":561,\"height\":561,\"caption\":\"SEA.AI\"},\"image\":{\"@id\":\"https:\/\/www.sea.ai\/fr\/#\/schema\/logo\/image\/\"},\"sameAs\":[\"https:\/\/www.facebook.com\/SeaAiGroup\",\"https:\/\/x.com\/SeaAiGroup\",\"https:\/\/linkedin.com\/company\/sea-ai\",\"https:\/\/www.youtube.com\/channel\/UCgOTg9pmSXNYXGBMXlsGesw\",\"https:\/\/www.instagram.com\/Sea.AI.Group\/\"],\"description\":\"SEA.AI sets the benchmark in maritime machine vision, pioneering the use of artificial intelligence since 2018 to enhance safety, surveillance, and situational awareness at sea. The company develops and manufactures integrated systems combining optical and thermal sensors with proprietary AI, and provides maritime machine vision software compatible with third party cameras. SEA.AI solutions deliver automatic detection and classification of floating hazards, including people in the water for man overboard response, marine mammals to reduce the risk of strike, non cooperative vessels, and partially submerged objects that conventional systems cannot detect. By delivering real time visual alerts and actionable information on the bridge, the technology strengthens navigational safety, perimeter surveillance, and maritime security across recreational, commercial, governmental, and autonomous fleets.\",\"email\":\"contact@sea.ai\",\"legalName\":\"SEA.AI GmbH\",\"vatID\":\"ATU74570047\",\"numberOfEmployees\":{\"@type\":\"QuantitativeValue\",\"minValue\":\"51\",\"maxValue\":\"200\"}}]}<\/script>\n<!-- \/ Yoast SEO Premium plugin. -->","yoast_head_json":{"title":"Demandez une d\u00e9mo en ligne des syst\u00e8mes SEA.AI","description":"Demandez une d\u00e9mo de nos syst\u00e8mes de vision maritime pour voir comment notre technologie d'IA am\u00e9liore la s\u00e9curit\u00e9 en mer.","robots":{"index":"index","follow":"follow","max-snippet":"max-snippet:-1","max-image-preview":"max-image-preview:large","max-video-preview":"max-video-preview:-1"},"canonical":"https:\/\/www.sea.ai\/fr\/demande-demo\/","og_locale":"fr_FR","og_type":"article","og_title":"Demandez une d\u00e9mo en ligne des syst\u00e8mes SEA.AI","og_description":"Demandez une d\u00e9mo de nos syst\u00e8mes de vision maritime pour voir comment notre technologie d'IA am\u00e9liore la s\u00e9curit\u00e9 en mer.","og_url":"https:\/\/www.sea.ai\/fr\/demande-demo\/","og_site_name":"SEA.AI","article_publisher":"https:\/\/www.facebook.com\/SeaAiGroup","article_modified_time":"2026-01-20T14:26:51+00:00","og_image":[{"width":1200,"height":630,"url":"https:\/\/www.sea.ai\/uploads\/2025\/05\/Generic.jpg","type":"image\/jpeg"}],"twitter_card":"summary_large_image","twitter_title":"Demander une d\u00e9mo en ligne","twitter_site":"@SeaAiGroup","twitter_misc":{"Dur\u00e9e de lecture estim\u00e9e":"2 minutes"},"schema":{"@context":"https:\/\/schema.org","@graph":[{"@type":"WebPage","@id":"https:\/\/www.sea.ai\/fr\/demande-demo\/","url":"https:\/\/www.sea.ai\/fr\/demande-demo\/","name":"Demandez une d\u00e9mo en ligne des syst\u00e8mes SEA.AI","isPartOf":{"@id":"https:\/\/www.sea.ai\/fr\/#website"},"primaryImageOfPage":{"@id":"https:\/\/www.sea.ai\/fr\/demande-demo\/#primaryimage"},"image":{"@id":"https:\/\/www.sea.ai\/fr\/demande-demo\/#primaryimage"},"thumbnailUrl":"https:\/\/www.sea.ai\/uploads\/2025\/05\/Generic.jpg","datePublished":"2026-01-19T13:39:39+00:00","dateModified":"2026-01-20T14:26:51+00:00","description":"Demandez une d\u00e9mo de nos syst\u00e8mes de vision maritime pour voir comment notre technologie d'IA am\u00e9liore la s\u00e9curit\u00e9 en mer.","breadcrumb":{"@id":"https:\/\/www.sea.ai\/fr\/demande-demo\/#breadcrumb"},"inLanguage":"fr-FR","potentialAction":[{"@type":"ReadAction","target":["https:\/\/www.sea.ai\/fr\/demande-demo\/"]}]},{"@type":"ImageObject","inLanguage":"fr-FR","@id":"https:\/\/www.sea.ai\/fr\/demande-demo\/#primaryimage","url":"https:\/\/www.sea.ai\/uploads\/2025\/05\/Generic.jpg","contentUrl":"https:\/\/www.sea.ai\/uploads\/2025\/05\/Generic.jpg","width":1200,"height":630,"caption":"SEA.AI - Machine Vision to detect objects at sea and avoid collisions"},{"@type":"BreadcrumbList","@id":"https:\/\/www.sea.ai\/fr\/demande-demo\/#breadcrumb","itemListElement":[{"@type":"ListItem","position":1,"name":"Home","item":"https:\/\/www.sea.ai\/fr\/"},{"@type":"ListItem","position":2,"name":"Demander une d\u00e9mo en ligne"}]},{"@type":"WebSite","@id":"https:\/\/www.sea.ai\/fr\/#website","url":"https:\/\/www.sea.ai\/fr\/","name":"SEA.AI","description":"Machine Vision for Safety at Sea","publisher":{"@id":"https:\/\/www.sea.ai\/fr\/#organization"},"potentialAction":[{"@type":"SearchAction","target":{"@type":"EntryPoint","urlTemplate":"https:\/\/www.sea.ai\/fr\/?s={search_term_string}"},"query-input":{"@type":"PropertyValueSpecification","valueRequired":true,"valueName":"search_term_string"}}],"inLanguage":"fr-FR"},{"@type":"Organization","@id":"https:\/\/www.sea.ai\/fr\/#organization","name":"SEA.AI","url":"https:\/\/www.sea.ai\/fr\/","logo":{"@type":"ImageObject","inLanguage":"fr-FR","@id":"https:\/\/www.sea.ai\/fr\/#\/schema\/logo\/image\/","url":"https:\/\/www.sea.ai\/uploads\/2023\/02\/Cursor-black-RGB.jpg","contentUrl":"https:\/\/www.sea.ai\/uploads\/2023\/02\/Cursor-black-RGB.jpg","width":561,"height":561,"caption":"SEA.AI"},"image":{"@id":"https:\/\/www.sea.ai\/fr\/#\/schema\/logo\/image\/"},"sameAs":["https:\/\/www.facebook.com\/SeaAiGroup","https:\/\/x.com\/SeaAiGroup","https:\/\/linkedin.com\/company\/sea-ai","https:\/\/www.youtube.com\/channel\/UCgOTg9pmSXNYXGBMXlsGesw","https:\/\/www.instagram.com\/Sea.AI.Group\/"],"description":"SEA.AI sets the benchmark in maritime machine vision, pioneering the use of artificial intelligence since 2018 to enhance safety, surveillance, and situational awareness at sea. The company develops and manufactures integrated systems combining optical and thermal sensors with proprietary AI, and provides maritime machine vision software compatible with third party cameras. SEA.AI solutions deliver automatic detection and classification of floating hazards, including people in the water for man overboard response, marine mammals to reduce the risk of strike, non cooperative vessels, and partially submerged objects that conventional systems cannot detect. By delivering real time visual alerts and actionable information on the bridge, the technology strengthens navigational safety, perimeter surveillance, and maritime security across recreational, commercial, governmental, and autonomous fleets.","email":"contact@sea.ai","legalName":"SEA.AI GmbH","vatID":"ATU74570047","numberOfEmployees":{"@type":"QuantitativeValue","minValue":"51","maxValue":"200"}}]}},"_links":{"self":[{"href":"https:\/\/www.sea.ai\/fr\/wp-json\/wp\/v2\/pages\/45663","targetHints":{"allow":["GET"]}}],"collection":[{"href":"https:\/\/www.sea.ai\/fr\/wp-json\/wp\/v2\/pages"}],"about":[{"href":"https:\/\/www.sea.ai\/fr\/wp-json\/wp\/v2\/types\/page"}],"author":[{"embeddable":true,"href":"https:\/\/www.sea.ai\/fr\/wp-json\/wp\/v2\/users\/50"}],"replies":[{"embeddable":true,"href":"https:\/\/www.sea.ai\/fr\/wp-json\/wp\/v2\/comments?post=45663"}],"version-history":[{"count":2,"href":"https:\/\/www.sea.ai\/fr\/wp-json\/wp\/v2\/pages\/45663\/revisions"}],"predecessor-version":[{"id":45741,"href":"https:\/\/www.sea.ai\/fr\/wp-json\/wp\/v2\/pages\/45663\/revisions\/45741"}],"wp:featuredmedia":[{"embeddable":true,"href":"https:\/\/www.sea.ai\/fr\/wp-json\/wp\/v2\/media\/33510"}],"wp:attachment":[{"href":"https:\/\/www.sea.ai\/fr\/wp-json\/wp\/v2\/media?parent=45663"}],"curies":[{"name":"wp","href":"https:\/\/api.w.org\/{rel}","templated":true}]}}