{"id":42366,"date":"2025-12-03T12:34:13","date_gmt":"2025-12-03T11:34:13","guid":{"rendered":"https:\/\/www.sea.ai\/?page_id=42366"},"modified":"2025-12-09T13:22:37","modified_gmt":"2025-12-09T12:22:37","slug":"sentry-en-action","status":"publish","type":"page","link":"https:\/\/www.sea.ai\/fr\/produit-sentry\/sentry-en-action\/","title":{"rendered":"SEA.AI Sentry en action"},"content":{"rendered":"\t\t<div data-elementor-type=\"wp-page\" data-elementor-id=\"42366\" class=\"elementor elementor-42366 elementor-42365\" data-elementor-post-type=\"page\">\n\t\t\t\t<div class=\"elementor-element elementor-element-9b197da e-con-full e-flex e-con e-parent\" data-id=\"9b197da\" data-element_type=\"container\" data-settings=\"{&quot;background_background&quot;:&quot;classic&quot;,&quot;jet_parallax_layout_list&quot;:[]}\">\n\t\t<div data-dce-background-color=\"#061127\" data-dce-background-overlay-color=\"#06112747\" data-dce-background-image-url=\"https:\/\/www.sea.ai\/uploads\/2025\/12\/\u00a9SEA.AI_Sentry_MY_LadyJade_20250528142755_0005_D-1536x866.jpg\" class=\"elementor-element elementor-element-7ff13fa e-con-full e-flex e-con e-child\" data-id=\"7ff13fa\" data-element_type=\"container\" data-settings=\"{&quot;background_background&quot;:&quot;classic&quot;,&quot;jet_parallax_layout_list&quot;:[]}\">\n\t\t<div class=\"elementor-element elementor-element-56c7e52 e-flex e-con-boxed e-con e-child\" data-id=\"56c7e52\" data-element_type=\"container\" data-settings=\"{&quot;jet_parallax_layout_list&quot;:[]}\">\n\t\t\t\t\t<div class=\"e-con-inner\">\n\t\t\t\t<div class=\"elementor-element elementor-element-2c245a0 elementor-widget elementor-widget-heading\" data-id=\"2c245a0\" data-element_type=\"widget\" data-widget_type=\"heading.default\">\n\t\t\t\t<div class=\"elementor-widget-container\">\n\t\t\t\t\t<span class=\"elementor-heading-title elementor-size-default\">SENTRY <\/span>\t\t\t\t<\/div>\n\t\t\t\t<\/div>\n\t\t\t\t<div class=\"elementor-element elementor-element-c3b4497 elementor-widget elementor-widget-heading\" data-id=\"c3b4497\" data-element_type=\"widget\" data-widget_type=\"heading.default\">\n\t\t\t\t<div class=\"elementor-widget-container\">\n\t\t\t\t\t<h1 class=\"elementor-heading-title elementor-size-default\">Notre technologie en action<\/h1>\t\t\t\t<\/div>\n\t\t\t\t<\/div>\n\t\t\t\t<div class=\"elementor-element elementor-element-a42cd29 elementor-widget elementor-widget-text-editor\" data-id=\"a42cd29\" data-element_type=\"widget\" data-widget_type=\"text-editor.default\">\n\t\t\t\t<div class=\"elementor-widget-container\">\n\t\t\t\t\t\t\t\t\t<p class=\"p1\">Regardez comment Sentry permet aux \u00e9quipes de rester conscientes de tout ce qui les entoure, <br>offrant une couverture constante \u00e0 360\u00b0 et une d\u00e9tection intelligente lorsque les conditions deviennent difficiles.<\/p>\t\t\t\t\t\t\t\t<\/div>\n\t\t\t\t<\/div>\n\t\t\t\t<div class=\"elementor-element elementor-element-4404292 elementor-widget elementor-widget-button\" data-id=\"4404292\" data-element_type=\"widget\" data-widget_type=\"button.default\">\n\t\t\t\t<div class=\"elementor-widget-container\">\n\t\t\t\t\t\t\t\t\t<div class=\"elementor-button-wrapper\">\n\t\t\t\t\t<a class=\"elementor-button elementor-button-link elementor-size-sm\" href=\"#video\">\n\t\t\t\t\t\t<span class=\"elementor-button-content-wrapper\">\n\t\t\t\t\t\t\t\t\t<span class=\"elementor-button-text\">REGARDER MAINTENANT<\/span>\n\t\t\t\t\t<\/span>\n\t\t\t\t\t<\/a>\n\t\t\t\t<\/div>\n\t\t\t\t\t\t\t\t<\/div>\n\t\t\t\t<\/div>\n\t\t\t\t\t<\/div>\n\t\t\t\t<\/div>\n\t\t\t\t<\/div>\n\t\t\t\t<\/div>\n\t\t<div class=\"elementor-element elementor-element-53150eed e-con-full e-flex e-con e-parent\" data-id=\"53150eed\" data-element_type=\"container\" id=\"presentation\" data-settings=\"{&quot;background_background&quot;:&quot;classic&quot;,&quot;jet_parallax_layout_list&quot;:[]}\">\n\t\t\t\t<div class=\"elementor-element elementor-element-4063554 elementor-widget-divider--view-line elementor-widget elementor-widget-divider\" data-id=\"4063554\" data-element_type=\"widget\" data-widget_type=\"divider.default\">\n\t\t\t\t<div class=\"elementor-widget-container\">\n\t\t\t\t\t\t\t<div class=\"elementor-divider\">\n\t\t\t<span class=\"elementor-divider-separator\">\n\t\t\t\t\t\t<\/span>\n\t\t<\/div>\n\t\t\t\t\t\t<\/div>\n\t\t\t\t<\/div>\n\t\t<div class=\"elementor-element elementor-element-2b9c694 e-con-full e-flex e-con e-child\" data-id=\"2b9c694\" data-element_type=\"container\" id=\"faq\" data-settings=\"{&quot;jet_parallax_layout_list&quot;:[],&quot;background_background&quot;:&quot;classic&quot;}\">\n\t\t\t\t<div class=\"elementor-element elementor-element-7bb5031 elementor-widget elementor-widget-text-editor\" data-id=\"7bb5031\" data-element_type=\"widget\" data-widget_type=\"text-editor.default\">\n\t\t\t\t<div class=\"elementor-widget-container\">\n\t\t\t\t\t\t\t\t\t<h2><span data-teams=\"true\">Machine Vision<br>pour tous les sc\u00e9narios maritimes<\/span><\/h2>\t\t\t\t\t\t\t\t<\/div>\n\t\t\t\t<\/div>\n\t\t\t\t<\/div>\n\t\t<div class=\"elementor-element elementor-element-37cc057d e-con-full e-flex e-con e-child\" data-id=\"37cc057d\" data-element_type=\"container\" id=\"features\" data-settings=\"{&quot;jet_parallax_layout_list&quot;:[],&quot;background_background&quot;:&quot;classic&quot;}\">\n\t\t<div class=\"elementor-element elementor-element-5ada5c9c e-con-full e-flex e-con e-child\" data-id=\"5ada5c9c\" data-element_type=\"container\" id=\"video\" data-settings=\"{&quot;jet_parallax_layout_list&quot;:[],&quot;background_background&quot;:&quot;classic&quot;}\">\n\t\t\t\t<div class=\"elementor-element elementor-element-304397a elementor-widget elementor-widget-video\" data-id=\"304397a\" data-element_type=\"widget\" id=\"video\" data-settings=\"{&quot;youtube_url&quot;:&quot;https:\\\/\\\/youtu.be\\\/0KGeubA0f2U&quot;,&quot;start&quot;:5,&quot;autoplay&quot;:&quot;yes&quot;,&quot;play_on_mobile&quot;:&quot;yes&quot;,&quot;video_type&quot;:&quot;youtube&quot;,&quot;controls&quot;:&quot;yes&quot;}\" data-widget_type=\"video.default\">\n\t\t\t\t<div class=\"elementor-widget-container\">\n\t\t\t\t\t\t\t<div class=\"elementor-wrapper elementor-open-inline\">\n\t\t\t<div class=\"elementor-video\"><\/div>\t\t<\/div>\n\t\t\t\t\t\t<\/div>\n\t\t\t\t<\/div>\n\t\t\t\t<div class=\"elementor-element elementor-element-5041fdf elementor-widget elementor-widget-text-editor\" data-id=\"5041fdf\" data-element_type=\"widget\" data-widget_type=\"text-editor.default\">\n\t\t\t\t<div class=\"elementor-widget-container\">\n\t\t\t\t\t\t\t\t\t<h3 class=\"p2\">Suivi des objets s\u00e9lectionn\u00e9s<\/h3>\t\t\t\t\t\t\t\t<\/div>\n\t\t\t\t<\/div>\n\t\t\t\t<\/div>\n\t\t<div class=\"elementor-element elementor-element-58927792 e-con-full e-flex e-con e-child\" data-id=\"58927792\" data-element_type=\"container\" data-settings=\"{&quot;jet_parallax_layout_list&quot;:[],&quot;background_background&quot;:&quot;classic&quot;}\">\n\t\t\t\t<div class=\"elementor-element elementor-element-fc7f479 elementor-widget elementor-widget-video\" data-id=\"fc7f479\" data-element_type=\"widget\" data-settings=\"{&quot;youtube_url&quot;:&quot;https:\\\/\\\/youtu.be\\\/7g-YfQjceRg&quot;,&quot;start&quot;:5,&quot;autoplay&quot;:&quot;yes&quot;,&quot;play_on_mobile&quot;:&quot;yes&quot;,&quot;video_type&quot;:&quot;youtube&quot;,&quot;controls&quot;:&quot;yes&quot;}\" data-widget_type=\"video.default\">\n\t\t\t\t<div class=\"elementor-widget-container\">\n\t\t\t\t\t\t\t<div class=\"elementor-wrapper elementor-open-inline\">\n\t\t\t<div class=\"elementor-video\"><\/div>\t\t<\/div>\n\t\t\t\t\t\t<\/div>\n\t\t\t\t<\/div>\n\t\t\t\t<div class=\"elementor-element elementor-element-6f915f9 elementor-widget elementor-widget-text-editor\" data-id=\"6f915f9\" data-element_type=\"widget\" data-widget_type=\"text-editor.default\">\n\t\t\t\t<div class=\"elementor-widget-container\">\n\t\t\t\t\t\t\t\t\t<h3 class=\"p2\">Suivi d&rsquo;objets dans le brouillard<\/h3>\t\t\t\t\t\t\t\t<\/div>\n\t\t\t\t<\/div>\n\t\t\t\t<\/div>\n\t\t\t\t<\/div>\n\t\t\t\t<div class=\"elementor-element elementor-element-e10b23e elementor-widget-divider--view-line elementor-widget elementor-widget-divider\" data-id=\"e10b23e\" data-element_type=\"widget\" data-widget_type=\"divider.default\">\n\t\t\t\t<div class=\"elementor-widget-container\">\n\t\t\t\t\t\t\t<div class=\"elementor-divider\">\n\t\t\t<span class=\"elementor-divider-separator\">\n\t\t\t\t\t\t<\/span>\n\t\t<\/div>\n\t\t\t\t\t\t<\/div>\n\t\t\t\t<\/div>\n\t\t<div class=\"elementor-element elementor-element-1ead8c7 e-con-full e-flex e-con e-child\" data-id=\"1ead8c7\" data-element_type=\"container\" data-settings=\"{&quot;jet_parallax_layout_list&quot;:[],&quot;background_background&quot;:&quot;classic&quot;}\">\n\t\t<div class=\"elementor-element elementor-element-e4156fd e-con-full e-flex e-con e-child\" data-id=\"e4156fd\" data-element_type=\"container\" data-settings=\"{&quot;jet_parallax_layout_list&quot;:[],&quot;background_background&quot;:&quot;classic&quot;}\">\n\t\t\t\t<div class=\"elementor-element elementor-element-942520d elementor-widget elementor-widget-video\" data-id=\"942520d\" data-element_type=\"widget\" data-settings=\"{&quot;youtube_url&quot;:&quot;https:\\\/\\\/youtu.be\\\/HQDJHX4lDUk&quot;,&quot;start&quot;:5,&quot;autoplay&quot;:&quot;yes&quot;,&quot;play_on_mobile&quot;:&quot;yes&quot;,&quot;video_type&quot;:&quot;youtube&quot;,&quot;controls&quot;:&quot;yes&quot;}\" data-widget_type=\"video.default\">\n\t\t\t\t<div class=\"elementor-widget-container\">\n\t\t\t\t\t\t\t<div class=\"elementor-wrapper elementor-open-inline\">\n\t\t\t<div class=\"elementor-video\"><\/div>\t\t<\/div>\n\t\t\t\t\t\t<\/div>\n\t\t\t\t<\/div>\n\t\t\t\t<div class=\"elementor-element elementor-element-291e90b elementor-widget elementor-widget-text-editor\" data-id=\"291e90b\" data-element_type=\"widget\" data-widget_type=\"text-editor.default\">\n\t\t\t\t<div class=\"elementor-widget-container\">\n\t\t\t\t\t\t\t\t\t<h3 class=\"p2\"><span data-teams=\"true\">D\u00e9tection de bou\u00e9es multiples la nuit<\/span><\/h3>\t\t\t\t\t\t\t\t<\/div>\n\t\t\t\t<\/div>\n\t\t\t\t<\/div>\n\t\t<div class=\"elementor-element elementor-element-f825ca5 e-con-full e-flex e-con e-child\" data-id=\"f825ca5\" data-element_type=\"container\" data-settings=\"{&quot;jet_parallax_layout_list&quot;:[],&quot;background_background&quot;:&quot;classic&quot;}\">\n\t\t\t\t<div class=\"elementor-element elementor-element-7cd441e elementor-widget elementor-widget-video\" data-id=\"7cd441e\" data-element_type=\"widget\" data-settings=\"{&quot;youtube_url&quot;:&quot;https:\\\/\\\/youtu.be\\\/rYacVyNkhfE&quot;,&quot;start&quot;:5,&quot;autoplay&quot;:&quot;yes&quot;,&quot;play_on_mobile&quot;:&quot;yes&quot;,&quot;video_type&quot;:&quot;youtube&quot;,&quot;controls&quot;:&quot;yes&quot;}\" data-widget_type=\"video.default\">\n\t\t\t\t<div class=\"elementor-widget-container\">\n\t\t\t\t\t\t\t<div class=\"elementor-wrapper elementor-open-inline\">\n\t\t\t<div class=\"elementor-video\"><\/div>\t\t<\/div>\n\t\t\t\t\t\t<\/div>\n\t\t\t\t<\/div>\n\t\t\t\t<div class=\"elementor-element elementor-element-9300262 elementor-widget elementor-widget-text-editor\" data-id=\"9300262\" data-element_type=\"widget\" data-widget_type=\"text-editor.default\">\n\t\t\t\t<div class=\"elementor-widget-container\">\n\t\t\t\t\t\t\t\t\t<h3 class=\"p2\"><span data-teams=\"true\">D\u00e9tection des billes de bois<\/span><\/h3>\t\t\t\t\t\t\t\t<\/div>\n\t\t\t\t<\/div>\n\t\t\t\t<\/div>\n\t\t\t\t<\/div>\n\t\t\t\t<div class=\"elementor-element elementor-element-f4816c9 elementor-widget-divider--view-line elementor-widget elementor-widget-divider\" data-id=\"f4816c9\" data-element_type=\"widget\" data-widget_type=\"divider.default\">\n\t\t\t\t<div class=\"elementor-widget-container\">\n\t\t\t\t\t\t\t<div class=\"elementor-divider\">\n\t\t\t<span class=\"elementor-divider-separator\">\n\t\t\t\t\t\t<\/span>\n\t\t<\/div>\n\t\t\t\t\t\t<\/div>\n\t\t\t\t<\/div>\n\t\t\t\t<div class=\"elementor-element elementor-element-e1187cd elementor-cta--skin-classic elementor-animated-content elementor-bg-transform elementor-bg-transform-zoom-in elementor-widget elementor-widget-call-to-action\" data-id=\"e1187cd\" data-element_type=\"widget\" data-widget_type=\"call-to-action.default\">\n\t\t\t\t<div class=\"elementor-widget-container\">\n\t\t\t\t\t\t\t<div class=\"elementor-cta\">\n\t\t\t\t\t\t\t<div class=\"elementor-cta__content\">\n\t\t\t\t\n\t\t\t\t\t\t\t\t\t<h2 class=\"elementor-cta__title elementor-cta__content-item elementor-content-item\">\n\t\t\t\t\t\tVous voulez en savoir plus ?\t\t\t\t\t<\/h2>\n\t\t\t\t\n\t\t\t\t\t\t\t\t\t<div class=\"elementor-cta__description elementor-cta__content-item elementor-content-item\">\n\t\t\t\t\t\tSi vous souhaitez en savoir plus sur notre technologie et voir d'autres sc\u00e9narios, <br>contactez-nous et nous vous r\u00e9pondrons dans les plus brefs d\u00e9lais.\t\t\t\t\t<\/div>\n\t\t\t\t\n\t\t\t\t\t\t\t\t\t<div class=\"elementor-cta__button-wrapper elementor-cta__content-item elementor-content-item \">\n\t\t\t\t\t<a class=\"elementor-cta__button elementor-button elementor-size-\" href=\"https:\/\/www.sea.ai\/fr\/contact\/\">\n\t\t\t\t\t\tCONTACTEZ-NOUS\t\t\t\t\t<\/a>\n\t\t\t\t\t<\/div>\n\t\t\t\t\t\t\t<\/div>\n\t\t\t\t\t\t<\/div>\n\t\t\t\t\t\t<\/div>\n\t\t\t\t<\/div>\n\t\t\t\t<\/div>\n\t\t\t\t<\/div>\n\t\t","protected":false},"excerpt":{"rendered":"<p>SENTRY Notre technologie en action Regardez comment Sentry permet aux \u00e9quipes de rester conscientes de tout ce qui les entoure, offrant une couverture constante \u00e0 360\u00b0 et une d\u00e9tection intelligente lorsque les conditions deviennent difficiles. REGARDER MAINTENANT Machine Visionpour tous les sc\u00e9narios maritimes https:\/\/youtu.be\/0KGeubA0f2U Suivi des objets s\u00e9lectionn\u00e9s https:\/\/youtu.be\/7g-YfQjceRg Suivi d&rsquo;objets dans le brouillard https:\/\/youtu.be\/HQDJHX4lDUk [&hellip;]<\/p>\n","protected":false},"author":50,"featured_media":41384,"parent":17774,"menu_order":1,"comment_status":"closed","ping_status":"closed","template":"","meta":{"_acf_changed":false,"footnotes":""},"class_list":["post-42366","page","type-page","status-publish","has-post-thumbnail","hentry"],"acf":[],"yoast_head":"<!-- This site is optimized with the Yoast SEO Premium plugin v27.0 (Yoast SEO v27.0) - https:\/\/yoast.com\/product\/yoast-seo-premium-wordpress\/ -->\n<title>SEA.AI Sentry : con\u00e7u pour une connaissance de la situation \u00e0 360<\/title>\n<meta name=\"description\" content=\"Regardez SEA.AI Sentry en action par tous les temps en d\u00e9tectant diff\u00e9rents objets et explorez son interface utilisateur intelligente pour une navigation plus s\u00fbre.\" \/>\n<meta name=\"robots\" content=\"noindex, nofollow\" \/>\n<meta property=\"og:locale\" content=\"fr_FR\" \/>\n<meta property=\"og:type\" content=\"article\" \/>\n<meta property=\"og:title\" content=\"SEA.AI Sentry : con\u00e7u pour une connaissance de la situation \u00e0 360\" \/>\n<meta property=\"og:description\" content=\"Regardez SEA.AI Sentry en action par tous les temps en d\u00e9tectant diff\u00e9rents objets et explorez son interface utilisateur intelligente pour une navigation plus s\u00fbre.\" \/>\n<meta property=\"og:url\" content=\"https:\/\/www.sea.ai\/fr\/produit-watchkeeper\/\" \/>\n<meta property=\"og:site_name\" content=\"SEA.AI\" \/>\n<meta property=\"article:publisher\" content=\"https:\/\/www.facebook.com\/SeaAiGroup\" \/>\n<meta property=\"article:modified_time\" content=\"2025-12-09T12:22:37+00:00\" \/>\n<meta property=\"og:image\" content=\"https:\/\/www.sea.ai\/uploads\/2025\/12\/\u00a9SEA.AI_Sentry_MY_LadyJade_20250528142755_0005_D-scaled.jpg\" \/>\n\t<meta property=\"og:image:width\" content=\"2560\" \/>\n\t<meta property=\"og:image:height\" content=\"1444\" \/>\n\t<meta property=\"og:image:type\" content=\"image\/jpeg\" \/>\n<meta name=\"twitter:card\" content=\"summary_large_image\" \/>\n<meta name=\"twitter:title\" content=\"SEA.AI Sentry en action\" \/>\n<meta name=\"twitter:site\" content=\"@SeaAiGroup\" \/>\n<meta name=\"twitter:label1\" content=\"Dur\u00e9e de lecture estim\u00e9e\" \/>\n\t<meta name=\"twitter:data1\" content=\"1 minute\" \/>\n<script type=\"application\/ld+json\" class=\"yoast-schema-graph\">{\"@context\":\"https:\/\/schema.org\",\"@graph\":[{\"@type\":\"WebPage\",\"@id\":\"https:\/\/www.sea.ai\/fr\/produit-sentry\/sentry-en-action\/\",\"url\":\"https:\/\/www.sea.ai\/fr\/produit-watchkeeper\/\",\"name\":\"SEA.AI Sentry : con\u00e7u pour une connaissance de la situation \u00e0 360\",\"isPartOf\":{\"@id\":\"https:\/\/www.sea.ai\/fr\/#website\"},\"primaryImageOfPage\":{\"@id\":\"https:\/\/www.sea.ai\/fr\/produit-watchkeeper\/#primaryimage\"},\"image\":{\"@id\":\"https:\/\/www.sea.ai\/fr\/produit-watchkeeper\/#primaryimage\"},\"thumbnailUrl\":\"https:\/\/www.sea.ai\/uploads\/2025\/11\/lady-jade-youtube-preview.jpg\",\"datePublished\":\"2025-12-03T11:34:13+00:00\",\"dateModified\":\"2025-12-09T12:22:37+00:00\",\"description\":\"Regardez SEA.AI Sentry en action par tous les temps en d\u00e9tectant diff\u00e9rents objets et explorez son interface utilisateur intelligente pour une navigation plus s\u00fbre.\",\"breadcrumb\":{\"@id\":\"https:\/\/www.sea.ai\/fr\/produit-watchkeeper\/#breadcrumb\"},\"inLanguage\":\"fr-FR\",\"potentialAction\":[{\"@type\":\"ReadAction\",\"target\":[\"https:\/\/www.sea.ai\/fr\/produit-watchkeeper\/\"]}]},{\"@type\":\"ImageObject\",\"inLanguage\":\"fr-FR\",\"@id\":\"https:\/\/www.sea.ai\/fr\/produit-watchkeeper\/#primaryimage\",\"url\":\"https:\/\/www.sea.ai\/uploads\/2025\/11\/lady-jade-youtube-preview.jpg\",\"contentUrl\":\"https:\/\/www.sea.ai\/uploads\/2025\/11\/lady-jade-youtube-preview.jpg\",\"width\":1838,\"height\":931,\"caption\":\"SEA.AI Sentry on Lady Jade Yacht\"},{\"@type\":\"BreadcrumbList\",\"@id\":\"https:\/\/www.sea.ai\/fr\/produit-watchkeeper\/#breadcrumb\",\"itemListElement\":[{\"@type\":\"ListItem\",\"position\":1,\"name\":\"Home\",\"item\":\"https:\/\/www.sea.ai\/fr\/page-daccueil\/\"},{\"@type\":\"ListItem\",\"position\":2,\"name\":\"Produit-Sentry\",\"item\":\"https:\/\/www.sea.ai\/fr\/product-sentry\/\"},{\"@type\":\"ListItem\",\"position\":3,\"name\":\"SEA.AI Sentry en action\"}]},{\"@type\":\"WebSite\",\"@id\":\"https:\/\/www.sea.ai\/fr\/#website\",\"url\":\"https:\/\/www.sea.ai\/fr\/\",\"name\":\"SEA.AI\",\"description\":\"Machine Vision for Safety at Sea\",\"publisher\":{\"@id\":\"https:\/\/www.sea.ai\/fr\/#organization\"},\"potentialAction\":[{\"@type\":\"SearchAction\",\"target\":{\"@type\":\"EntryPoint\",\"urlTemplate\":\"https:\/\/www.sea.ai\/fr\/?s={search_term_string}\"},\"query-input\":{\"@type\":\"PropertyValueSpecification\",\"valueRequired\":true,\"valueName\":\"search_term_string\"}}],\"inLanguage\":\"fr-FR\"},{\"@type\":\"Organization\",\"@id\":\"https:\/\/www.sea.ai\/fr\/#organization\",\"name\":\"SEA.AI\",\"url\":\"https:\/\/www.sea.ai\/fr\/\",\"logo\":{\"@type\":\"ImageObject\",\"inLanguage\":\"fr-FR\",\"@id\":\"https:\/\/www.sea.ai\/fr\/#\/schema\/logo\/image\/\",\"url\":\"https:\/\/www.sea.ai\/uploads\/2023\/02\/Cursor-black-RGB.jpg\",\"contentUrl\":\"https:\/\/www.sea.ai\/uploads\/2023\/02\/Cursor-black-RGB.jpg\",\"width\":561,\"height\":561,\"caption\":\"SEA.AI\"},\"image\":{\"@id\":\"https:\/\/www.sea.ai\/fr\/#\/schema\/logo\/image\/\"},\"sameAs\":[\"https:\/\/www.facebook.com\/SeaAiGroup\",\"https:\/\/x.com\/SeaAiGroup\",\"https:\/\/linkedin.com\/company\/sea-ai\",\"https:\/\/www.youtube.com\/channel\/UCgOTg9pmSXNYXGBMXlsGesw\",\"https:\/\/www.instagram.com\/Sea.AI.Group\/\"],\"description\":\"SEA.AI sets the benchmark in maritime machine vision, pioneering the use of artificial intelligence since 2018 to enhance safety, surveillance, and situational awareness at sea. The company develops and manufactures integrated systems combining optical and thermal sensors with proprietary AI, and provides maritime machine vision software compatible with third party cameras. SEA.AI solutions deliver automatic detection and classification of floating hazards, including people in the water for man overboard response, marine mammals to reduce the risk of strike, non cooperative vessels, and partially submerged objects that conventional systems cannot detect. By delivering real time visual alerts and actionable information on the bridge, the technology strengthens navigational safety, perimeter surveillance, and maritime security across recreational, commercial, governmental, and autonomous fleets.\",\"email\":\"contact@sea.ai\",\"legalName\":\"SEA.AI GmbH\",\"vatID\":\"ATU74570047\",\"numberOfEmployees\":{\"@type\":\"QuantitativeValue\",\"minValue\":\"51\",\"maxValue\":\"200\"}}]}<\/script>\n<!-- \/ Yoast SEO Premium plugin. -->","yoast_head_json":{"title":"SEA.AI Sentry : con\u00e7u pour une connaissance de la situation \u00e0 360","description":"Regardez SEA.AI Sentry en action par tous les temps en d\u00e9tectant diff\u00e9rents objets et explorez son interface utilisateur intelligente pour une navigation plus s\u00fbre.","robots":{"index":"noindex","follow":"nofollow"},"og_locale":"fr_FR","og_type":"article","og_title":"SEA.AI Sentry : con\u00e7u pour une connaissance de la situation \u00e0 360","og_description":"Regardez SEA.AI Sentry en action par tous les temps en d\u00e9tectant diff\u00e9rents objets et explorez son interface utilisateur intelligente pour une navigation plus s\u00fbre.","og_url":"https:\/\/www.sea.ai\/fr\/produit-watchkeeper\/","og_site_name":"SEA.AI","article_publisher":"https:\/\/www.facebook.com\/SeaAiGroup","article_modified_time":"2025-12-09T12:22:37+00:00","og_image":[{"width":2560,"height":1444,"url":"https:\/\/www.sea.ai\/uploads\/2025\/12\/\u00a9SEA.AI_Sentry_MY_LadyJade_20250528142755_0005_D-scaled.jpg","type":"image\/jpeg"}],"twitter_card":"summary_large_image","twitter_title":"SEA.AI Sentry en action","twitter_site":"@SeaAiGroup","twitter_misc":{"Dur\u00e9e de lecture estim\u00e9e":"1 minute"},"schema":{"@context":"https:\/\/schema.org","@graph":[{"@type":"WebPage","@id":"https:\/\/www.sea.ai\/fr\/produit-sentry\/sentry-en-action\/","url":"https:\/\/www.sea.ai\/fr\/produit-watchkeeper\/","name":"SEA.AI Sentry : con\u00e7u pour une connaissance de la situation \u00e0 360","isPartOf":{"@id":"https:\/\/www.sea.ai\/fr\/#website"},"primaryImageOfPage":{"@id":"https:\/\/www.sea.ai\/fr\/produit-watchkeeper\/#primaryimage"},"image":{"@id":"https:\/\/www.sea.ai\/fr\/produit-watchkeeper\/#primaryimage"},"thumbnailUrl":"https:\/\/www.sea.ai\/uploads\/2025\/11\/lady-jade-youtube-preview.jpg","datePublished":"2025-12-03T11:34:13+00:00","dateModified":"2025-12-09T12:22:37+00:00","description":"Regardez SEA.AI Sentry en action par tous les temps en d\u00e9tectant diff\u00e9rents objets et explorez son interface utilisateur intelligente pour une navigation plus s\u00fbre.","breadcrumb":{"@id":"https:\/\/www.sea.ai\/fr\/produit-watchkeeper\/#breadcrumb"},"inLanguage":"fr-FR","potentialAction":[{"@type":"ReadAction","target":["https:\/\/www.sea.ai\/fr\/produit-watchkeeper\/"]}]},{"@type":"ImageObject","inLanguage":"fr-FR","@id":"https:\/\/www.sea.ai\/fr\/produit-watchkeeper\/#primaryimage","url":"https:\/\/www.sea.ai\/uploads\/2025\/11\/lady-jade-youtube-preview.jpg","contentUrl":"https:\/\/www.sea.ai\/uploads\/2025\/11\/lady-jade-youtube-preview.jpg","width":1838,"height":931,"caption":"SEA.AI Sentry on Lady Jade Yacht"},{"@type":"BreadcrumbList","@id":"https:\/\/www.sea.ai\/fr\/produit-watchkeeper\/#breadcrumb","itemListElement":[{"@type":"ListItem","position":1,"name":"Home","item":"https:\/\/www.sea.ai\/fr\/page-daccueil\/"},{"@type":"ListItem","position":2,"name":"Produit-Sentry","item":"https:\/\/www.sea.ai\/fr\/product-sentry\/"},{"@type":"ListItem","position":3,"name":"SEA.AI Sentry en action"}]},{"@type":"WebSite","@id":"https:\/\/www.sea.ai\/fr\/#website","url":"https:\/\/www.sea.ai\/fr\/","name":"SEA.AI","description":"Machine Vision for Safety at Sea","publisher":{"@id":"https:\/\/www.sea.ai\/fr\/#organization"},"potentialAction":[{"@type":"SearchAction","target":{"@type":"EntryPoint","urlTemplate":"https:\/\/www.sea.ai\/fr\/?s={search_term_string}"},"query-input":{"@type":"PropertyValueSpecification","valueRequired":true,"valueName":"search_term_string"}}],"inLanguage":"fr-FR"},{"@type":"Organization","@id":"https:\/\/www.sea.ai\/fr\/#organization","name":"SEA.AI","url":"https:\/\/www.sea.ai\/fr\/","logo":{"@type":"ImageObject","inLanguage":"fr-FR","@id":"https:\/\/www.sea.ai\/fr\/#\/schema\/logo\/image\/","url":"https:\/\/www.sea.ai\/uploads\/2023\/02\/Cursor-black-RGB.jpg","contentUrl":"https:\/\/www.sea.ai\/uploads\/2023\/02\/Cursor-black-RGB.jpg","width":561,"height":561,"caption":"SEA.AI"},"image":{"@id":"https:\/\/www.sea.ai\/fr\/#\/schema\/logo\/image\/"},"sameAs":["https:\/\/www.facebook.com\/SeaAiGroup","https:\/\/x.com\/SeaAiGroup","https:\/\/linkedin.com\/company\/sea-ai","https:\/\/www.youtube.com\/channel\/UCgOTg9pmSXNYXGBMXlsGesw","https:\/\/www.instagram.com\/Sea.AI.Group\/"],"description":"SEA.AI sets the benchmark in maritime machine vision, pioneering the use of artificial intelligence since 2018 to enhance safety, surveillance, and situational awareness at sea. The company develops and manufactures integrated systems combining optical and thermal sensors with proprietary AI, and provides maritime machine vision software compatible with third party cameras. SEA.AI solutions deliver automatic detection and classification of floating hazards, including people in the water for man overboard response, marine mammals to reduce the risk of strike, non cooperative vessels, and partially submerged objects that conventional systems cannot detect. By delivering real time visual alerts and actionable information on the bridge, the technology strengthens navigational safety, perimeter surveillance, and maritime security across recreational, commercial, governmental, and autonomous fleets.","email":"contact@sea.ai","legalName":"SEA.AI GmbH","vatID":"ATU74570047","numberOfEmployees":{"@type":"QuantitativeValue","minValue":"51","maxValue":"200"}}]}},"_links":{"self":[{"href":"https:\/\/www.sea.ai\/fr\/wp-json\/wp\/v2\/pages\/42366","targetHints":{"allow":["GET"]}}],"collection":[{"href":"https:\/\/www.sea.ai\/fr\/wp-json\/wp\/v2\/pages"}],"about":[{"href":"https:\/\/www.sea.ai\/fr\/wp-json\/wp\/v2\/types\/page"}],"author":[{"embeddable":true,"href":"https:\/\/www.sea.ai\/fr\/wp-json\/wp\/v2\/users\/50"}],"replies":[{"embeddable":true,"href":"https:\/\/www.sea.ai\/fr\/wp-json\/wp\/v2\/comments?post=42366"}],"version-history":[{"count":0,"href":"https:\/\/www.sea.ai\/fr\/wp-json\/wp\/v2\/pages\/42366\/revisions"}],"up":[{"embeddable":true,"href":"https:\/\/www.sea.ai\/fr\/wp-json\/wp\/v2\/pages\/17774"}],"wp:featuredmedia":[{"embeddable":true,"href":"https:\/\/www.sea.ai\/fr\/wp-json\/wp\/v2\/media\/41384"}],"wp:attachment":[{"href":"https:\/\/www.sea.ai\/fr\/wp-json\/wp\/v2\/media?parent=42366"}],"curies":[{"name":"wp","href":"https:\/\/api.w.org\/{rel}","templated":true}]}}