{"id":2708,"date":"2021-03-17T16:41:02","date_gmt":"2021-03-17T15:41:02","guid":{"rendered":"https:\/\/www.oscar-navigation.com\/imprint\/"},"modified":"2024-11-22T14:26:43","modified_gmt":"2024-11-22T13:26:43","slug":"mentions-legales","status":"publish","type":"page","link":"https:\/\/www.sea.ai\/fr\/mentions-legales\/","title":{"rendered":"Mentions l\u00e9gales"},"content":{"rendered":"\t\t<div data-elementor-type=\"wp-page\" data-elementor-id=\"2708\" class=\"elementor elementor-2708 elementor-245\" data-elementor-post-type=\"page\">\n\t\t\t\t<div class=\"elementor-element elementor-element-29a5e8e e-flex e-con-boxed e-con e-parent\" data-id=\"29a5e8e\" data-element_type=\"container\" data-settings=\"{&quot;background_background&quot;:&quot;classic&quot;,&quot;jet_parallax_layout_list&quot;:[]}\">\n\t\t\t\t\t<div class=\"e-con-inner\">\n\t\t<div class=\"elementor-element elementor-element-fcd3385 e-flex e-con-boxed e-con e-child\" data-id=\"fcd3385\" data-element_type=\"container\" data-settings=\"{&quot;jet_parallax_layout_list&quot;:[]}\">\n\t\t\t\t\t<div class=\"e-con-inner\">\n\t\t\t\t<div class=\"elementor-element elementor-element-bd5188e elementor-widget elementor-widget-heading\" data-id=\"bd5188e\" data-element_type=\"widget\" data-widget_type=\"heading.default\">\n\t\t\t\t<div class=\"elementor-widget-container\">\n\t\t\t\t\t<h1 class=\"elementor-heading-title elementor-size-default\">Mentions l\u00e9gales<\/h1>\t\t\t\t<\/div>\n\t\t\t\t<\/div>\n\t\t\t\t\t<\/div>\n\t\t\t\t<\/div>\n\t\t<div class=\"elementor-element elementor-element-73d4a7f e-flex e-con-boxed e-con e-child\" data-id=\"73d4a7f\" data-element_type=\"container\" data-settings=\"{&quot;jet_parallax_layout_list&quot;:[]}\">\n\t\t\t\t\t<div class=\"e-con-inner\">\n\t\t\t\t<div class=\"elementor-element elementor-element-398df3e elementor-align-left elementor-widget elementor-widget-breadcrumbs\" data-id=\"398df3e\" data-element_type=\"widget\" data-widget_type=\"breadcrumbs.default\">\n\t\t\t\t<div class=\"elementor-widget-container\">\n\t\t\t\t\t<p id=\"breadcrumbs\"><span><span><a href=\"https:\/\/www.sea.ai\/fr\/\">Home<\/a><\/span><\/span><\/p>\t\t\t\t<\/div>\n\t\t\t\t<\/div>\n\t\t\t\t\t<\/div>\n\t\t\t\t<\/div>\n\t\t\t\t\t<\/div>\n\t\t\t\t<\/div>\n\t\t\t\t<section class=\"elementor-section elementor-top-section elementor-element elementor-element-6a1187d9 elementor-section-boxed elementor-section-height-default elementor-section-height-default\" data-id=\"6a1187d9\" data-element_type=\"section\" data-settings=\"{&quot;jet_parallax_layout_list&quot;:[]}\">\n\t\t\t\t\t\t<div class=\"elementor-container elementor-column-gap-default\">\n\t\t\t\t\t<div data-dce-background-color=\"#ffffff\" class=\"elementor-column elementor-col-100 elementor-top-column elementor-element elementor-element-183873f\" data-id=\"183873f\" data-element_type=\"column\" data-settings=\"{&quot;background_background&quot;:&quot;classic&quot;}\">\n\t\t\t<div class=\"elementor-widget-wrap elementor-element-populated\">\n\t\t\t\t\t\t<div class=\"elementor-element elementor-element-4637006 elementor-widget elementor-widget-spacer\" data-id=\"4637006\" data-element_type=\"widget\" data-widget_type=\"spacer.default\">\n\t\t\t\t<div class=\"elementor-widget-container\">\n\t\t\t\t\t\t\t<div class=\"elementor-spacer\">\n\t\t\t<div class=\"elementor-spacer-inner\"><\/div>\n\t\t<\/div>\n\t\t\t\t\t\t<\/div>\n\t\t\t\t<\/div>\n\t\t\t\t<div class=\"elementor-element elementor-element-c9fab4f elementor-widget elementor-widget-heading\" data-id=\"c9fab4f\" data-element_type=\"widget\" data-widget_type=\"heading.default\">\n\t\t\t\t<div class=\"elementor-widget-container\">\n\t\t\t\t\t<h4 class=\"elementor-heading-title elementor-size-default\">\u00c9diteur<\/h4>\t\t\t\t<\/div>\n\t\t\t\t<\/div>\n\t\t\t\t<div class=\"elementor-element elementor-element-7c91313 elementor-widget__width-initial elementor-widget elementor-widget-text-editor\" data-id=\"7c91313\" data-element_type=\"widget\" data-widget_type=\"text-editor.default\">\n\t\t\t\t<div class=\"elementor-widget-container\">\n\t\t\t\t\t\t\t\t\t<p><strong>SEA.AI GMBH<\/strong><\/p>\n<p style=\"letter-spacing: 0.2px;\">Peter-Behrens-Platz 4, 6. OG<\/p>\n<p style=\"letter-spacing: 0.2px;\">4020 Linz, Austria<br>contact@sea.ai<\/p>\n<p style=\"letter-spacing: 0.2px;\">+43 664 1565364<\/p>\n<p style=\"letter-spacing: 0.2px;\"><span style=\"font-weight: bolder;\">Directeur de publication<\/span>:&nbsp;<span style=\"font-family: var( --e-global-typography-24d9972-font-family ), Montserrat; font-size: var( --e-global-typography-24d9972-font-size ); font-weight: var( --e-global-typography-24d9972-font-weight ); letter-spacing: var( --e-global-typography-24d9972-letter-spacing ); word-spacing: var( --e-global-typography-24d9972-word-spacing ); color: var( --e-global-color-d791847 ); font-style: var( --e-global-typography-5891ab1-font-style ); text-transform: var( --e-global-typography-5891ab1-text-transform );\">Marcus Warrelmann<\/span><\/p>\n<p><b>Num\u00e9ro d&rsquo;enregistrement<\/b><span style=\"letter-spacing: 0.2px;\">: FN 488621 k<\/span><\/p>\n<p style=\"letter-spacing: 0.2px;\"><strong>N<\/strong><b>um\u00e9ro de TVA intracommunautaire<\/b>:&nbsp;<span style=\"font-family: var( --e-global-typography-24d9972-font-family ), Montserrat; font-size: var( --e-global-typography-24d9972-font-size ); font-weight: var( --e-global-typography-24d9972-font-weight ); letter-spacing: var( --e-global-typography-24d9972-letter-spacing ); word-spacing: var( --e-global-typography-24d9972-word-spacing ); color: var( --e-global-color-d791847 ); font-style: var( --e-global-typography-5891ab1-font-style ); text-transform: var( --e-global-typography-5891ab1-text-transform );\">ATU74570047<\/span><\/p>\t\t\t\t\t\t\t\t<\/div>\n\t\t\t\t<\/div>\n\t\t\t\t<div class=\"elementor-element elementor-element-049a890 elementor-widget elementor-widget-heading\" data-id=\"049a890\" data-element_type=\"widget\" data-widget_type=\"heading.default\">\n\t\t\t\t<div class=\"elementor-widget-container\">\n\t\t\t\t\t<h4 class=\"elementor-heading-title elementor-size-default\">Donn\u00e9es personnelles<\/h4>\t\t\t\t<\/div>\n\t\t\t\t<\/div>\n\t\t\t\t<div class=\"elementor-element elementor-element-9445e22 elementor-widget elementor-widget-text-editor\" data-id=\"9445e22\" data-element_type=\"widget\" data-widget_type=\"text-editor.default\">\n\t\t\t\t<div class=\"elementor-widget-container\">\n\t\t\t\t\t\t\t\t\t<p>L&rsquo;utilisation du formulaire de contact entra\u00eene la collecte de donn\u00e9es personnelles et nominatives. Ces donn\u00e9es ne sont collect\u00e9es que pour le traitement de votre demande, et nous nous engageons \u00e0 ne pas les communiquer ou les revendre. Les cookies sont utilis\u00e9s pour estimer le nombre de visiteurs du site et sa nature. Vous pouvez vous y opposer en utilisant les services fournis par votre navigateur. Vous disposez d&rsquo;un droit d&rsquo;acc\u00e8s, de modification, de rectification et de suppression des donn\u00e9es vous concernant.<\/p>\n\t\t\t\t\t\t\t\t<\/div>\n\t\t\t\t<\/div>\n\t\t\t\t<div class=\"elementor-element elementor-element-2af5ff9 elementor-widget elementor-widget-heading\" data-id=\"2af5ff9\" data-element_type=\"widget\" data-widget_type=\"heading.default\">\n\t\t\t\t<div class=\"elementor-widget-container\">\n\t\t\t\t\t<h4 class=\"elementor-heading-title elementor-size-default\">Copyright<\/h4>\t\t\t\t<\/div>\n\t\t\t\t<\/div>\n\t\t\t\t<div class=\"elementor-element elementor-element-553f404 elementor-widget elementor-widget-text-editor\" data-id=\"553f404\" data-element_type=\"widget\" data-widget_type=\"text-editor.default\">\n\t\t\t\t<div class=\"elementor-widget-container\">\n\t\t\t\t\t\t\t\t\t<p>L&rsquo;ensemble de ce site rel\u00e8ve de la l\u00e9gislation Fran\u00e7aise et internationale sur le droit d&rsquo;auteur et la propri\u00e9t\u00e9 intellectuelle. Tous les droits de reproduction sont r\u00e9serv\u00e9s et strictement limit\u00e9s, y compris pour les documents t\u00e9l\u00e9chargeables et les repr\u00e9sentations iconographiques. La reproduction, m\u00eame partielle, de ce site n\u00e9cessite notre autorisation \u00e9crite.<\/p>\n\t\t\t\t\t\t\t\t<\/div>\n\t\t\t\t<\/div>\n\t\t\t\t\t<\/div>\n\t\t<\/div>\n\t\t\t\t\t<\/div>\n\t\t<\/section>\n\t\t\t\t<\/div>\n\t\t","protected":false},"excerpt":{"rendered":"<p>Mentions l\u00e9gales \u00c9diteur SEA.AI GMBH Peter-Behrens-Platz 4, 6. OG 4020 Linz, Austriacontact@sea.ai +43 664 1565364 Directeur de publication:&nbsp;Marcus Warrelmann Num\u00e9ro d&rsquo;enregistrement: FN 488621 k Num\u00e9ro de TVA intracommunautaire:&nbsp;ATU74570047 Donn\u00e9es personnelles L&rsquo;utilisation du formulaire de contact entra\u00eene la collecte de donn\u00e9es personnelles et nominatives. Ces donn\u00e9es ne sont collect\u00e9es que pour le traitement de votre demande, [&hellip;]<\/p>\n","protected":false},"author":4,"featured_media":0,"parent":0,"menu_order":100,"comment_status":"closed","ping_status":"closed","template":"elementor_header_footer","meta":{"_acf_changed":false,"footnotes":""},"class_list":["post-2708","page","type-page","status-publish","hentry"],"acf":[],"yoast_head":"<!-- This site is optimized with the Yoast SEO Premium plugin v27.0 (Yoast SEO v27.0) - https:\/\/yoast.com\/product\/yoast-seo-premium-wordpress\/ -->\n<title>Mentions l\u00e9gales | SEA.AI<\/title>\n<meta name=\"robots\" content=\"index, follow, max-snippet:-1, max-image-preview:large, max-video-preview:-1\" \/>\n<link rel=\"canonical\" href=\"https:\/\/www.sea.ai\/fr\/mentions-legales\/\" \/>\n<meta property=\"og:locale\" content=\"fr_FR\" \/>\n<meta property=\"og:type\" content=\"article\" \/>\n<meta property=\"og:title\" content=\"Mentions l\u00e9gales\" \/>\n<meta property=\"og:description\" content=\"Mentions l\u00e9gales \u00c9diteur SEA.AI GMBH Peter-Behrens-Platz 4, 6. OG 4020 Linz, Austriacontact@sea.ai +43 664 1565364 Directeur de publication:&nbsp;Marcus Warrelmann Num\u00e9ro d&rsquo;enregistrement: FN 488621 k Num\u00e9ro de TVA intracommunautaire:&nbsp;ATU74570047 Donn\u00e9es personnelles L&rsquo;utilisation du formulaire de contact entra\u00eene la collecte de donn\u00e9es personnelles et nominatives. Ces donn\u00e9es ne sont collect\u00e9es que pour le traitement de votre demande, [&hellip;]\" \/>\n<meta property=\"og:url\" content=\"https:\/\/www.sea.ai\/fr\/mentions-legales\/\" \/>\n<meta property=\"og:site_name\" content=\"SEA.AI\" \/>\n<meta property=\"article:publisher\" content=\"https:\/\/www.facebook.com\/SeaAiGroup\" \/>\n<meta property=\"article:modified_time\" content=\"2024-11-22T13:26:43+00:00\" \/>\n<meta property=\"og:image\" content=\"https:\/\/www.sea.ai\/uploads\/2022\/09\/SEA.AI-Background-Image-scaled.webp\" \/>\n\t<meta property=\"og:image:width\" content=\"2560\" \/>\n\t<meta property=\"og:image:height\" content=\"2012\" \/>\n\t<meta property=\"og:image:type\" content=\"image\/webp\" \/>\n<meta name=\"twitter:card\" content=\"summary_large_image\" \/>\n<meta name=\"twitter:site\" content=\"@SeaAiGroup\" \/>\n<meta name=\"twitter:label1\" content=\"Dur\u00e9e de lecture estim\u00e9e\" \/>\n\t<meta name=\"twitter:data1\" content=\"1 minute\" \/>\n<script type=\"application\/ld+json\" class=\"yoast-schema-graph\">{\"@context\":\"https:\/\/schema.org\",\"@graph\":[{\"@type\":\"WebPage\",\"@id\":\"https:\/\/www.sea.ai\/fr\/mentions-legales\/\",\"url\":\"https:\/\/www.sea.ai\/fr\/mentions-legales\/\",\"name\":\"Mentions l\u00e9gales | SEA.AI\",\"isPartOf\":{\"@id\":\"https:\/\/www.sea.ai\/fr\/#website\"},\"datePublished\":\"2021-03-17T15:41:02+00:00\",\"dateModified\":\"2024-11-22T13:26:43+00:00\",\"breadcrumb\":{\"@id\":\"https:\/\/www.sea.ai\/fr\/mentions-legales\/#breadcrumb\"},\"inLanguage\":\"fr-FR\",\"potentialAction\":[{\"@type\":\"ReadAction\",\"target\":[\"https:\/\/www.sea.ai\/fr\/mentions-legales\/\"]}]},{\"@type\":\"BreadcrumbList\",\"@id\":\"https:\/\/www.sea.ai\/fr\/mentions-legales\/#breadcrumb\",\"itemListElement\":[{\"@type\":\"ListItem\",\"position\":1,\"name\":\"Home\",\"item\":\"https:\/\/www.sea.ai\/fr\/\"},{\"@type\":\"ListItem\",\"position\":2,\"name\":\"Mentions l\u00e9gales\"}]},{\"@type\":\"WebSite\",\"@id\":\"https:\/\/www.sea.ai\/fr\/#website\",\"url\":\"https:\/\/www.sea.ai\/fr\/\",\"name\":\"SEA.AI\",\"description\":\"Machine Vision for Safety at Sea\",\"publisher\":{\"@id\":\"https:\/\/www.sea.ai\/fr\/#organization\"},\"potentialAction\":[{\"@type\":\"SearchAction\",\"target\":{\"@type\":\"EntryPoint\",\"urlTemplate\":\"https:\/\/www.sea.ai\/fr\/?s={search_term_string}\"},\"query-input\":{\"@type\":\"PropertyValueSpecification\",\"valueRequired\":true,\"valueName\":\"search_term_string\"}}],\"inLanguage\":\"fr-FR\"},{\"@type\":\"Organization\",\"@id\":\"https:\/\/www.sea.ai\/fr\/#organization\",\"name\":\"SEA.AI\",\"url\":\"https:\/\/www.sea.ai\/fr\/\",\"logo\":{\"@type\":\"ImageObject\",\"inLanguage\":\"fr-FR\",\"@id\":\"https:\/\/www.sea.ai\/fr\/#\/schema\/logo\/image\/\",\"url\":\"https:\/\/www.sea.ai\/uploads\/2023\/02\/Cursor-black-RGB.jpg\",\"contentUrl\":\"https:\/\/www.sea.ai\/uploads\/2023\/02\/Cursor-black-RGB.jpg\",\"width\":561,\"height\":561,\"caption\":\"SEA.AI\"},\"image\":{\"@id\":\"https:\/\/www.sea.ai\/fr\/#\/schema\/logo\/image\/\"},\"sameAs\":[\"https:\/\/www.facebook.com\/SeaAiGroup\",\"https:\/\/x.com\/SeaAiGroup\",\"https:\/\/linkedin.com\/company\/sea-ai\",\"https:\/\/www.youtube.com\/channel\/UCgOTg9pmSXNYXGBMXlsGesw\",\"https:\/\/www.instagram.com\/Sea.AI.Group\/\"],\"description\":\"SEA.AI sets the benchmark in maritime machine vision, pioneering the use of artificial intelligence since 2018 to enhance safety, surveillance, and situational awareness at sea. The company develops and manufactures integrated systems combining optical and thermal sensors with proprietary AI, and provides maritime machine vision software compatible with third party cameras. SEA.AI solutions deliver automatic detection and classification of floating hazards, including people in the water for man overboard response, marine mammals to reduce the risk of strike, non cooperative vessels, and partially submerged objects that conventional systems cannot detect. By delivering real time visual alerts and actionable information on the bridge, the technology strengthens navigational safety, perimeter surveillance, and maritime security across recreational, commercial, governmental, and autonomous fleets.\",\"email\":\"contact@sea.ai\",\"legalName\":\"SEA.AI GmbH\",\"vatID\":\"ATU74570047\",\"numberOfEmployees\":{\"@type\":\"QuantitativeValue\",\"minValue\":\"51\",\"maxValue\":\"200\"}}]}<\/script>\n<!-- \/ Yoast SEO Premium plugin. -->","yoast_head_json":{"title":"Mentions l\u00e9gales | SEA.AI","robots":{"index":"index","follow":"follow","max-snippet":"max-snippet:-1","max-image-preview":"max-image-preview:large","max-video-preview":"max-video-preview:-1"},"canonical":"https:\/\/www.sea.ai\/fr\/mentions-legales\/","og_locale":"fr_FR","og_type":"article","og_title":"Mentions l\u00e9gales","og_description":"Mentions l\u00e9gales \u00c9diteur SEA.AI GMBH Peter-Behrens-Platz 4, 6. OG 4020 Linz, Austriacontact@sea.ai +43 664 1565364 Directeur de publication:&nbsp;Marcus Warrelmann Num\u00e9ro d&rsquo;enregistrement: FN 488621 k Num\u00e9ro de TVA intracommunautaire:&nbsp;ATU74570047 Donn\u00e9es personnelles L&rsquo;utilisation du formulaire de contact entra\u00eene la collecte de donn\u00e9es personnelles et nominatives. Ces donn\u00e9es ne sont collect\u00e9es que pour le traitement de votre demande, [&hellip;]","og_url":"https:\/\/www.sea.ai\/fr\/mentions-legales\/","og_site_name":"SEA.AI","article_publisher":"https:\/\/www.facebook.com\/SeaAiGroup","article_modified_time":"2024-11-22T13:26:43+00:00","og_image":[{"width":2560,"height":2012,"url":"https:\/\/www.sea.ai\/uploads\/2022\/09\/SEA.AI-Background-Image-scaled.webp","type":"image\/webp"}],"twitter_card":"summary_large_image","twitter_site":"@SeaAiGroup","twitter_misc":{"Dur\u00e9e de lecture estim\u00e9e":"1 minute"},"schema":{"@context":"https:\/\/schema.org","@graph":[{"@type":"WebPage","@id":"https:\/\/www.sea.ai\/fr\/mentions-legales\/","url":"https:\/\/www.sea.ai\/fr\/mentions-legales\/","name":"Mentions l\u00e9gales | SEA.AI","isPartOf":{"@id":"https:\/\/www.sea.ai\/fr\/#website"},"datePublished":"2021-03-17T15:41:02+00:00","dateModified":"2024-11-22T13:26:43+00:00","breadcrumb":{"@id":"https:\/\/www.sea.ai\/fr\/mentions-legales\/#breadcrumb"},"inLanguage":"fr-FR","potentialAction":[{"@type":"ReadAction","target":["https:\/\/www.sea.ai\/fr\/mentions-legales\/"]}]},{"@type":"BreadcrumbList","@id":"https:\/\/www.sea.ai\/fr\/mentions-legales\/#breadcrumb","itemListElement":[{"@type":"ListItem","position":1,"name":"Home","item":"https:\/\/www.sea.ai\/fr\/"},{"@type":"ListItem","position":2,"name":"Mentions l\u00e9gales"}]},{"@type":"WebSite","@id":"https:\/\/www.sea.ai\/fr\/#website","url":"https:\/\/www.sea.ai\/fr\/","name":"SEA.AI","description":"Machine Vision for Safety at Sea","publisher":{"@id":"https:\/\/www.sea.ai\/fr\/#organization"},"potentialAction":[{"@type":"SearchAction","target":{"@type":"EntryPoint","urlTemplate":"https:\/\/www.sea.ai\/fr\/?s={search_term_string}"},"query-input":{"@type":"PropertyValueSpecification","valueRequired":true,"valueName":"search_term_string"}}],"inLanguage":"fr-FR"},{"@type":"Organization","@id":"https:\/\/www.sea.ai\/fr\/#organization","name":"SEA.AI","url":"https:\/\/www.sea.ai\/fr\/","logo":{"@type":"ImageObject","inLanguage":"fr-FR","@id":"https:\/\/www.sea.ai\/fr\/#\/schema\/logo\/image\/","url":"https:\/\/www.sea.ai\/uploads\/2023\/02\/Cursor-black-RGB.jpg","contentUrl":"https:\/\/www.sea.ai\/uploads\/2023\/02\/Cursor-black-RGB.jpg","width":561,"height":561,"caption":"SEA.AI"},"image":{"@id":"https:\/\/www.sea.ai\/fr\/#\/schema\/logo\/image\/"},"sameAs":["https:\/\/www.facebook.com\/SeaAiGroup","https:\/\/x.com\/SeaAiGroup","https:\/\/linkedin.com\/company\/sea-ai","https:\/\/www.youtube.com\/channel\/UCgOTg9pmSXNYXGBMXlsGesw","https:\/\/www.instagram.com\/Sea.AI.Group\/"],"description":"SEA.AI sets the benchmark in maritime machine vision, pioneering the use of artificial intelligence since 2018 to enhance safety, surveillance, and situational awareness at sea. The company develops and manufactures integrated systems combining optical and thermal sensors with proprietary AI, and provides maritime machine vision software compatible with third party cameras. SEA.AI solutions deliver automatic detection and classification of floating hazards, including people in the water for man overboard response, marine mammals to reduce the risk of strike, non cooperative vessels, and partially submerged objects that conventional systems cannot detect. By delivering real time visual alerts and actionable information on the bridge, the technology strengthens navigational safety, perimeter surveillance, and maritime security across recreational, commercial, governmental, and autonomous fleets.","email":"contact@sea.ai","legalName":"SEA.AI GmbH","vatID":"ATU74570047","numberOfEmployees":{"@type":"QuantitativeValue","minValue":"51","maxValue":"200"}}]}},"_links":{"self":[{"href":"https:\/\/www.sea.ai\/fr\/wp-json\/wp\/v2\/pages\/2708","targetHints":{"allow":["GET"]}}],"collection":[{"href":"https:\/\/www.sea.ai\/fr\/wp-json\/wp\/v2\/pages"}],"about":[{"href":"https:\/\/www.sea.ai\/fr\/wp-json\/wp\/v2\/types\/page"}],"author":[{"embeddable":true,"href":"https:\/\/www.sea.ai\/fr\/wp-json\/wp\/v2\/users\/4"}],"replies":[{"embeddable":true,"href":"https:\/\/www.sea.ai\/fr\/wp-json\/wp\/v2\/comments?post=2708"}],"version-history":[{"count":0,"href":"https:\/\/www.sea.ai\/fr\/wp-json\/wp\/v2\/pages\/2708\/revisions"}],"wp:attachment":[{"href":"https:\/\/www.sea.ai\/fr\/wp-json\/wp\/v2\/media?parent=2708"}],"curies":[{"name":"wp","href":"https:\/\/api.w.org\/{rel}","templated":true}]}}