{"id":23537,"date":"2024-09-03T13:23:11","date_gmt":"2024-09-03T12:23:11","guid":{"rendered":"https:\/\/www.sea.ai\/?page_id=23537"},"modified":"2026-01-13T09:59:37","modified_gmt":"2026-01-13T08:59:37","slug":"newsletter-registration","status":"publish","type":"page","link":"https:\/\/www.sea.ai\/fr\/newsletter-registration\/","title":{"rendered":"Bulletin d&rsquo;information &#8211; Inscription"},"content":{"rendered":"\t\t<div data-elementor-type=\"wp-page\" data-elementor-id=\"23537\" class=\"elementor elementor-23537 elementor-23536\" data-elementor-post-type=\"page\">\n\t\t\t\t<div class=\"elementor-element elementor-element-caa97f1 e-flex e-con-boxed e-con e-parent\" data-id=\"caa97f1\" data-element_type=\"container\" data-settings=\"{&quot;background_background&quot;:&quot;classic&quot;,&quot;jet_parallax_layout_list&quot;:[]}\">\n\t\t\t\t\t<div class=\"e-con-inner\">\n\t\t<div class=\"elementor-element elementor-element-a24dd8f e-flex e-con-boxed e-con e-child\" data-id=\"a24dd8f\" data-element_type=\"container\" data-settings=\"{&quot;jet_parallax_layout_list&quot;:[]}\">\n\t\t\t\t\t<div class=\"e-con-inner\">\n\t\t\t\t<div class=\"elementor-element elementor-element-47b28a5 elementor-widget elementor-widget-heading\" data-id=\"47b28a5\" data-element_type=\"widget\" data-widget_type=\"heading.default\">\n\t\t\t\t<div class=\"elementor-widget-container\">\n\t\t\t\t\t<h1 class=\"elementor-heading-title elementor-size-default\">S'inscrire \u00e0 la lettre d'information de SEA.AI<\/h1>\t\t\t\t<\/div>\n\t\t\t\t<\/div>\n\t\t\t\t<div class=\"elementor-element elementor-element-19748d8 elementor-widget elementor-widget-text-editor\" data-id=\"19748d8\" data-element_type=\"widget\" data-widget_type=\"text-editor.default\">\n\t\t\t\t<div class=\"elementor-widget-container\">\n\t\t\t\t\t\t\t\t\t<h5>Rejoignez notre newsletter pour rester inform\u00e9 des mises \u00e0 jour des produits et des logiciels, des cas d&rsquo;utilisation r\u00e9els et des tendances de l&rsquo;industrie.<\/h5>\t\t\t\t\t\t\t\t<\/div>\n\t\t\t\t<\/div>\n\t\t\t\t\t<\/div>\n\t\t\t\t<\/div>\n\t\t<div class=\"elementor-element elementor-element-bfc250b e-flex e-con-boxed e-con e-child\" data-id=\"bfc250b\" data-element_type=\"container\" data-settings=\"{&quot;jet_parallax_layout_list&quot;:[]}\">\n\t\t\t\t\t<div class=\"e-con-inner\">\n\t\t\t\t<div class=\"elementor-element elementor-element-ae593aa elementor-align-left elementor-widget elementor-widget-breadcrumbs\" data-id=\"ae593aa\" data-element_type=\"widget\" data-widget_type=\"breadcrumbs.default\">\n\t\t\t\t<div class=\"elementor-widget-container\">\n\t\t\t\t\t<p id=\"breadcrumbs\"><span><span><a href=\"https:\/\/www.sea.ai\/fr\/page-daccueil\/\">Home<\/a><\/span><\/span><\/p>\t\t\t\t<\/div>\n\t\t\t\t<\/div>\n\t\t\t\t\t<\/div>\n\t\t\t\t<\/div>\n\t\t\t\t\t<\/div>\n\t\t\t\t<\/div>\n\t\t<div class=\"elementor-element elementor-element-a1af271 e-con-full e-flex e-con e-parent\" data-id=\"a1af271\" data-element_type=\"container\" data-settings=\"{&quot;background_background&quot;:&quot;classic&quot;,&quot;jet_parallax_layout_list&quot;:[]}\">\n\t\t<div class=\"elementor-element elementor-element-0662c77 e-con-full e-flex e-con e-child\" data-id=\"0662c77\" data-element_type=\"container\" data-settings=\"{&quot;background_background&quot;:&quot;classic&quot;,&quot;jet_parallax_layout_list&quot;:[]}\">\n\t\t\t\t<div class=\"elementor-element elementor-element-a5a8560 elementor-widget elementor-widget-html\" data-id=\"a5a8560\" data-element_type=\"widget\" data-widget_type=\"html.default\">\n\t\t\t\t<div class=\"elementor-widget-container\">\n\t\t\t\t\t<div data-form-id=\"17c36e86-db69-ef11-bfe2-002248a01fe8\" data-form-api-url=\"https:\/\/public-eur.mkt.dynamics.com\/api\/v1.0\/orgs\/94fbd127-9b8c-4f9e-96d4-f6f6e7131827\/landingpageforms\" data-cached-form-url=\"https:\/\/assets-eur.mkt.dynamics.com\/94fbd127-9b8c-4f9e-96d4-f6f6e7131827\/digitalassets\/forms\/17c36e86-db69-ef11-bfe2-002248a01fe8\"><\/div>\n<script src=\"https:\/\/cxppusa1formui01cdnsa01-endpoint.azureedge.net\/eur\/FormLoader\/FormLoader.bundle.js\"><\/script>\t\t\t\t<\/div>\n\t\t\t\t<\/div>\n\t\t\t\t<\/div>\n\t\t<div data-dce-background-image-url=\"https:\/\/www.sea.ai\/uploads\/2025\/07\/\u00a9SEA.AI_Container_Polaryse_13.png\" class=\"elementor-element elementor-element-052127f e-con-full elementor-hidden-tablet elementor-hidden-mobile e-flex e-con e-child\" data-id=\"052127f\" data-element_type=\"container\" data-settings=\"{&quot;jet_parallax_layout_list&quot;:[],&quot;background_background&quot;:&quot;classic&quot;}\">\n\t\t\t\t<\/div>\n\t\t\t\t<\/div>\n\t\t\t\t<\/div>\n\t\t","protected":false},"excerpt":{"rendered":"<p>S&rsquo;inscrire \u00e0 la lettre d&rsquo;information de SEA.AI Rejoignez notre newsletter pour rester inform\u00e9 des mises \u00e0 jour des produits et des logiciels, des cas d&rsquo;utilisation r\u00e9els et des tendances de l&rsquo;industrie.<\/p>\n","protected":false},"author":32,"featured_media":35950,"parent":0,"menu_order":50,"comment_status":"closed","ping_status":"closed","template":"","meta":{"_acf_changed":false,"footnotes":""},"class_list":["post-23537","page","type-page","status-publish","has-post-thumbnail","hentry"],"acf":[],"yoast_head":"<!-- This site is optimized with the Yoast SEO Premium plugin v27.0 (Yoast SEO v27.0) - https:\/\/yoast.com\/product\/yoast-seo-premium-wordpress\/ -->\n<title>S&#039;abonner \u00e0 la lettre d&#039;information de SEA.AI | S\u00e9curit\u00e9 et mises \u00e0 jour techniques<\/title>\n<meta name=\"description\" content=\"Rejoignez la newsletter SEA.AI pour recevoir des informations exclusives sur les mises \u00e0 jour de produits, la vision marine IA, les innovations technologiques en mati\u00e8re de s\u00e9curit\u00e9, et bien plus encore.\" \/>\n<meta name=\"robots\" content=\"index, follow, max-snippet:-1, max-image-preview:large, max-video-preview:-1\" \/>\n<link rel=\"canonical\" href=\"https:\/\/www.sea.ai\/fr\/newsletter-registration\/\" \/>\n<meta property=\"og:locale\" content=\"fr_FR\" \/>\n<meta property=\"og:type\" content=\"article\" \/>\n<meta property=\"og:title\" content=\"S&#039;abonner \u00e0 la lettre d&#039;information de SEA.AI | S\u00e9curit\u00e9 et mises \u00e0 jour techniques\" \/>\n<meta property=\"og:description\" content=\"Rejoignez la newsletter SEA.AI pour recevoir des informations exclusives sur les mises \u00e0 jour de produits, la vision marine IA, les innovations technologiques en mati\u00e8re de s\u00e9curit\u00e9, et bien plus encore.\" \/>\n<meta property=\"og:url\" content=\"https:\/\/www.sea.ai\/fr\/newsletter-registration\/\" \/>\n<meta property=\"og:site_name\" content=\"SEA.AI\" \/>\n<meta property=\"article:publisher\" content=\"https:\/\/www.facebook.com\/SeaAiGroup\" \/>\n<meta property=\"article:modified_time\" content=\"2026-01-13T08:59:37+00:00\" \/>\n<meta property=\"og:image\" content=\"https:\/\/www.sea.ai\/uploads\/2025\/07\/\u00a9SEA.AI_Container_Polaryse_13.png\" \/>\n\t<meta property=\"og:image:width\" content=\"1441\" \/>\n\t<meta property=\"og:image:height\" content=\"960\" \/>\n\t<meta property=\"og:image:type\" content=\"image\/png\" \/>\n<meta name=\"twitter:card\" content=\"summary_large_image\" \/>\n<meta name=\"twitter:title\" content=\"Bulletin d&#039;information - Inscription\" \/>\n<meta name=\"twitter:site\" content=\"@SeaAiGroup\" \/>\n<meta name=\"twitter:label1\" content=\"Dur\u00e9e de lecture estim\u00e9e\" \/>\n\t<meta name=\"twitter:data1\" content=\"4 minutes\" \/>\n<script type=\"application\/ld+json\" class=\"yoast-schema-graph\">{\"@context\":\"https:\/\/schema.org\",\"@graph\":[{\"@type\":\"WebPage\",\"@id\":\"https:\/\/www.sea.ai\/fr\/newsletter-registration\/\",\"url\":\"https:\/\/www.sea.ai\/fr\/newsletter-registration\/\",\"name\":\"S'abonner \u00e0 la lettre d'information de SEA.AI | S\u00e9curit\u00e9 et mises \u00e0 jour techniques\",\"isPartOf\":{\"@id\":\"https:\/\/www.sea.ai\/fr\/#website\"},\"primaryImageOfPage\":{\"@id\":\"https:\/\/www.sea.ai\/fr\/newsletter-registration\/#primaryimage\"},\"image\":{\"@id\":\"https:\/\/www.sea.ai\/fr\/newsletter-registration\/#primaryimage\"},\"thumbnailUrl\":\"https:\/\/www.sea.ai\/uploads\/2025\/07\/\u00a9SEA.AI_Container_Polaryse_13.png\",\"datePublished\":\"2024-09-03T12:23:11+00:00\",\"dateModified\":\"2026-01-13T08:59:37+00:00\",\"description\":\"Rejoignez la newsletter SEA.AI pour recevoir des informations exclusives sur les mises \u00e0 jour de produits, la vision marine IA, les innovations technologiques en mati\u00e8re de s\u00e9curit\u00e9, et bien plus encore.\",\"breadcrumb\":{\"@id\":\"https:\/\/www.sea.ai\/fr\/newsletter-registration\/#breadcrumb\"},\"inLanguage\":\"fr-FR\",\"potentialAction\":[{\"@type\":\"ReadAction\",\"target\":[\"https:\/\/www.sea.ai\/fr\/newsletter-registration\/\"]}]},{\"@type\":\"ImageObject\",\"inLanguage\":\"fr-FR\",\"@id\":\"https:\/\/www.sea.ai\/fr\/newsletter-registration\/#primaryimage\",\"url\":\"https:\/\/www.sea.ai\/uploads\/2025\/07\/\u00a9SEA.AI_Container_Polaryse_13.png\",\"contentUrl\":\"https:\/\/www.sea.ai\/uploads\/2025\/07\/\u00a9SEA.AI_Container_Polaryse_13.png\",\"width\":1441,\"height\":960,\"caption\":\"Sailing boat at sea with a detection box from SEA.AI Software\"},{\"@type\":\"BreadcrumbList\",\"@id\":\"https:\/\/www.sea.ai\/fr\/newsletter-registration\/#breadcrumb\",\"itemListElement\":[{\"@type\":\"ListItem\",\"position\":1,\"name\":\"Home\",\"item\":\"https:\/\/www.sea.ai\/fr\/page-daccueil\/\"},{\"@type\":\"ListItem\",\"position\":2,\"name\":\"Bulletin d&#8217;information &#8211; Inscription\"}]},{\"@type\":\"WebSite\",\"@id\":\"https:\/\/www.sea.ai\/fr\/#website\",\"url\":\"https:\/\/www.sea.ai\/fr\/\",\"name\":\"SEA.AI\",\"description\":\"Machine Vision for Safety at Sea\",\"publisher\":{\"@id\":\"https:\/\/www.sea.ai\/fr\/#organization\"},\"potentialAction\":[{\"@type\":\"SearchAction\",\"target\":{\"@type\":\"EntryPoint\",\"urlTemplate\":\"https:\/\/www.sea.ai\/fr\/?s={search_term_string}\"},\"query-input\":{\"@type\":\"PropertyValueSpecification\",\"valueRequired\":true,\"valueName\":\"search_term_string\"}}],\"inLanguage\":\"fr-FR\"},{\"@type\":\"Organization\",\"@id\":\"https:\/\/www.sea.ai\/fr\/#organization\",\"name\":\"SEA.AI\",\"url\":\"https:\/\/www.sea.ai\/fr\/\",\"logo\":{\"@type\":\"ImageObject\",\"inLanguage\":\"fr-FR\",\"@id\":\"https:\/\/www.sea.ai\/fr\/#\/schema\/logo\/image\/\",\"url\":\"https:\/\/www.sea.ai\/uploads\/2023\/02\/Cursor-black-RGB.jpg\",\"contentUrl\":\"https:\/\/www.sea.ai\/uploads\/2023\/02\/Cursor-black-RGB.jpg\",\"width\":561,\"height\":561,\"caption\":\"SEA.AI\"},\"image\":{\"@id\":\"https:\/\/www.sea.ai\/fr\/#\/schema\/logo\/image\/\"},\"sameAs\":[\"https:\/\/www.facebook.com\/SeaAiGroup\",\"https:\/\/x.com\/SeaAiGroup\",\"https:\/\/linkedin.com\/company\/sea-ai\",\"https:\/\/www.youtube.com\/channel\/UCgOTg9pmSXNYXGBMXlsGesw\",\"https:\/\/www.instagram.com\/Sea.AI.Group\/\"],\"description\":\"SEA.AI sets the benchmark in maritime machine vision, pioneering the use of artificial intelligence since 2018 to enhance safety, surveillance, and situational awareness at sea. The company develops and manufactures integrated systems combining optical and thermal sensors with proprietary AI, and provides maritime machine vision software compatible with third party cameras. SEA.AI solutions deliver automatic detection and classification of floating hazards, including people in the water for man overboard response, marine mammals to reduce the risk of strike, non cooperative vessels, and partially submerged objects that conventional systems cannot detect. By delivering real time visual alerts and actionable information on the bridge, the technology strengthens navigational safety, perimeter surveillance, and maritime security across recreational, commercial, governmental, and autonomous fleets.\",\"email\":\"contact@sea.ai\",\"legalName\":\"SEA.AI GmbH\",\"vatID\":\"ATU74570047\",\"numberOfEmployees\":{\"@type\":\"QuantitativeValue\",\"minValue\":\"51\",\"maxValue\":\"200\"}}]}<\/script>\n<!-- \/ Yoast SEO Premium plugin. -->","yoast_head_json":{"title":"S'abonner \u00e0 la lettre d'information de SEA.AI | S\u00e9curit\u00e9 et mises \u00e0 jour techniques","description":"Rejoignez la newsletter SEA.AI pour recevoir des informations exclusives sur les mises \u00e0 jour de produits, la vision marine IA, les innovations technologiques en mati\u00e8re de s\u00e9curit\u00e9, et bien plus encore.","robots":{"index":"index","follow":"follow","max-snippet":"max-snippet:-1","max-image-preview":"max-image-preview:large","max-video-preview":"max-video-preview:-1"},"canonical":"https:\/\/www.sea.ai\/fr\/newsletter-registration\/","og_locale":"fr_FR","og_type":"article","og_title":"S'abonner \u00e0 la lettre d'information de SEA.AI | S\u00e9curit\u00e9 et mises \u00e0 jour techniques","og_description":"Rejoignez la newsletter SEA.AI pour recevoir des informations exclusives sur les mises \u00e0 jour de produits, la vision marine IA, les innovations technologiques en mati\u00e8re de s\u00e9curit\u00e9, et bien plus encore.","og_url":"https:\/\/www.sea.ai\/fr\/newsletter-registration\/","og_site_name":"SEA.AI","article_publisher":"https:\/\/www.facebook.com\/SeaAiGroup","article_modified_time":"2026-01-13T08:59:37+00:00","og_image":[{"width":1441,"height":960,"url":"https:\/\/www.sea.ai\/uploads\/2025\/07\/\u00a9SEA.AI_Container_Polaryse_13.png","type":"image\/png"}],"twitter_card":"summary_large_image","twitter_title":"Bulletin d'information - Inscription","twitter_site":"@SeaAiGroup","twitter_misc":{"Dur\u00e9e de lecture estim\u00e9e":"4 minutes"},"schema":{"@context":"https:\/\/schema.org","@graph":[{"@type":"WebPage","@id":"https:\/\/www.sea.ai\/fr\/newsletter-registration\/","url":"https:\/\/www.sea.ai\/fr\/newsletter-registration\/","name":"S'abonner \u00e0 la lettre d'information de SEA.AI | S\u00e9curit\u00e9 et mises \u00e0 jour techniques","isPartOf":{"@id":"https:\/\/www.sea.ai\/fr\/#website"},"primaryImageOfPage":{"@id":"https:\/\/www.sea.ai\/fr\/newsletter-registration\/#primaryimage"},"image":{"@id":"https:\/\/www.sea.ai\/fr\/newsletter-registration\/#primaryimage"},"thumbnailUrl":"https:\/\/www.sea.ai\/uploads\/2025\/07\/\u00a9SEA.AI_Container_Polaryse_13.png","datePublished":"2024-09-03T12:23:11+00:00","dateModified":"2026-01-13T08:59:37+00:00","description":"Rejoignez la newsletter SEA.AI pour recevoir des informations exclusives sur les mises \u00e0 jour de produits, la vision marine IA, les innovations technologiques en mati\u00e8re de s\u00e9curit\u00e9, et bien plus encore.","breadcrumb":{"@id":"https:\/\/www.sea.ai\/fr\/newsletter-registration\/#breadcrumb"},"inLanguage":"fr-FR","potentialAction":[{"@type":"ReadAction","target":["https:\/\/www.sea.ai\/fr\/newsletter-registration\/"]}]},{"@type":"ImageObject","inLanguage":"fr-FR","@id":"https:\/\/www.sea.ai\/fr\/newsletter-registration\/#primaryimage","url":"https:\/\/www.sea.ai\/uploads\/2025\/07\/\u00a9SEA.AI_Container_Polaryse_13.png","contentUrl":"https:\/\/www.sea.ai\/uploads\/2025\/07\/\u00a9SEA.AI_Container_Polaryse_13.png","width":1441,"height":960,"caption":"Sailing boat at sea with a detection box from SEA.AI Software"},{"@type":"BreadcrumbList","@id":"https:\/\/www.sea.ai\/fr\/newsletter-registration\/#breadcrumb","itemListElement":[{"@type":"ListItem","position":1,"name":"Home","item":"https:\/\/www.sea.ai\/fr\/page-daccueil\/"},{"@type":"ListItem","position":2,"name":"Bulletin d&#8217;information &#8211; Inscription"}]},{"@type":"WebSite","@id":"https:\/\/www.sea.ai\/fr\/#website","url":"https:\/\/www.sea.ai\/fr\/","name":"SEA.AI","description":"Machine Vision for Safety at Sea","publisher":{"@id":"https:\/\/www.sea.ai\/fr\/#organization"},"potentialAction":[{"@type":"SearchAction","target":{"@type":"EntryPoint","urlTemplate":"https:\/\/www.sea.ai\/fr\/?s={search_term_string}"},"query-input":{"@type":"PropertyValueSpecification","valueRequired":true,"valueName":"search_term_string"}}],"inLanguage":"fr-FR"},{"@type":"Organization","@id":"https:\/\/www.sea.ai\/fr\/#organization","name":"SEA.AI","url":"https:\/\/www.sea.ai\/fr\/","logo":{"@type":"ImageObject","inLanguage":"fr-FR","@id":"https:\/\/www.sea.ai\/fr\/#\/schema\/logo\/image\/","url":"https:\/\/www.sea.ai\/uploads\/2023\/02\/Cursor-black-RGB.jpg","contentUrl":"https:\/\/www.sea.ai\/uploads\/2023\/02\/Cursor-black-RGB.jpg","width":561,"height":561,"caption":"SEA.AI"},"image":{"@id":"https:\/\/www.sea.ai\/fr\/#\/schema\/logo\/image\/"},"sameAs":["https:\/\/www.facebook.com\/SeaAiGroup","https:\/\/x.com\/SeaAiGroup","https:\/\/linkedin.com\/company\/sea-ai","https:\/\/www.youtube.com\/channel\/UCgOTg9pmSXNYXGBMXlsGesw","https:\/\/www.instagram.com\/Sea.AI.Group\/"],"description":"SEA.AI sets the benchmark in maritime machine vision, pioneering the use of artificial intelligence since 2018 to enhance safety, surveillance, and situational awareness at sea. The company develops and manufactures integrated systems combining optical and thermal sensors with proprietary AI, and provides maritime machine vision software compatible with third party cameras. SEA.AI solutions deliver automatic detection and classification of floating hazards, including people in the water for man overboard response, marine mammals to reduce the risk of strike, non cooperative vessels, and partially submerged objects that conventional systems cannot detect. By delivering real time visual alerts and actionable information on the bridge, the technology strengthens navigational safety, perimeter surveillance, and maritime security across recreational, commercial, governmental, and autonomous fleets.","email":"contact@sea.ai","legalName":"SEA.AI GmbH","vatID":"ATU74570047","numberOfEmployees":{"@type":"QuantitativeValue","minValue":"51","maxValue":"200"}}]}},"_links":{"self":[{"href":"https:\/\/www.sea.ai\/fr\/wp-json\/wp\/v2\/pages\/23537","targetHints":{"allow":["GET"]}}],"collection":[{"href":"https:\/\/www.sea.ai\/fr\/wp-json\/wp\/v2\/pages"}],"about":[{"href":"https:\/\/www.sea.ai\/fr\/wp-json\/wp\/v2\/types\/page"}],"author":[{"embeddable":true,"href":"https:\/\/www.sea.ai\/fr\/wp-json\/wp\/v2\/users\/32"}],"replies":[{"embeddable":true,"href":"https:\/\/www.sea.ai\/fr\/wp-json\/wp\/v2\/comments?post=23537"}],"version-history":[{"count":0,"href":"https:\/\/www.sea.ai\/fr\/wp-json\/wp\/v2\/pages\/23537\/revisions"}],"wp:featuredmedia":[{"embeddable":true,"href":"https:\/\/www.sea.ai\/fr\/wp-json\/wp\/v2\/media\/35950"}],"wp:attachment":[{"href":"https:\/\/www.sea.ai\/fr\/wp-json\/wp\/v2\/media?parent=23537"}],"curies":[{"name":"wp","href":"https:\/\/api.w.org\/{rel}","templated":true}]}}