{"id":38965,"date":"2025-09-26T12:35:28","date_gmt":"2025-09-26T11:35:28","guid":{"rendered":"https:\/\/www.sea.ai\/?page_id=38965"},"modified":"2025-12-09T13:39:12","modified_gmt":"2025-12-09T12:39:12","slug":"watchkeeper-en-accion","status":"publish","type":"page","link":"https:\/\/www.sea.ai\/es\/producto-watchkeeper\/watchkeeper-en-accion\/","title":{"rendered":"Watchkeeper en acci\u00f3n"},"content":{"rendered":"\t\t<div data-elementor-type=\"wp-page\" data-elementor-id=\"38965\" class=\"elementor elementor-38965 elementor-38962\" data-elementor-post-type=\"page\">\n\t\t\t\t<div class=\"elementor-element elementor-element-9b197da e-con-full e-flex e-con e-parent\" data-id=\"9b197da\" data-element_type=\"container\" data-settings=\"{&quot;background_background&quot;:&quot;classic&quot;,&quot;jet_parallax_layout_list&quot;:[]}\">\n\t\t<div data-dce-background-color=\"#061127\" data-dce-background-overlay-color=\"#06112747\" data-dce-background-image-url=\"https:\/\/www.sea.ai\/uploads\/2025\/08\/\u00a9SEA.AI_Watchkeeper_Polaryse_165752-1-1536x1024.jpg\" class=\"elementor-element elementor-element-7ff13fa e-con-full e-flex e-con e-child\" data-id=\"7ff13fa\" data-element_type=\"container\" data-settings=\"{&quot;background_background&quot;:&quot;classic&quot;,&quot;jet_parallax_layout_list&quot;:[]}\">\n\t\t<div class=\"elementor-element elementor-element-56c7e52 e-flex e-con-boxed e-con e-child\" data-id=\"56c7e52\" data-element_type=\"container\" data-settings=\"{&quot;jet_parallax_layout_list&quot;:[]}\">\n\t\t\t\t\t<div class=\"e-con-inner\">\n\t\t\t\t<div class=\"elementor-element elementor-element-2c245a0 elementor-widget elementor-widget-heading\" data-id=\"2c245a0\" data-element_type=\"widget\" data-widget_type=\"heading.default\">\n\t\t\t\t<div class=\"elementor-widget-container\">\n\t\t\t\t\t<span class=\"elementor-heading-title elementor-size-default\">WATCHKEEPER <\/span>\t\t\t\t<\/div>\n\t\t\t\t<\/div>\n\t\t\t\t<div class=\"elementor-element elementor-element-c3b4497 elementor-widget elementor-widget-heading\" data-id=\"c3b4497\" data-element_type=\"widget\" data-widget_type=\"heading.default\">\n\t\t\t\t<div class=\"elementor-widget-container\">\n\t\t\t\t\t<h1 class=\"elementor-heading-title elementor-size-default\">Nuestra tecnolog\u00eda en acci\u00f3n<\/h1>\t\t\t\t<\/div>\n\t\t\t\t<\/div>\n\t\t\t\t<div class=\"elementor-element elementor-element-a42cd29 elementor-widget elementor-widget-text-editor\" data-id=\"a42cd29\" data-element_type=\"widget\" data-widget_type=\"text-editor.default\">\n\t\t\t\t<div class=\"elementor-widget-container\">\n\t\t\t\t\t\t\t\t\t<p class=\"p1\">Aqu\u00ed puedes explorar c\u00f3mo funciona la interfaz en tiempo real &#8211;<br>tanto si navegas al crep\u00fasculo como si regresas al puerto de noche o navegas en condiciones dif\u00edciles.<\/p>\t\t\t\t\t\t\t\t<\/div>\n\t\t\t\t<\/div>\n\t\t\t\t<div class=\"elementor-element elementor-element-4404292 elementor-widget elementor-widget-button\" data-id=\"4404292\" data-element_type=\"widget\" data-widget_type=\"button.default\">\n\t\t\t\t<div class=\"elementor-widget-container\">\n\t\t\t\t\t\t\t\t\t<div class=\"elementor-button-wrapper\">\n\t\t\t\t\t<a class=\"elementor-button elementor-button-link elementor-size-sm\" href=\"#video\">\n\t\t\t\t\t\t<span class=\"elementor-button-content-wrapper\">\n\t\t\t\t\t\t\t\t\t<span class=\"elementor-button-text\">VER AHORA<\/span>\n\t\t\t\t\t<\/span>\n\t\t\t\t\t<\/a>\n\t\t\t\t<\/div>\n\t\t\t\t\t\t\t\t<\/div>\n\t\t\t\t<\/div>\n\t\t\t\t\t<\/div>\n\t\t\t\t<\/div>\n\t\t\t\t<\/div>\n\t\t\t\t<\/div>\n\t\t<div class=\"elementor-element elementor-element-53150eed e-con-full e-flex e-con e-parent\" data-id=\"53150eed\" data-element_type=\"container\" id=\"presentation\" data-settings=\"{&quot;background_background&quot;:&quot;classic&quot;,&quot;jet_parallax_layout_list&quot;:[]}\">\n\t\t\t\t<div class=\"elementor-element elementor-element-4063554 elementor-widget-divider--view-line elementor-widget elementor-widget-divider\" data-id=\"4063554\" data-element_type=\"widget\" data-widget_type=\"divider.default\">\n\t\t\t\t<div class=\"elementor-widget-container\">\n\t\t\t\t\t\t\t<div class=\"elementor-divider\">\n\t\t\t<span class=\"elementor-divider-separator\">\n\t\t\t\t\t\t<\/span>\n\t\t<\/div>\n\t\t\t\t\t\t<\/div>\n\t\t\t\t<\/div>\n\t\t<div class=\"elementor-element elementor-element-2b9c694 e-con-full e-flex e-con e-child\" data-id=\"2b9c694\" data-element_type=\"container\" id=\"faq\" data-settings=\"{&quot;jet_parallax_layout_list&quot;:[],&quot;background_background&quot;:&quot;classic&quot;}\">\n\t\t\t\t<div class=\"elementor-element elementor-element-7bb5031 elementor-widget elementor-widget-text-editor\" data-id=\"7bb5031\" data-element_type=\"widget\" data-widget_type=\"text-editor.default\">\n\t\t\t\t<div class=\"elementor-widget-container\">\n\t\t\t\t\t\t\t\t\t<h2>Durante el d\u00eda y el crep\u00fasculo<\/h2>\t\t\t\t\t\t\t\t<\/div>\n\t\t\t\t<\/div>\n\t\t\t\t<\/div>\n\t\t<div class=\"elementor-element elementor-element-37cc057d e-con-full e-flex e-con e-child\" data-id=\"37cc057d\" data-element_type=\"container\" id=\"features\" data-settings=\"{&quot;jet_parallax_layout_list&quot;:[],&quot;background_background&quot;:&quot;classic&quot;}\">\n\t\t<div class=\"elementor-element elementor-element-5ada5c9c e-con-full e-flex e-con e-child\" data-id=\"5ada5c9c\" data-element_type=\"container\" id=\"video\" data-settings=\"{&quot;jet_parallax_layout_list&quot;:[],&quot;background_background&quot;:&quot;classic&quot;}\">\n\t\t\t\t<div class=\"elementor-element elementor-element-304397a elementor-widget elementor-widget-video\" data-id=\"304397a\" data-element_type=\"widget\" id=\"video\" data-settings=\"{&quot;youtube_url&quot;:&quot;https:\\\/\\\/youtu.be\\\/4zfQVpmV0Fo&quot;,&quot;start&quot;:5,&quot;autoplay&quot;:&quot;yes&quot;,&quot;play_on_mobile&quot;:&quot;yes&quot;,&quot;video_type&quot;:&quot;youtube&quot;,&quot;controls&quot;:&quot;yes&quot;}\" data-widget_type=\"video.default\">\n\t\t\t\t<div class=\"elementor-widget-container\">\n\t\t\t\t\t\t\t<div class=\"elementor-wrapper elementor-open-inline\">\n\t\t\t<div class=\"elementor-video\"><\/div>\t\t<\/div>\n\t\t\t\t\t\t<\/div>\n\t\t\t\t<\/div>\n\t\t\t\t<div class=\"elementor-element elementor-element-5041fdf elementor-widget elementor-widget-text-editor\" data-id=\"5041fdf\" data-element_type=\"widget\" data-widget_type=\"text-editor.default\">\n\t\t\t\t<div class=\"elementor-widget-container\">\n\t\t\t\t\t\t\t\t\t<h4 class=\"p2\">Watchkeeper Sailing 1024<\/h4><p class=\"p2\">Nuestra tecnolog\u00eda destaca claramente las detecciones lejanas, ofreciendo a los navegantes un conocimiento temprano directamente en la pantalla.<\/p>\t\t\t\t\t\t\t\t<\/div>\n\t\t\t\t<\/div>\n\t\t\t\t<\/div>\n\t\t<div class=\"elementor-element elementor-element-58927792 e-con-full e-flex e-con e-child\" data-id=\"58927792\" data-element_type=\"container\" data-settings=\"{&quot;jet_parallax_layout_list&quot;:[],&quot;background_background&quot;:&quot;classic&quot;}\">\n\t\t\t\t<div class=\"elementor-element elementor-element-fc7f479 elementor-widget elementor-widget-video\" data-id=\"fc7f479\" data-element_type=\"widget\" data-settings=\"{&quot;youtube_url&quot;:&quot;https:\\\/\\\/youtu.be\\\/uqfqF-IrpgM&quot;,&quot;start&quot;:5,&quot;autoplay&quot;:&quot;yes&quot;,&quot;play_on_mobile&quot;:&quot;yes&quot;,&quot;video_type&quot;:&quot;youtube&quot;,&quot;controls&quot;:&quot;yes&quot;}\" data-widget_type=\"video.default\">\n\t\t\t\t<div class=\"elementor-widget-container\">\n\t\t\t\t\t\t\t<div class=\"elementor-wrapper elementor-open-inline\">\n\t\t\t<div class=\"elementor-video\"><\/div>\t\t<\/div>\n\t\t\t\t\t\t<\/div>\n\t\t\t\t<\/div>\n\t\t\t\t<div class=\"elementor-element elementor-element-6f915f9 elementor-widget elementor-widget-text-editor\" data-id=\"6f915f9\" data-element_type=\"widget\" data-widget_type=\"text-editor.default\">\n\t\t\t\t<div class=\"elementor-widget-container\">\n\t\t\t\t\t\t\t\t\t<h4>Watchkeeper Motor 1280<\/h4><p class=\"p2\">La IA detecta y marca embarcaciones peque\u00f1as y boyas con antelaci\u00f3n, dando confianza a los navegantes y una navegaci\u00f3n m\u00e1s segura.<\/p>\t\t\t\t\t\t\t\t<\/div>\n\t\t\t\t<\/div>\n\t\t\t\t<\/div>\n\t\t\t\t<\/div>\n\t\t<div class=\"elementor-element elementor-element-e5ba74a e-con-full e-flex e-con e-child\" data-id=\"e5ba74a\" data-element_type=\"container\" data-settings=\"{&quot;jet_parallax_layout_list&quot;:[],&quot;background_background&quot;:&quot;classic&quot;}\">\n\t\t<div class=\"elementor-element elementor-element-c411d19 e-con-full e-flex e-con e-child\" data-id=\"c411d19\" data-element_type=\"container\" data-settings=\"{&quot;jet_parallax_layout_list&quot;:[],&quot;background_background&quot;:&quot;classic&quot;}\">\n\t\t\t\t<div class=\"elementor-element elementor-element-59a9cc1 elementor-widget elementor-widget-text-editor\" data-id=\"59a9cc1\" data-element_type=\"widget\" data-widget_type=\"text-editor.default\">\n\t\t\t\t<div class=\"elementor-widget-container\">\n\t\t\t\t\t\t\t\t\t<h2>De noche<\/h2>\t\t\t\t\t\t\t\t<\/div>\n\t\t\t\t<\/div>\n\t\t\t\t<div class=\"elementor-element elementor-element-57845ae elementor-widget elementor-widget-video\" data-id=\"57845ae\" data-element_type=\"widget\" data-settings=\"{&quot;youtube_url&quot;:&quot;https:\\\/\\\/youtu.be\\\/mnk_RHRqKyI&quot;,&quot;start&quot;:5,&quot;autoplay&quot;:&quot;yes&quot;,&quot;play_on_mobile&quot;:&quot;yes&quot;,&quot;video_type&quot;:&quot;youtube&quot;,&quot;controls&quot;:&quot;yes&quot;}\" data-widget_type=\"video.default\">\n\t\t\t\t<div class=\"elementor-widget-container\">\n\t\t\t\t\t\t\t<div class=\"elementor-wrapper elementor-open-inline\">\n\t\t\t<div class=\"elementor-video\"><\/div>\t\t<\/div>\n\t\t\t\t\t\t<\/div>\n\t\t\t\t<\/div>\n\t\t\t\t<div class=\"elementor-element elementor-element-1ce8c91 elementor-widget elementor-widget-text-editor\" data-id=\"1ce8c91\" data-element_type=\"widget\" data-widget_type=\"text-editor.default\">\n\t\t\t\t<div class=\"elementor-widget-container\">\n\t\t\t\t\t\t\t\t\t<h4>Watchkeeper Motor 1024<\/h4><p class=\"p2\">Nuestra IA identifica los peligros durante una entrada en puerto a alta velocidad por la noche, garantizando una orientaci\u00f3n clara cuando la visibilidad es escasa.<\/p>\t\t\t\t\t\t\t\t<\/div>\n\t\t\t\t<\/div>\n\t\t\t\t<\/div>\n\t\t<div class=\"elementor-element elementor-element-c76d9b1 e-con-full e-flex e-con e-child\" data-id=\"c76d9b1\" data-element_type=\"container\" data-settings=\"{&quot;jet_parallax_layout_list&quot;:[],&quot;background_background&quot;:&quot;classic&quot;}\">\n\t\t\t\t<div class=\"elementor-element elementor-element-63c8c3b elementor-widget elementor-widget-text-editor\" data-id=\"63c8c3b\" data-element_type=\"widget\" data-widget_type=\"text-editor.default\">\n\t\t\t\t<div class=\"elementor-widget-container\">\n\t\t\t\t\t\t\t\t\t<h2>Detecci\u00f3n de hombre a bordo (MOB)<\/h2>\t\t\t\t\t\t\t\t<\/div>\n\t\t\t\t<\/div>\n\t\t\t\t<div class=\"elementor-element elementor-element-50bf571 elementor-widget elementor-widget-video\" data-id=\"50bf571\" data-element_type=\"widget\" data-settings=\"{&quot;youtube_url&quot;:&quot;https:\\\/\\\/youtu.be\\\/SPFB0nNQ8sU&quot;,&quot;start&quot;:5,&quot;autoplay&quot;:&quot;yes&quot;,&quot;play_on_mobile&quot;:&quot;yes&quot;,&quot;video_type&quot;:&quot;youtube&quot;,&quot;controls&quot;:&quot;yes&quot;}\" data-widget_type=\"video.default\">\n\t\t\t\t<div class=\"elementor-widget-container\">\n\t\t\t\t\t\t\t<div class=\"elementor-wrapper elementor-open-inline\">\n\t\t\t<div class=\"elementor-video\"><\/div>\t\t<\/div>\n\t\t\t\t\t\t<\/div>\n\t\t\t\t<\/div>\n\t\t\t\t<div class=\"elementor-element elementor-element-a06b146 elementor-widget elementor-widget-text-editor\" data-id=\"a06b146\" data-element_type=\"widget\" data-widget_type=\"text-editor.default\">\n\t\t\t\t<div class=\"elementor-widget-container\">\n\t\t\t\t\t\t\t\t\t<h4>Watchkeeper Motor 1280<\/h4><p class=\"p1\">Nuestra IA detecta y marca instant\u00e1neamente a una persona en el agua por la noche, proporcionando alertas cr\u00edticas para apoyar una recuperaci\u00f3n r\u00e1pida y segura.<\/p>\t\t\t\t\t\t\t\t<\/div>\n\t\t\t\t<\/div>\n\t\t\t\t<\/div>\n\t\t\t\t<\/div>\n\t\t\t\t<div class=\"elementor-element elementor-element-e10b23e elementor-widget-divider--view-line elementor-widget elementor-widget-divider\" data-id=\"e10b23e\" data-element_type=\"widget\" data-widget_type=\"divider.default\">\n\t\t\t\t<div class=\"elementor-widget-container\">\n\t\t\t\t\t\t\t<div class=\"elementor-divider\">\n\t\t\t<span class=\"elementor-divider-separator\">\n\t\t\t\t\t\t<\/span>\n\t\t<\/div>\n\t\t\t\t\t\t<\/div>\n\t\t\t\t<\/div>\n\t\t\t\t<div class=\"elementor-element elementor-element-e1187cd elementor-cta--skin-classic elementor-animated-content elementor-bg-transform elementor-bg-transform-zoom-in elementor-widget elementor-widget-call-to-action\" data-id=\"e1187cd\" data-element_type=\"widget\" data-widget_type=\"call-to-action.default\">\n\t\t\t\t<div class=\"elementor-widget-container\">\n\t\t\t\t\t\t\t<div class=\"elementor-cta\">\n\t\t\t\t\t\t\t<div class=\"elementor-cta__content\">\n\t\t\t\t\n\t\t\t\t\t\t\t\t\t<h2 class=\"elementor-cta__title elementor-cta__content-item elementor-content-item\">\n\t\t\t\t\t\t\u00bfQuieres saber m\u00e1s?\t\t\t\t\t<\/h2>\n\t\t\t\t\n\t\t\t\t\t\t\t\t\t<div class=\"elementor-cta__description elementor-cta__content-item elementor-content-item\">\n\t\t\t\t\t\tSi quieres saber m\u00e1s sobre nuestra tecnolog\u00eda y ver m\u00e1s escenarios, <br>p\u00f3ngase en contacto con nosotros y le responderemos lo antes posible.\t\t\t\t\t<\/div>\n\t\t\t\t\n\t\t\t\t\t\t\t\t\t<div class=\"elementor-cta__button-wrapper elementor-cta__content-item elementor-content-item \">\n\t\t\t\t\t<a class=\"elementor-cta__button elementor-button elementor-size-\" href=\"https:\/\/www.sea.ai\/es\/contacto\/\">\n\t\t\t\t\t\tCONT\u00c1CTANOS\t\t\t\t\t<\/a>\n\t\t\t\t\t<\/div>\n\t\t\t\t\t\t\t<\/div>\n\t\t\t\t\t\t<\/div>\n\t\t\t\t\t\t<\/div>\n\t\t\t\t<\/div>\n\t\t\t\t<\/div>\n\t\t\t\t<\/div>\n\t\t","protected":false},"excerpt":{"rendered":"<p>WATCHKEEPER Nuestra tecnolog\u00eda en acci\u00f3n Aqu\u00ed puedes explorar c\u00f3mo funciona la interfaz en tiempo real &#8211;tanto si navegas al crep\u00fasculo como si regresas al puerto de noche o navegas en condiciones dif\u00edciles. VER AHORA Durante el d\u00eda y el crep\u00fasculo https:\/\/youtu.be\/4zfQVpmV0Fo Watchkeeper Sailing 1024 Nuestra tecnolog\u00eda destaca claramente las detecciones lejanas, ofreciendo a los navegantes [&hellip;]<\/p>\n","protected":false},"author":50,"featured_media":38681,"parent":36033,"menu_order":11,"comment_status":"closed","ping_status":"closed","template":"","meta":{"_acf_changed":false,"footnotes":""},"class_list":["post-38965","page","type-page","status-publish","has-post-thumbnail","hentry"],"acf":[],"yoast_head":"<!-- This site is optimized with the Yoast SEO Premium plugin v27.0 (Yoast SEO v27.0) - https:\/\/yoast.com\/product\/yoast-seo-premium-wordpress\/ -->\n<title>SEA.AI Watchkeeper: dise\u00f1ado para lanchas motoras y veleros<\/title>\n<meta name=\"description\" content=\"Descubre SEA.AI Watchkeeper, la c\u00e1mara t\u00e9rmica AI con detecci\u00f3n gran angular, alertas de objetos flotantes y funciones inteligentes para navegantes.\" \/>\n<meta name=\"robots\" content=\"noindex, nofollow\" \/>\n<meta property=\"og:locale\" content=\"es_ES\" \/>\n<meta property=\"og:type\" content=\"article\" \/>\n<meta property=\"og:title\" content=\"SEA.AI Watchkeeper: dise\u00f1ado para lanchas motoras y veleros\" \/>\n<meta property=\"og:description\" content=\"Descubre SEA.AI Watchkeeper, la c\u00e1mara t\u00e9rmica AI con detecci\u00f3n gran angular, alertas de objetos flotantes y funciones inteligentes para navegantes.\" \/>\n<meta property=\"og:url\" content=\"https:\/\/www.sea.ai\/es\/producto-watchkeeper\/\" \/>\n<meta property=\"og:site_name\" content=\"SEA.AI\" \/>\n<meta property=\"article:publisher\" content=\"https:\/\/www.facebook.com\/SeaAiGroup\" \/>\n<meta property=\"article:modified_time\" content=\"2025-12-09T12:39:12+00:00\" \/>\n<meta property=\"og:image\" content=\"https:\/\/www.sea.ai\/uploads\/2025\/09\/\u00a9SEA.AI_Watchkeeper_Polaryse_142525_logo-scaled.jpg\" \/>\n\t<meta property=\"og:image:width\" content=\"2560\" \/>\n\t<meta property=\"og:image:height\" content=\"1707\" \/>\n\t<meta property=\"og:image:type\" content=\"image\/jpeg\" \/>\n<meta name=\"twitter:card\" content=\"summary_large_image\" \/>\n<meta name=\"twitter:title\" content=\"Watchkeeper en acci\u00f3n\" \/>\n<meta name=\"twitter:site\" content=\"@SeaAiGroup\" \/>\n<meta name=\"twitter:label1\" content=\"Tiempo de lectura\" \/>\n\t<meta name=\"twitter:data1\" content=\"1 minute\" \/>\n<script type=\"application\/ld+json\" class=\"yoast-schema-graph\">{\"@context\":\"https:\/\/schema.org\",\"@graph\":[{\"@type\":\"WebPage\",\"@id\":\"https:\/\/www.sea.ai\/es\/producto-watchkeeper\/watchkeeper-en-accion\/\",\"url\":\"https:\/\/www.sea.ai\/es\/producto-watchkeeper\/\",\"name\":\"SEA.AI Watchkeeper: dise\u00f1ado para lanchas motoras y veleros\",\"isPartOf\":{\"@id\":\"https:\/\/www.sea.ai\/es\/#website\"},\"primaryImageOfPage\":{\"@id\":\"https:\/\/www.sea.ai\/es\/producto-watchkeeper\/#primaryimage\"},\"image\":{\"@id\":\"https:\/\/www.sea.ai\/es\/producto-watchkeeper\/#primaryimage\"},\"thumbnailUrl\":\"https:\/\/www.sea.ai\/uploads\/2025\/09\/\u00a9SEA.AI_Watchkeeper_Polaryse_142525_logo-scaled.jpg\",\"datePublished\":\"2025-09-26T11:35:28+00:00\",\"dateModified\":\"2025-12-09T12:39:12+00:00\",\"description\":\"Descubre SEA.AI Watchkeeper, la c\u00e1mara t\u00e9rmica AI con detecci\u00f3n gran angular, alertas de objetos flotantes y funciones inteligentes para navegantes.\",\"breadcrumb\":{\"@id\":\"https:\/\/www.sea.ai\/es\/producto-watchkeeper\/#breadcrumb\"},\"inLanguage\":\"es-ES\",\"potentialAction\":[{\"@type\":\"ReadAction\",\"target\":[\"https:\/\/www.sea.ai\/es\/producto-watchkeeper\/\"]}]},{\"@type\":\"ImageObject\",\"inLanguage\":\"es-ES\",\"@id\":\"https:\/\/www.sea.ai\/es\/producto-watchkeeper\/#primaryimage\",\"url\":\"https:\/\/www.sea.ai\/uploads\/2025\/09\/\u00a9SEA.AI_Watchkeeper_Polaryse_142525_logo-scaled.jpg\",\"contentUrl\":\"https:\/\/www.sea.ai\/uploads\/2025\/09\/\u00a9SEA.AI_Watchkeeper_Polaryse_142525_logo-scaled.jpg\",\"width\":2560,\"height\":1707},{\"@type\":\"BreadcrumbList\",\"@id\":\"https:\/\/www.sea.ai\/es\/producto-watchkeeper\/#breadcrumb\",\"itemListElement\":[{\"@type\":\"ListItem\",\"position\":1,\"name\":\"Home\",\"item\":\"https:\/\/www.sea.ai\/es\/pagina-de-inicio\/\"},{\"@type\":\"ListItem\",\"position\":2,\"name\":\"Producto Watchkeeper\",\"item\":\"https:\/\/www.sea.ai\/es\/producto-watchkeeper\/\"},{\"@type\":\"ListItem\",\"position\":3,\"name\":\"Watchkeeper en acci\u00f3n\"}]},{\"@type\":\"WebSite\",\"@id\":\"https:\/\/www.sea.ai\/es\/#website\",\"url\":\"https:\/\/www.sea.ai\/es\/\",\"name\":\"SEA.AI\",\"description\":\"Machine Vision for Safety at Sea\",\"publisher\":{\"@id\":\"https:\/\/www.sea.ai\/es\/#organization\"},\"potentialAction\":[{\"@type\":\"SearchAction\",\"target\":{\"@type\":\"EntryPoint\",\"urlTemplate\":\"https:\/\/www.sea.ai\/es\/?s={search_term_string}\"},\"query-input\":{\"@type\":\"PropertyValueSpecification\",\"valueRequired\":true,\"valueName\":\"search_term_string\"}}],\"inLanguage\":\"es-ES\"},{\"@type\":\"Organization\",\"@id\":\"https:\/\/www.sea.ai\/es\/#organization\",\"name\":\"SEA.AI\",\"url\":\"https:\/\/www.sea.ai\/es\/\",\"logo\":{\"@type\":\"ImageObject\",\"inLanguage\":\"es-ES\",\"@id\":\"https:\/\/www.sea.ai\/es\/#\/schema\/logo\/image\/\",\"url\":\"https:\/\/www.sea.ai\/uploads\/2023\/02\/Cursor-black-RGB.jpg\",\"contentUrl\":\"https:\/\/www.sea.ai\/uploads\/2023\/02\/Cursor-black-RGB.jpg\",\"width\":561,\"height\":561,\"caption\":\"SEA.AI\"},\"image\":{\"@id\":\"https:\/\/www.sea.ai\/es\/#\/schema\/logo\/image\/\"},\"sameAs\":[\"https:\/\/www.facebook.com\/SeaAiGroup\",\"https:\/\/x.com\/SeaAiGroup\",\"https:\/\/linkedin.com\/company\/sea-ai\",\"https:\/\/www.youtube.com\/channel\/UCgOTg9pmSXNYXGBMXlsGesw\",\"https:\/\/www.instagram.com\/Sea.AI.Group\/\"],\"description\":\"SEA.AI sets the benchmark in maritime machine vision, pioneering the use of artificial intelligence since 2018 to enhance safety, surveillance, and situational awareness at sea. The company develops and manufactures integrated systems combining optical and thermal sensors with proprietary AI, and provides maritime machine vision software compatible with third party cameras. SEA.AI solutions deliver automatic detection and classification of floating hazards, including people in the water for man overboard response, marine mammals to reduce the risk of strike, non cooperative vessels, and partially submerged objects that conventional systems cannot detect. By delivering real time visual alerts and actionable information on the bridge, the technology strengthens navigational safety, perimeter surveillance, and maritime security across recreational, commercial, governmental, and autonomous fleets.\",\"email\":\"contact@sea.ai\",\"legalName\":\"SEA.AI GmbH\",\"vatID\":\"ATU74570047\",\"numberOfEmployees\":{\"@type\":\"QuantitativeValue\",\"minValue\":\"51\",\"maxValue\":\"200\"}}]}<\/script>\n<!-- \/ Yoast SEO Premium plugin. -->","yoast_head_json":{"title":"SEA.AI Watchkeeper: dise\u00f1ado para lanchas motoras y veleros","description":"Descubre SEA.AI Watchkeeper, la c\u00e1mara t\u00e9rmica AI con detecci\u00f3n gran angular, alertas de objetos flotantes y funciones inteligentes para navegantes.","robots":{"index":"noindex","follow":"nofollow"},"og_locale":"es_ES","og_type":"article","og_title":"SEA.AI Watchkeeper: dise\u00f1ado para lanchas motoras y veleros","og_description":"Descubre SEA.AI Watchkeeper, la c\u00e1mara t\u00e9rmica AI con detecci\u00f3n gran angular, alertas de objetos flotantes y funciones inteligentes para navegantes.","og_url":"https:\/\/www.sea.ai\/es\/producto-watchkeeper\/","og_site_name":"SEA.AI","article_publisher":"https:\/\/www.facebook.com\/SeaAiGroup","article_modified_time":"2025-12-09T12:39:12+00:00","og_image":[{"width":2560,"height":1707,"url":"https:\/\/www.sea.ai\/uploads\/2025\/09\/\u00a9SEA.AI_Watchkeeper_Polaryse_142525_logo-scaled.jpg","type":"image\/jpeg"}],"twitter_card":"summary_large_image","twitter_title":"Watchkeeper en acci\u00f3n","twitter_site":"@SeaAiGroup","twitter_misc":{"Tiempo de lectura":"1 minute"},"schema":{"@context":"https:\/\/schema.org","@graph":[{"@type":"WebPage","@id":"https:\/\/www.sea.ai\/es\/producto-watchkeeper\/watchkeeper-en-accion\/","url":"https:\/\/www.sea.ai\/es\/producto-watchkeeper\/","name":"SEA.AI Watchkeeper: dise\u00f1ado para lanchas motoras y veleros","isPartOf":{"@id":"https:\/\/www.sea.ai\/es\/#website"},"primaryImageOfPage":{"@id":"https:\/\/www.sea.ai\/es\/producto-watchkeeper\/#primaryimage"},"image":{"@id":"https:\/\/www.sea.ai\/es\/producto-watchkeeper\/#primaryimage"},"thumbnailUrl":"https:\/\/www.sea.ai\/uploads\/2025\/09\/\u00a9SEA.AI_Watchkeeper_Polaryse_142525_logo-scaled.jpg","datePublished":"2025-09-26T11:35:28+00:00","dateModified":"2025-12-09T12:39:12+00:00","description":"Descubre SEA.AI Watchkeeper, la c\u00e1mara t\u00e9rmica AI con detecci\u00f3n gran angular, alertas de objetos flotantes y funciones inteligentes para navegantes.","breadcrumb":{"@id":"https:\/\/www.sea.ai\/es\/producto-watchkeeper\/#breadcrumb"},"inLanguage":"es-ES","potentialAction":[{"@type":"ReadAction","target":["https:\/\/www.sea.ai\/es\/producto-watchkeeper\/"]}]},{"@type":"ImageObject","inLanguage":"es-ES","@id":"https:\/\/www.sea.ai\/es\/producto-watchkeeper\/#primaryimage","url":"https:\/\/www.sea.ai\/uploads\/2025\/09\/\u00a9SEA.AI_Watchkeeper_Polaryse_142525_logo-scaled.jpg","contentUrl":"https:\/\/www.sea.ai\/uploads\/2025\/09\/\u00a9SEA.AI_Watchkeeper_Polaryse_142525_logo-scaled.jpg","width":2560,"height":1707},{"@type":"BreadcrumbList","@id":"https:\/\/www.sea.ai\/es\/producto-watchkeeper\/#breadcrumb","itemListElement":[{"@type":"ListItem","position":1,"name":"Home","item":"https:\/\/www.sea.ai\/es\/pagina-de-inicio\/"},{"@type":"ListItem","position":2,"name":"Producto Watchkeeper","item":"https:\/\/www.sea.ai\/es\/producto-watchkeeper\/"},{"@type":"ListItem","position":3,"name":"Watchkeeper en acci\u00f3n"}]},{"@type":"WebSite","@id":"https:\/\/www.sea.ai\/es\/#website","url":"https:\/\/www.sea.ai\/es\/","name":"SEA.AI","description":"Machine Vision for Safety at Sea","publisher":{"@id":"https:\/\/www.sea.ai\/es\/#organization"},"potentialAction":[{"@type":"SearchAction","target":{"@type":"EntryPoint","urlTemplate":"https:\/\/www.sea.ai\/es\/?s={search_term_string}"},"query-input":{"@type":"PropertyValueSpecification","valueRequired":true,"valueName":"search_term_string"}}],"inLanguage":"es-ES"},{"@type":"Organization","@id":"https:\/\/www.sea.ai\/es\/#organization","name":"SEA.AI","url":"https:\/\/www.sea.ai\/es\/","logo":{"@type":"ImageObject","inLanguage":"es-ES","@id":"https:\/\/www.sea.ai\/es\/#\/schema\/logo\/image\/","url":"https:\/\/www.sea.ai\/uploads\/2023\/02\/Cursor-black-RGB.jpg","contentUrl":"https:\/\/www.sea.ai\/uploads\/2023\/02\/Cursor-black-RGB.jpg","width":561,"height":561,"caption":"SEA.AI"},"image":{"@id":"https:\/\/www.sea.ai\/es\/#\/schema\/logo\/image\/"},"sameAs":["https:\/\/www.facebook.com\/SeaAiGroup","https:\/\/x.com\/SeaAiGroup","https:\/\/linkedin.com\/company\/sea-ai","https:\/\/www.youtube.com\/channel\/UCgOTg9pmSXNYXGBMXlsGesw","https:\/\/www.instagram.com\/Sea.AI.Group\/"],"description":"SEA.AI sets the benchmark in maritime machine vision, pioneering the use of artificial intelligence since 2018 to enhance safety, surveillance, and situational awareness at sea. The company develops and manufactures integrated systems combining optical and thermal sensors with proprietary AI, and provides maritime machine vision software compatible with third party cameras. SEA.AI solutions deliver automatic detection and classification of floating hazards, including people in the water for man overboard response, marine mammals to reduce the risk of strike, non cooperative vessels, and partially submerged objects that conventional systems cannot detect. By delivering real time visual alerts and actionable information on the bridge, the technology strengthens navigational safety, perimeter surveillance, and maritime security across recreational, commercial, governmental, and autonomous fleets.","email":"contact@sea.ai","legalName":"SEA.AI GmbH","vatID":"ATU74570047","numberOfEmployees":{"@type":"QuantitativeValue","minValue":"51","maxValue":"200"}}]}},"_links":{"self":[{"href":"https:\/\/www.sea.ai\/es\/wp-json\/wp\/v2\/pages\/38965","targetHints":{"allow":["GET"]}}],"collection":[{"href":"https:\/\/www.sea.ai\/es\/wp-json\/wp\/v2\/pages"}],"about":[{"href":"https:\/\/www.sea.ai\/es\/wp-json\/wp\/v2\/types\/page"}],"author":[{"embeddable":true,"href":"https:\/\/www.sea.ai\/es\/wp-json\/wp\/v2\/users\/50"}],"replies":[{"embeddable":true,"href":"https:\/\/www.sea.ai\/es\/wp-json\/wp\/v2\/comments?post=38965"}],"version-history":[{"count":0,"href":"https:\/\/www.sea.ai\/es\/wp-json\/wp\/v2\/pages\/38965\/revisions"}],"up":[{"embeddable":true,"href":"https:\/\/www.sea.ai\/es\/wp-json\/wp\/v2\/pages\/36033"}],"wp:featuredmedia":[{"embeddable":true,"href":"https:\/\/www.sea.ai\/es\/wp-json\/wp\/v2\/media\/38681"}],"wp:attachment":[{"href":"https:\/\/www.sea.ai\/es\/wp-json\/wp\/v2\/media?parent=38965"}],"curies":[{"name":"wp","href":"https:\/\/api.w.org\/{rel}","templated":true}]}}