{"id":24227,"date":"2024-09-13T08:32:39","date_gmt":"2024-09-13T07:32:39","guid":{"rendered":"https:\/\/www.sea.ai\/documento-biblioteca\/"},"modified":"2026-04-14T10:09:41","modified_gmt":"2026-04-14T09:09:41","slug":"documento-biblioteca","status":"publish","type":"page","link":"https:\/\/www.sea.ai\/es\/documento-biblioteca\/","title":{"rendered":"Biblioteca de documentos"},"content":{"rendered":"\t\t<div data-elementor-type=\"wp-page\" data-elementor-id=\"24227\" class=\"elementor elementor-24227 elementor-23883\" data-elementor-post-type=\"page\">\n\t\t\t\t<div class=\"elementor-element elementor-element-59abff8 e-flex e-con-boxed e-con e-parent\" data-id=\"59abff8\" data-element_type=\"container\" data-settings=\"{&quot;background_background&quot;:&quot;classic&quot;,&quot;jet_parallax_layout_list&quot;:[]}\">\n\t\t\t\t\t<div class=\"e-con-inner\">\n\t\t<div class=\"elementor-element elementor-element-1fe04c1 e-flex e-con-boxed e-con e-child\" data-id=\"1fe04c1\" data-element_type=\"container\" data-settings=\"{&quot;jet_parallax_layout_list&quot;:[]}\">\n\t\t\t\t\t<div class=\"e-con-inner\">\n\t\t\t\t<div class=\"elementor-element elementor-element-fbed217 elementor-widget elementor-widget-heading\" data-id=\"fbed217\" data-element_type=\"widget\" data-widget_type=\"heading.default\">\n\t\t\t\t<div class=\"elementor-widget-container\">\n\t\t\t\t\t<span class=\"elementor-heading-title elementor-size-default\">Descarga<\/span>\t\t\t\t<\/div>\n\t\t\t\t<\/div>\n\t\t\t\t<div class=\"elementor-element elementor-element-c457e04 elementor-widget elementor-widget-heading\" data-id=\"c457e04\" data-element_type=\"widget\" data-widget_type=\"heading.default\">\n\t\t\t\t<div class=\"elementor-widget-container\">\n\t\t\t\t\t<h1 class=\"elementor-heading-title elementor-size-default\">Biblioteca de documentos<\/h1>\t\t\t\t<\/div>\n\t\t\t\t<\/div>\n\t\t\t\t<div class=\"elementor-element elementor-element-82fbeb9 elementor-widget elementor-widget-heading\" data-id=\"82fbeb9\" data-element_type=\"widget\" data-widget_type=\"heading.default\">\n\t\t\t\t<div class=\"elementor-widget-container\">\n\t\t\t\t\t<p class=\"elementor-heading-title elementor-size-default\">Navega por nuestra base de conocimientos en l\u00ednea para acceder a los manuales de usuario y a las \u00faltimas versiones de software para tus productos.<\/p>\t\t\t\t<\/div>\n\t\t\t\t<\/div>\n\t\t\t\t\t<\/div>\n\t\t\t\t<\/div>\n\t\t<div class=\"elementor-element elementor-element-ca7919e e-flex e-con-boxed e-con e-child\" data-id=\"ca7919e\" data-element_type=\"container\" data-settings=\"{&quot;jet_parallax_layout_list&quot;:[]}\">\n\t\t\t\t\t<div class=\"e-con-inner\">\n\t\t\t\t<div class=\"elementor-element elementor-element-1fb9c62 elementor-align-left elementor-widget elementor-widget-breadcrumbs\" data-id=\"1fb9c62\" data-element_type=\"widget\" data-widget_type=\"breadcrumbs.default\">\n\t\t\t\t<div class=\"elementor-widget-container\">\n\t\t\t\t\t<p id=\"breadcrumbs\"><span><span><a href=\"https:\/\/www.sea.ai\/es\/pagina-de-inicio\/\">Home<\/a><\/span><\/span><\/p>\t\t\t\t<\/div>\n\t\t\t\t<\/div>\n\t\t\t\t\t<\/div>\n\t\t\t\t<\/div>\n\t\t\t\t\t<\/div>\n\t\t\t\t<\/div>\n\t\t<div class=\"elementor-element elementor-element-30c0a7e e-flex e-con-boxed e-con e-parent\" data-id=\"30c0a7e\" data-element_type=\"container\" data-settings=\"{&quot;jet_parallax_layout_list&quot;:[]}\">\n\t\t\t\t\t<div class=\"e-con-inner\">\n\t\t\t\t<div class=\"elementor-element elementor-element-91a1be6 elementor-widget elementor-widget-heading\" data-id=\"91a1be6\" data-element_type=\"widget\" data-widget_type=\"heading.default\">\n\t\t\t\t<div class=\"elementor-widget-container\">\n\t\t\t\t\t<h2 class=\"elementor-heading-title elementor-size-default\">Selecciona tu producto<\/h2>\t\t\t\t<\/div>\n\t\t\t\t<\/div>\n\t\t\t\t\t<\/div>\n\t\t\t\t<\/div>\n\t\t<div class=\"elementor-element elementor-element-fb98594 e-flex e-con-boxed e-con e-parent\" data-id=\"fb98594\" data-element_type=\"container\" data-settings=\"{&quot;jet_parallax_layout_list&quot;:[]}\">\n\t\t\t\t\t<div class=\"e-con-inner\">\n\t\t\t\t<div data-dce-advanced-background-color=\"#E0E0E0\" data-dce-advanced-background-hover-color=\"#F0F0F0\" class=\"elementor-element elementor-element-8fa6add elementor-position-top elementor-widget elementor-widget-image-box\" data-id=\"8fa6add\" data-element_type=\"widget\" data-widget_type=\"image-box.default\">\n\t\t\t\t<div class=\"elementor-widget-container\">\n\t\t\t\t\t<div class=\"elementor-image-box-wrapper\"><figure class=\"elementor-image-box-img\"><a href=\"https:\/\/seascience.sharepoint.com\/:f:\/s\/Knowledgebase2\/Erd5kRDR9ktIsWUofrrPxO4BKuuz76ebA08e1rbz3PadWA?e=eD7rcj\" target=\"_blank\" tabindex=\"-1\"><img decoding=\"async\" src=\"https:\/\/www.sea.ai\/uploads\/elementor\/thumbs\/Watchkeeper_documentlibrary-1-r7flaystai09e6oeoifn3v679baueyrq8ghkw387dc.png\" title=\"Watchkeeper_documentlibrary (1)\" alt=\"SEA.AI Watchkeeper\" loading=\"lazy\" \/><\/a><\/figure><div class=\"elementor-image-box-content\"><h3 class=\"elementor-image-box-title\"><a href=\"https:\/\/seascience.sharepoint.com\/:f:\/s\/Knowledgebase2\/Erd5kRDR9ktIsWUofrrPxO4BKuuz76ebA08e1rbz3PadWA?e=eD7rcj\" target=\"_blank\">Watchkeeper<\/a><\/h3><\/div><\/div>\t\t\t\t<\/div>\n\t\t\t\t<\/div>\n\t\t\t\t<div data-dce-advanced-background-color=\"#E0E0E0\" data-dce-advanced-background-hover-color=\"#F0F0F0\" class=\"elementor-element elementor-element-92b3475 elementor-position-top elementor-widget elementor-widget-image-box\" data-id=\"92b3475\" data-element_type=\"widget\" data-widget_type=\"image-box.default\">\n\t\t\t\t<div class=\"elementor-widget-container\">\n\t\t\t\t\t<div class=\"elementor-image-box-wrapper\"><figure class=\"elementor-image-box-img\"><a href=\"https:\/\/seascience.sharepoint.com\/:f:\/s\/Knowledgebase2\/EgZR9zj5r5NGv6X5lg9SeVIBFWkOiYXY73B7NsxH0aFukg?e=uMbSnv\" target=\"_blank\" tabindex=\"-1\"><img decoding=\"async\" src=\"https:\/\/www.sea.ai\/uploads\/elementor\/thumbs\/product_sentry-qxoeaa37b5rnk7jfbzktv1us7t8r6e193mcojcpzyo.png\" title=\"product_sentry\" alt=\"product_sentry\" loading=\"lazy\" \/><\/a><\/figure><div class=\"elementor-image-box-content\"><h3 class=\"elementor-image-box-title\"><a href=\"https:\/\/seascience.sharepoint.com\/:f:\/s\/Knowledgebase2\/EgZR9zj5r5NGv6X5lg9SeVIBFWkOiYXY73B7NsxH0aFukg?e=uMbSnv\" target=\"_blank\">Sentry<\/a><\/h3><\/div><\/div>\t\t\t\t<\/div>\n\t\t\t\t<\/div>\n\t\t\t\t<div data-dce-advanced-background-color=\"#E0E0E0\" data-dce-advanced-background-hover-color=\"#F0F0F0\" class=\"elementor-element elementor-element-5d51c11 elementor-position-top elementor-widget elementor-widget-image-box\" data-id=\"5d51c11\" data-element_type=\"widget\" data-widget_type=\"image-box.default\">\n\t\t\t\t<div class=\"elementor-widget-container\">\n\t\t\t\t\t<div class=\"elementor-image-box-wrapper\"><figure class=\"elementor-image-box-img\"><a href=\"https:\/\/seascience.sharepoint.com\/:f:\/s\/Knowledgebase2\/IgCp3BD6IzEcTZLSxWU7SEWPAY-vCuPhfQyEnS5sjcOAawU?e=nXTaxV\" target=\"_blank\" tabindex=\"-1\"><img decoding=\"async\" src=\"https:\/\/www.sea.ai\/uploads\/elementor\/thumbs\/SEAAI-Brain-scaled-r84i4isz52djv56spwkv145uquhdwmb8eyau5pia4w.png\" title=\"SEAAI-Brain\" alt=\"SEA.AI Brain System\" loading=\"lazy\" \/><\/a><\/figure><div class=\"elementor-image-box-content\"><h3 class=\"elementor-image-box-title\"><a href=\"https:\/\/seascience.sharepoint.com\/:f:\/s\/Knowledgebase2\/IgCp3BD6IzEcTZLSxWU7SEWPAY-vCuPhfQyEnS5sjcOAawU?e=nXTaxV\" target=\"_blank\">Brain<\/a><\/h3><\/div><\/div>\t\t\t\t<\/div>\n\t\t\t\t<\/div>\n\t\t\t\t\t<\/div>\n\t\t\t\t<\/div>\n\t\t<div class=\"elementor-element elementor-element-440092d e-flex e-con-boxed e-con e-parent\" data-id=\"440092d\" data-element_type=\"container\" data-settings=\"{&quot;jet_parallax_layout_list&quot;:[]}\">\n\t\t\t\t\t<div class=\"e-con-inner\">\n\t\t\t\t<div data-dce-advanced-background-color=\"#E0E0E0\" data-dce-advanced-background-hover-color=\"#F0F0F0\" class=\"elementor-element elementor-element-0b9f812 elementor-position-top elementor-widget elementor-widget-image-box\" data-id=\"0b9f812\" data-element_type=\"widget\" data-widget_type=\"image-box.default\">\n\t\t\t\t<div class=\"elementor-widget-container\">\n\t\t\t\t\t<div class=\"elementor-image-box-wrapper\"><figure class=\"elementor-image-box-img\"><a href=\"https:\/\/seascience.sharepoint.com\/:f:\/s\/Knowledgebase2\/EhUs0i6aUJNCvluktGlLS3oB0ld9l4qtguhGY2GO1J8L8w?e=ti1ffb\" target=\"_blank\" tabindex=\"-1\"><img decoding=\"async\" src=\"https:\/\/www.sea.ai\/uploads\/elementor\/thumbs\/product_competition-1-qxoeaa37b5rnk7jfbzktv1us7t8r6e193mcojcpzyo.png\" title=\"product_competition\" alt=\"product_competition\" loading=\"lazy\" \/><\/a><\/figure><div class=\"elementor-image-box-content\"><h3 class=\"elementor-image-box-title\"><a href=\"https:\/\/seascience.sharepoint.com\/:f:\/s\/Knowledgebase2\/EhUs0i6aUJNCvluktGlLS3oB0ld9l4qtguhGY2GO1J8L8w?e=ti1ffb\" target=\"_blank\">Competition<\/a><\/h3><\/div><\/div>\t\t\t\t<\/div>\n\t\t\t\t<\/div>\n\t\t\t\t<div data-dce-advanced-background-color=\"#E0E0E0\" data-dce-advanced-background-hover-color=\"#F0F0F0\" class=\"elementor-element elementor-element-29afc4e elementor-position-top elementor-widget elementor-widget-image-box\" data-id=\"29afc4e\" data-element_type=\"widget\" data-widget_type=\"image-box.default\">\n\t\t\t\t<div class=\"elementor-widget-container\">\n\t\t\t\t\t<div class=\"elementor-image-box-wrapper\"><figure class=\"elementor-image-box-img\"><a href=\"https:\/\/seascience.sharepoint.com\/:f:\/s\/Knowledgebase2\/EuviaUaasc1PjHEPDMfJ9I4BgUTwLgLDTJHmITTjMaJntg?e=tFhkI5\" target=\"_blank\" tabindex=\"-1\"><img decoding=\"async\" src=\"https:\/\/www.sea.ai\/uploads\/elementor\/thumbs\/sea-ai-offshore-1024x1024px-300x300-1-qxoeaese9by369clkjlypio36qll8vjws9m3xqj13k.webp\" title=\"sea-ai-offshore-1024x1024px-300&#215;300\" alt=\"sea-ai-offshore-1024x1024px-300x300\" loading=\"lazy\" \/><\/a><\/figure><div class=\"elementor-image-box-content\"><h3 class=\"elementor-image-box-title\"><a href=\"https:\/\/seascience.sharepoint.com\/:f:\/s\/Knowledgebase2\/EuviaUaasc1PjHEPDMfJ9I4BgUTwLgLDTJHmITTjMaJntg?e=tFhkI5\" target=\"_blank\">Offshore<\/a><\/h3><\/div><\/div>\t\t\t\t<\/div>\n\t\t\t\t<\/div>\n\t\t\t\t\t<\/div>\n\t\t\t\t<\/div>\n\t\t\t\t<\/div>\n\t\t","protected":false},"excerpt":{"rendered":"<p>Descarga Biblioteca de documentos Navega por nuestra base de conocimientos en l\u00ednea para acceder a los manuales de usuario y a las \u00faltimas versiones de software para tus productos. Selecciona tu producto Watchkeeper Sentry Brain Competition Offshore<\/p>\n","protected":false},"author":32,"featured_media":0,"parent":0,"menu_order":90,"comment_status":"closed","ping_status":"closed","template":"","meta":{"_acf_changed":false,"footnotes":""},"class_list":["post-24227","page","type-page","status-publish","hentry"],"acf":[],"yoast_head":"<!-- This site is optimized with the Yoast SEO Premium plugin v27.0 (Yoast SEO v27.0) - https:\/\/yoast.com\/product\/yoast-seo-premium-wordpress\/ -->\n<title>Biblioteca de Documentos SEA.AI | Manuales y Gu\u00edas<\/title>\n<meta name=\"description\" content=\"Consulta manuales de usuario, gu\u00edas de instalaci\u00f3n y especificaciones t\u00e9cnicas de SEA.AI en nuestra biblioteca de documentos en l\u00ednea.\" \/>\n<meta name=\"robots\" content=\"index, follow, max-snippet:-1, max-image-preview:large, max-video-preview:-1\" \/>\n<link rel=\"canonical\" href=\"https:\/\/www.sea.ai\/es\/documento-biblioteca\/\" \/>\n<meta property=\"og:locale\" content=\"es_ES\" \/>\n<meta property=\"og:type\" content=\"article\" \/>\n<meta property=\"og:title\" content=\"Biblioteca de Documentos SEA.AI | Manuales y Gu\u00edas\" \/>\n<meta property=\"og:description\" content=\"Consulta manuales de usuario, gu\u00edas de instalaci\u00f3n y especificaciones t\u00e9cnicas de SEA.AI en nuestra biblioteca de documentos en l\u00ednea.\" \/>\n<meta property=\"og:url\" content=\"https:\/\/www.sea.ai\/es\/documento-biblioteca\/\" \/>\n<meta property=\"og:site_name\" content=\"SEA.AI\" \/>\n<meta property=\"article:publisher\" content=\"https:\/\/www.facebook.com\/SeaAiGroup\" \/>\n<meta property=\"article:modified_time\" content=\"2026-04-14T09:09:41+00:00\" \/>\n<meta property=\"og:image\" content=\"https:\/\/www.sea.ai\/uploads\/2025\/07\/Document-Library-1024x538.jpg\" \/>\n<meta name=\"twitter:card\" content=\"summary_large_image\" \/>\n<meta name=\"twitter:title\" content=\"Biblioteca de documentos\" \/>\n<meta name=\"twitter:site\" content=\"@SeaAiGroup\" \/>\n<meta name=\"twitter:label1\" content=\"Tiempo de lectura\" \/>\n\t<meta name=\"twitter:data1\" content=\"1 minute\" \/>\n<script type=\"application\/ld+json\" class=\"yoast-schema-graph\">{\"@context\":\"https:\/\/schema.org\",\"@graph\":[{\"@type\":\"WebPage\",\"@id\":\"https:\/\/www.sea.ai\/es\/documento-biblioteca\/\",\"url\":\"https:\/\/www.sea.ai\/es\/documento-biblioteca\/\",\"name\":\"Biblioteca de Documentos SEA.AI | Manuales y Gu\u00edas\",\"isPartOf\":{\"@id\":\"https:\/\/www.sea.ai\/es\/#website\"},\"primaryImageOfPage\":{\"@id\":\"https:\/\/www.sea.ai\/es\/documento-biblioteca\/#primaryimage\"},\"image\":{\"@id\":\"https:\/\/www.sea.ai\/es\/documento-biblioteca\/#primaryimage\"},\"thumbnailUrl\":\"https:\/\/www.sea.ai\/uploads\/elementor\/thumbs\/Watchkeeper_documentlibrary-1-r7flaystai09e6oeoifn3v679baueyrq8ghkw387dc.png\",\"datePublished\":\"2024-09-13T07:32:39+00:00\",\"dateModified\":\"2026-04-14T09:09:41+00:00\",\"description\":\"Consulta manuales de usuario, gu\u00edas de instalaci\u00f3n y especificaciones t\u00e9cnicas de SEA.AI en nuestra biblioteca de documentos en l\u00ednea.\",\"breadcrumb\":{\"@id\":\"https:\/\/www.sea.ai\/es\/documento-biblioteca\/#breadcrumb\"},\"inLanguage\":\"es-ES\",\"potentialAction\":[{\"@type\":\"ReadAction\",\"target\":[\"https:\/\/www.sea.ai\/es\/documento-biblioteca\/\"]}]},{\"@type\":\"ImageObject\",\"inLanguage\":\"es-ES\",\"@id\":\"https:\/\/www.sea.ai\/es\/documento-biblioteca\/#primaryimage\",\"url\":\"https:\/\/www.sea.ai\/uploads\/elementor\/thumbs\/Watchkeeper_documentlibrary-1-r7flaystai09e6oeoifn3v679baueyrq8ghkw387dc.png\",\"contentUrl\":\"https:\/\/www.sea.ai\/uploads\/elementor\/thumbs\/Watchkeeper_documentlibrary-1-r7flaystai09e6oeoifn3v679baueyrq8ghkw387dc.png\"},{\"@type\":\"BreadcrumbList\",\"@id\":\"https:\/\/www.sea.ai\/es\/documento-biblioteca\/#breadcrumb\",\"itemListElement\":[{\"@type\":\"ListItem\",\"position\":1,\"name\":\"Home\",\"item\":\"https:\/\/www.sea.ai\/es\/pagina-de-inicio\/\"},{\"@type\":\"ListItem\",\"position\":2,\"name\":\"Biblioteca de documentos\"}]},{\"@type\":\"WebSite\",\"@id\":\"https:\/\/www.sea.ai\/es\/#website\",\"url\":\"https:\/\/www.sea.ai\/es\/\",\"name\":\"SEA.AI\",\"description\":\"Machine Vision for Safety at Sea\",\"publisher\":{\"@id\":\"https:\/\/www.sea.ai\/es\/#organization\"},\"potentialAction\":[{\"@type\":\"SearchAction\",\"target\":{\"@type\":\"EntryPoint\",\"urlTemplate\":\"https:\/\/www.sea.ai\/es\/?s={search_term_string}\"},\"query-input\":{\"@type\":\"PropertyValueSpecification\",\"valueRequired\":true,\"valueName\":\"search_term_string\"}}],\"inLanguage\":\"es-ES\"},{\"@type\":\"Organization\",\"@id\":\"https:\/\/www.sea.ai\/es\/#organization\",\"name\":\"SEA.AI\",\"url\":\"https:\/\/www.sea.ai\/es\/\",\"logo\":{\"@type\":\"ImageObject\",\"inLanguage\":\"es-ES\",\"@id\":\"https:\/\/www.sea.ai\/es\/#\/schema\/logo\/image\/\",\"url\":\"https:\/\/www.sea.ai\/uploads\/2023\/02\/Cursor-black-RGB.jpg\",\"contentUrl\":\"https:\/\/www.sea.ai\/uploads\/2023\/02\/Cursor-black-RGB.jpg\",\"width\":561,\"height\":561,\"caption\":\"SEA.AI\"},\"image\":{\"@id\":\"https:\/\/www.sea.ai\/es\/#\/schema\/logo\/image\/\"},\"sameAs\":[\"https:\/\/www.facebook.com\/SeaAiGroup\",\"https:\/\/x.com\/SeaAiGroup\",\"https:\/\/linkedin.com\/company\/sea-ai\",\"https:\/\/www.youtube.com\/channel\/UCgOTg9pmSXNYXGBMXlsGesw\",\"https:\/\/www.instagram.com\/Sea.AI.Group\/\"],\"description\":\"SEA.AI sets the benchmark in maritime machine vision, pioneering the use of artificial intelligence since 2018 to enhance safety, surveillance, and situational awareness at sea. The company develops and manufactures integrated systems combining optical and thermal sensors with proprietary AI, and provides maritime machine vision software compatible with third party cameras. SEA.AI solutions deliver automatic detection and classification of floating hazards, including people in the water for man overboard response, marine mammals to reduce the risk of strike, non cooperative vessels, and partially submerged objects that conventional systems cannot detect. By delivering real time visual alerts and actionable information on the bridge, the technology strengthens navigational safety, perimeter surveillance, and maritime security across recreational, commercial, governmental, and autonomous fleets.\",\"email\":\"contact@sea.ai\",\"legalName\":\"SEA.AI GmbH\",\"vatID\":\"ATU74570047\",\"numberOfEmployees\":{\"@type\":\"QuantitativeValue\",\"minValue\":\"51\",\"maxValue\":\"200\"}}]}<\/script>\n<!-- \/ Yoast SEO Premium plugin. -->","yoast_head_json":{"title":"Biblioteca de Documentos SEA.AI | Manuales y Gu\u00edas","description":"Consulta manuales de usuario, gu\u00edas de instalaci\u00f3n y especificaciones t\u00e9cnicas de SEA.AI en nuestra biblioteca de documentos en l\u00ednea.","robots":{"index":"index","follow":"follow","max-snippet":"max-snippet:-1","max-image-preview":"max-image-preview:large","max-video-preview":"max-video-preview:-1"},"canonical":"https:\/\/www.sea.ai\/es\/documento-biblioteca\/","og_locale":"es_ES","og_type":"article","og_title":"Biblioteca de Documentos SEA.AI | Manuales y Gu\u00edas","og_description":"Consulta manuales de usuario, gu\u00edas de instalaci\u00f3n y especificaciones t\u00e9cnicas de SEA.AI en nuestra biblioteca de documentos en l\u00ednea.","og_url":"https:\/\/www.sea.ai\/es\/documento-biblioteca\/","og_site_name":"SEA.AI","article_publisher":"https:\/\/www.facebook.com\/SeaAiGroup","article_modified_time":"2026-04-14T09:09:41+00:00","og_image":[{"url":"https:\/\/www.sea.ai\/uploads\/2025\/07\/Document-Library-1024x538.jpg","type":"","width":"","height":""}],"twitter_card":"summary_large_image","twitter_title":"Biblioteca de documentos","twitter_site":"@SeaAiGroup","twitter_misc":{"Tiempo de lectura":"1 minute"},"schema":{"@context":"https:\/\/schema.org","@graph":[{"@type":"WebPage","@id":"https:\/\/www.sea.ai\/es\/documento-biblioteca\/","url":"https:\/\/www.sea.ai\/es\/documento-biblioteca\/","name":"Biblioteca de Documentos SEA.AI | Manuales y Gu\u00edas","isPartOf":{"@id":"https:\/\/www.sea.ai\/es\/#website"},"primaryImageOfPage":{"@id":"https:\/\/www.sea.ai\/es\/documento-biblioteca\/#primaryimage"},"image":{"@id":"https:\/\/www.sea.ai\/es\/documento-biblioteca\/#primaryimage"},"thumbnailUrl":"https:\/\/www.sea.ai\/uploads\/elementor\/thumbs\/Watchkeeper_documentlibrary-1-r7flaystai09e6oeoifn3v679baueyrq8ghkw387dc.png","datePublished":"2024-09-13T07:32:39+00:00","dateModified":"2026-04-14T09:09:41+00:00","description":"Consulta manuales de usuario, gu\u00edas de instalaci\u00f3n y especificaciones t\u00e9cnicas de SEA.AI en nuestra biblioteca de documentos en l\u00ednea.","breadcrumb":{"@id":"https:\/\/www.sea.ai\/es\/documento-biblioteca\/#breadcrumb"},"inLanguage":"es-ES","potentialAction":[{"@type":"ReadAction","target":["https:\/\/www.sea.ai\/es\/documento-biblioteca\/"]}]},{"@type":"ImageObject","inLanguage":"es-ES","@id":"https:\/\/www.sea.ai\/es\/documento-biblioteca\/#primaryimage","url":"https:\/\/www.sea.ai\/uploads\/elementor\/thumbs\/Watchkeeper_documentlibrary-1-r7flaystai09e6oeoifn3v679baueyrq8ghkw387dc.png","contentUrl":"https:\/\/www.sea.ai\/uploads\/elementor\/thumbs\/Watchkeeper_documentlibrary-1-r7flaystai09e6oeoifn3v679baueyrq8ghkw387dc.png"},{"@type":"BreadcrumbList","@id":"https:\/\/www.sea.ai\/es\/documento-biblioteca\/#breadcrumb","itemListElement":[{"@type":"ListItem","position":1,"name":"Home","item":"https:\/\/www.sea.ai\/es\/pagina-de-inicio\/"},{"@type":"ListItem","position":2,"name":"Biblioteca de documentos"}]},{"@type":"WebSite","@id":"https:\/\/www.sea.ai\/es\/#website","url":"https:\/\/www.sea.ai\/es\/","name":"SEA.AI","description":"Machine Vision for Safety at Sea","publisher":{"@id":"https:\/\/www.sea.ai\/es\/#organization"},"potentialAction":[{"@type":"SearchAction","target":{"@type":"EntryPoint","urlTemplate":"https:\/\/www.sea.ai\/es\/?s={search_term_string}"},"query-input":{"@type":"PropertyValueSpecification","valueRequired":true,"valueName":"search_term_string"}}],"inLanguage":"es-ES"},{"@type":"Organization","@id":"https:\/\/www.sea.ai\/es\/#organization","name":"SEA.AI","url":"https:\/\/www.sea.ai\/es\/","logo":{"@type":"ImageObject","inLanguage":"es-ES","@id":"https:\/\/www.sea.ai\/es\/#\/schema\/logo\/image\/","url":"https:\/\/www.sea.ai\/uploads\/2023\/02\/Cursor-black-RGB.jpg","contentUrl":"https:\/\/www.sea.ai\/uploads\/2023\/02\/Cursor-black-RGB.jpg","width":561,"height":561,"caption":"SEA.AI"},"image":{"@id":"https:\/\/www.sea.ai\/es\/#\/schema\/logo\/image\/"},"sameAs":["https:\/\/www.facebook.com\/SeaAiGroup","https:\/\/x.com\/SeaAiGroup","https:\/\/linkedin.com\/company\/sea-ai","https:\/\/www.youtube.com\/channel\/UCgOTg9pmSXNYXGBMXlsGesw","https:\/\/www.instagram.com\/Sea.AI.Group\/"],"description":"SEA.AI sets the benchmark in maritime machine vision, pioneering the use of artificial intelligence since 2018 to enhance safety, surveillance, and situational awareness at sea. The company develops and manufactures integrated systems combining optical and thermal sensors with proprietary AI, and provides maritime machine vision software compatible with third party cameras. SEA.AI solutions deliver automatic detection and classification of floating hazards, including people in the water for man overboard response, marine mammals to reduce the risk of strike, non cooperative vessels, and partially submerged objects that conventional systems cannot detect. By delivering real time visual alerts and actionable information on the bridge, the technology strengthens navigational safety, perimeter surveillance, and maritime security across recreational, commercial, governmental, and autonomous fleets.","email":"contact@sea.ai","legalName":"SEA.AI GmbH","vatID":"ATU74570047","numberOfEmployees":{"@type":"QuantitativeValue","minValue":"51","maxValue":"200"}}]}},"_links":{"self":[{"href":"https:\/\/www.sea.ai\/es\/wp-json\/wp\/v2\/pages\/24227","targetHints":{"allow":["GET"]}}],"collection":[{"href":"https:\/\/www.sea.ai\/es\/wp-json\/wp\/v2\/pages"}],"about":[{"href":"https:\/\/www.sea.ai\/es\/wp-json\/wp\/v2\/types\/page"}],"author":[{"embeddable":true,"href":"https:\/\/www.sea.ai\/es\/wp-json\/wp\/v2\/users\/32"}],"replies":[{"embeddable":true,"href":"https:\/\/www.sea.ai\/es\/wp-json\/wp\/v2\/comments?post=24227"}],"version-history":[{"count":1,"href":"https:\/\/www.sea.ai\/es\/wp-json\/wp\/v2\/pages\/24227\/revisions"}],"predecessor-version":[{"id":49106,"href":"https:\/\/www.sea.ai\/es\/wp-json\/wp\/v2\/pages\/24227\/revisions\/49106"}],"wp:attachment":[{"href":"https:\/\/www.sea.ai\/es\/wp-json\/wp\/v2\/media?parent=24227"}],"curies":[{"name":"wp","href":"https:\/\/api.w.org\/{rel}","templated":true}]}}