{"id":23539,"date":"2024-09-03T13:23:11","date_gmt":"2024-09-03T12:23:11","guid":{"rendered":"https:\/\/www.sea.ai\/?page_id=23539"},"modified":"2026-01-13T11:05:00","modified_gmt":"2026-01-13T10:05:00","slug":"registro-newsletter","status":"publish","type":"page","link":"https:\/\/www.sea.ai\/es\/registro-newsletter\/","title":{"rendered":"Registro Newsletter"},"content":{"rendered":"\t\t<div data-elementor-type=\"wp-page\" data-elementor-id=\"23539\" class=\"elementor elementor-23539 elementor-23536\" data-elementor-post-type=\"page\">\n\t\t\t\t<div class=\"elementor-element elementor-element-caa97f1 e-flex e-con-boxed e-con e-parent\" data-id=\"caa97f1\" data-element_type=\"container\" data-settings=\"{&quot;background_background&quot;:&quot;classic&quot;,&quot;jet_parallax_layout_list&quot;:[]}\">\n\t\t\t\t\t<div class=\"e-con-inner\">\n\t\t<div class=\"elementor-element elementor-element-a24dd8f e-flex e-con-boxed e-con e-child\" data-id=\"a24dd8f\" data-element_type=\"container\" data-settings=\"{&quot;jet_parallax_layout_list&quot;:[]}\">\n\t\t\t\t\t<div class=\"e-con-inner\">\n\t\t\t\t<div class=\"elementor-element elementor-element-47b28a5 elementor-widget elementor-widget-heading\" data-id=\"47b28a5\" data-element_type=\"widget\" data-widget_type=\"heading.default\">\n\t\t\t\t<div class=\"elementor-widget-container\">\n\t\t\t\t\t<h1 class=\"elementor-heading-title elementor-size-default\">Suscr\u00edbase al bolet\u00edn de SEA.AI<\/h1>\t\t\t\t<\/div>\n\t\t\t\t<\/div>\n\t\t\t\t<div class=\"elementor-element elementor-element-19748d8 elementor-widget elementor-widget-text-editor\" data-id=\"19748d8\" data-element_type=\"widget\" data-widget_type=\"text-editor.default\">\n\t\t\t\t<div class=\"elementor-widget-container\">\n\t\t\t\t\t\t\t\t\t<h5>Suscr\u00edbase a nuestro bolet\u00edn para mantenerse informado sobre actualizaciones de productos y software, casos de uso reales y tendencias del sector.<\/h5>\t\t\t\t\t\t\t\t<\/div>\n\t\t\t\t<\/div>\n\t\t\t\t\t<\/div>\n\t\t\t\t<\/div>\n\t\t<div class=\"elementor-element elementor-element-bfc250b e-flex e-con-boxed e-con e-child\" data-id=\"bfc250b\" data-element_type=\"container\" data-settings=\"{&quot;jet_parallax_layout_list&quot;:[]}\">\n\t\t\t\t\t<div class=\"e-con-inner\">\n\t\t\t\t<div class=\"elementor-element elementor-element-ae593aa elementor-align-left elementor-widget elementor-widget-breadcrumbs\" data-id=\"ae593aa\" data-element_type=\"widget\" data-widget_type=\"breadcrumbs.default\">\n\t\t\t\t<div class=\"elementor-widget-container\">\n\t\t\t\t\t<p id=\"breadcrumbs\"><span><span><a href=\"https:\/\/www.sea.ai\/es\/pagina-de-inicio\/\">Home<\/a><\/span><\/span><\/p>\t\t\t\t<\/div>\n\t\t\t\t<\/div>\n\t\t\t\t\t<\/div>\n\t\t\t\t<\/div>\n\t\t\t\t\t<\/div>\n\t\t\t\t<\/div>\n\t\t<div class=\"elementor-element elementor-element-a1af271 e-con-full e-flex e-con e-parent\" data-id=\"a1af271\" data-element_type=\"container\" data-settings=\"{&quot;background_background&quot;:&quot;classic&quot;,&quot;jet_parallax_layout_list&quot;:[]}\">\n\t\t<div class=\"elementor-element elementor-element-0662c77 e-con-full e-flex e-con e-child\" data-id=\"0662c77\" data-element_type=\"container\" data-settings=\"{&quot;background_background&quot;:&quot;classic&quot;,&quot;jet_parallax_layout_list&quot;:[]}\">\n\t\t\t\t<div class=\"elementor-element elementor-element-a5a8560 elementor-widget elementor-widget-html\" data-id=\"a5a8560\" data-element_type=\"widget\" data-widget_type=\"html.default\">\n\t\t\t\t<div class=\"elementor-widget-container\">\n\t\t\t\t\t<div data-form-id=\"17c36e86-db69-ef11-bfe2-002248a01fe8\" data-form-api-url=\"https:\/\/public-eur.mkt.dynamics.com\/api\/v1.0\/orgs\/94fbd127-9b8c-4f9e-96d4-f6f6e7131827\/landingpageforms\" data-cached-form-url=\"https:\/\/assets-eur.mkt.dynamics.com\/94fbd127-9b8c-4f9e-96d4-f6f6e7131827\/digitalassets\/forms\/17c36e86-db69-ef11-bfe2-002248a01fe8\"><\/div>\n<script src=\"https:\/\/cxppusa1formui01cdnsa01-endpoint.azureedge.net\/eur\/FormLoader\/FormLoader.bundle.js\"><\/script>\t\t\t\t<\/div>\n\t\t\t\t<\/div>\n\t\t\t\t<\/div>\n\t\t<div data-dce-background-image-url=\"https:\/\/www.sea.ai\/uploads\/2025\/07\/\u00a9SEA.AI_Container_Polaryse_13.png\" class=\"elementor-element elementor-element-052127f e-con-full elementor-hidden-tablet elementor-hidden-mobile e-flex e-con e-child\" data-id=\"052127f\" data-element_type=\"container\" data-settings=\"{&quot;jet_parallax_layout_list&quot;:[],&quot;background_background&quot;:&quot;classic&quot;}\">\n\t\t\t\t<\/div>\n\t\t\t\t<\/div>\n\t\t\t\t<\/div>\n\t\t","protected":false},"excerpt":{"rendered":"<p>Suscr\u00edbase al bolet\u00edn de SEA.AI Suscr\u00edbase a nuestro bolet\u00edn para mantenerse informado sobre actualizaciones de productos y software, casos de uso reales y tendencias del sector.<\/p>\n","protected":false},"author":32,"featured_media":35952,"parent":0,"menu_order":50,"comment_status":"closed","ping_status":"closed","template":"","meta":{"_acf_changed":false,"footnotes":""},"class_list":["post-23539","page","type-page","status-publish","has-post-thumbnail","hentry"],"acf":[],"yoast_head":"<!-- This site is optimized with the Yoast SEO Premium plugin v27.0 (Yoast SEO v27.0) - https:\/\/yoast.com\/product\/yoast-seo-premium-wordpress\/ -->\n<title>Suscr\u00edbete a la newsletter de SEA.AI<\/title>\n<meta name=\"description\" content=\"Recibe novedades sobre productos SEA.AI, visi\u00f3n marina con IA, actualizaciones de seguridad e innovaci\u00f3n tecnol\u00f3gica en tu correo.\" \/>\n<meta name=\"robots\" content=\"index, follow, max-snippet:-1, max-image-preview:large, max-video-preview:-1\" \/>\n<link rel=\"canonical\" href=\"https:\/\/www.sea.ai\/es\/registro-newsletter\/\" \/>\n<meta property=\"og:locale\" content=\"es_ES\" \/>\n<meta property=\"og:type\" content=\"article\" \/>\n<meta property=\"og:title\" content=\"Suscr\u00edbete a la newsletter de SEA.AI\" \/>\n<meta property=\"og:description\" content=\"Recibe novedades sobre productos SEA.AI, visi\u00f3n marina con IA, actualizaciones de seguridad e innovaci\u00f3n tecnol\u00f3gica en tu correo.\" \/>\n<meta property=\"og:url\" content=\"https:\/\/www.sea.ai\/es\/registro-newsletter\/\" \/>\n<meta property=\"og:site_name\" content=\"SEA.AI\" \/>\n<meta property=\"article:publisher\" content=\"https:\/\/www.facebook.com\/SeaAiGroup\" \/>\n<meta property=\"article:modified_time\" content=\"2026-01-13T10:05:00+00:00\" \/>\n<meta property=\"og:image\" content=\"https:\/\/www.sea.ai\/uploads\/2025\/07\/\u00a9SEA.AI_Container_Polaryse_13.png\" \/>\n\t<meta property=\"og:image:width\" content=\"1441\" \/>\n\t<meta property=\"og:image:height\" content=\"960\" \/>\n\t<meta property=\"og:image:type\" content=\"image\/png\" \/>\n<meta name=\"twitter:card\" content=\"summary_large_image\" \/>\n<meta name=\"twitter:title\" content=\"Registro Newsletter\" \/>\n<meta name=\"twitter:site\" content=\"@SeaAiGroup\" \/>\n<meta name=\"twitter:label1\" content=\"Tiempo de lectura\" \/>\n\t<meta name=\"twitter:data1\" content=\"1 minute\" \/>\n<script type=\"application\/ld+json\" class=\"yoast-schema-graph\">{\"@context\":\"https:\/\/schema.org\",\"@graph\":[{\"@type\":\"WebPage\",\"@id\":\"https:\/\/www.sea.ai\/es\/registro-newsletter\/\",\"url\":\"https:\/\/www.sea.ai\/es\/registro-newsletter\/\",\"name\":\"Suscr\u00edbete a la newsletter de SEA.AI\",\"isPartOf\":{\"@id\":\"https:\/\/www.sea.ai\/es\/#website\"},\"primaryImageOfPage\":{\"@id\":\"https:\/\/www.sea.ai\/es\/registro-newsletter\/#primaryimage\"},\"image\":{\"@id\":\"https:\/\/www.sea.ai\/es\/registro-newsletter\/#primaryimage\"},\"thumbnailUrl\":\"https:\/\/www.sea.ai\/uploads\/2025\/07\/\u00a9SEA.AI_Container_Polaryse_13.png\",\"datePublished\":\"2024-09-03T12:23:11+00:00\",\"dateModified\":\"2026-01-13T10:05:00+00:00\",\"description\":\"Recibe novedades sobre productos SEA.AI, visi\u00f3n marina con IA, actualizaciones de seguridad e innovaci\u00f3n tecnol\u00f3gica en tu correo.\",\"breadcrumb\":{\"@id\":\"https:\/\/www.sea.ai\/es\/registro-newsletter\/#breadcrumb\"},\"inLanguage\":\"es-ES\",\"potentialAction\":[{\"@type\":\"ReadAction\",\"target\":[\"https:\/\/www.sea.ai\/es\/registro-newsletter\/\"]}]},{\"@type\":\"ImageObject\",\"inLanguage\":\"es-ES\",\"@id\":\"https:\/\/www.sea.ai\/es\/registro-newsletter\/#primaryimage\",\"url\":\"https:\/\/www.sea.ai\/uploads\/2025\/07\/\u00a9SEA.AI_Container_Polaryse_13.png\",\"contentUrl\":\"https:\/\/www.sea.ai\/uploads\/2025\/07\/\u00a9SEA.AI_Container_Polaryse_13.png\",\"width\":1441,\"height\":960,\"caption\":\"Sailing boat at sea with a detection box from SEA.AI Software\"},{\"@type\":\"BreadcrumbList\",\"@id\":\"https:\/\/www.sea.ai\/es\/registro-newsletter\/#breadcrumb\",\"itemListElement\":[{\"@type\":\"ListItem\",\"position\":1,\"name\":\"Home\",\"item\":\"https:\/\/www.sea.ai\/es\/pagina-de-inicio\/\"},{\"@type\":\"ListItem\",\"position\":2,\"name\":\"Registro Newsletter\"}]},{\"@type\":\"WebSite\",\"@id\":\"https:\/\/www.sea.ai\/es\/#website\",\"url\":\"https:\/\/www.sea.ai\/es\/\",\"name\":\"SEA.AI\",\"description\":\"Machine Vision for Safety at Sea\",\"publisher\":{\"@id\":\"https:\/\/www.sea.ai\/es\/#organization\"},\"potentialAction\":[{\"@type\":\"SearchAction\",\"target\":{\"@type\":\"EntryPoint\",\"urlTemplate\":\"https:\/\/www.sea.ai\/es\/?s={search_term_string}\"},\"query-input\":{\"@type\":\"PropertyValueSpecification\",\"valueRequired\":true,\"valueName\":\"search_term_string\"}}],\"inLanguage\":\"es-ES\"},{\"@type\":\"Organization\",\"@id\":\"https:\/\/www.sea.ai\/es\/#organization\",\"name\":\"SEA.AI\",\"url\":\"https:\/\/www.sea.ai\/es\/\",\"logo\":{\"@type\":\"ImageObject\",\"inLanguage\":\"es-ES\",\"@id\":\"https:\/\/www.sea.ai\/es\/#\/schema\/logo\/image\/\",\"url\":\"https:\/\/www.sea.ai\/uploads\/2023\/02\/Cursor-black-RGB.jpg\",\"contentUrl\":\"https:\/\/www.sea.ai\/uploads\/2023\/02\/Cursor-black-RGB.jpg\",\"width\":561,\"height\":561,\"caption\":\"SEA.AI\"},\"image\":{\"@id\":\"https:\/\/www.sea.ai\/es\/#\/schema\/logo\/image\/\"},\"sameAs\":[\"https:\/\/www.facebook.com\/SeaAiGroup\",\"https:\/\/x.com\/SeaAiGroup\",\"https:\/\/linkedin.com\/company\/sea-ai\",\"https:\/\/www.youtube.com\/channel\/UCgOTg9pmSXNYXGBMXlsGesw\",\"https:\/\/www.instagram.com\/Sea.AI.Group\/\"],\"description\":\"SEA.AI sets the benchmark in maritime machine vision, pioneering the use of artificial intelligence since 2018 to enhance safety, surveillance, and situational awareness at sea. The company develops and manufactures integrated systems combining optical and thermal sensors with proprietary AI, and provides maritime machine vision software compatible with third party cameras. SEA.AI solutions deliver automatic detection and classification of floating hazards, including people in the water for man overboard response, marine mammals to reduce the risk of strike, non cooperative vessels, and partially submerged objects that conventional systems cannot detect. By delivering real time visual alerts and actionable information on the bridge, the technology strengthens navigational safety, perimeter surveillance, and maritime security across recreational, commercial, governmental, and autonomous fleets.\",\"email\":\"contact@sea.ai\",\"legalName\":\"SEA.AI GmbH\",\"vatID\":\"ATU74570047\",\"numberOfEmployees\":{\"@type\":\"QuantitativeValue\",\"minValue\":\"51\",\"maxValue\":\"200\"}}]}<\/script>\n<!-- \/ Yoast SEO Premium plugin. -->","yoast_head_json":{"title":"Suscr\u00edbete a la newsletter de SEA.AI","description":"Recibe novedades sobre productos SEA.AI, visi\u00f3n marina con IA, actualizaciones de seguridad e innovaci\u00f3n tecnol\u00f3gica en tu correo.","robots":{"index":"index","follow":"follow","max-snippet":"max-snippet:-1","max-image-preview":"max-image-preview:large","max-video-preview":"max-video-preview:-1"},"canonical":"https:\/\/www.sea.ai\/es\/registro-newsletter\/","og_locale":"es_ES","og_type":"article","og_title":"Suscr\u00edbete a la newsletter de SEA.AI","og_description":"Recibe novedades sobre productos SEA.AI, visi\u00f3n marina con IA, actualizaciones de seguridad e innovaci\u00f3n tecnol\u00f3gica en tu correo.","og_url":"https:\/\/www.sea.ai\/es\/registro-newsletter\/","og_site_name":"SEA.AI","article_publisher":"https:\/\/www.facebook.com\/SeaAiGroup","article_modified_time":"2026-01-13T10:05:00+00:00","og_image":[{"width":1441,"height":960,"url":"https:\/\/www.sea.ai\/uploads\/2025\/07\/\u00a9SEA.AI_Container_Polaryse_13.png","type":"image\/png"}],"twitter_card":"summary_large_image","twitter_title":"Registro Newsletter","twitter_site":"@SeaAiGroup","twitter_misc":{"Tiempo de lectura":"1 minute"},"schema":{"@context":"https:\/\/schema.org","@graph":[{"@type":"WebPage","@id":"https:\/\/www.sea.ai\/es\/registro-newsletter\/","url":"https:\/\/www.sea.ai\/es\/registro-newsletter\/","name":"Suscr\u00edbete a la newsletter de SEA.AI","isPartOf":{"@id":"https:\/\/www.sea.ai\/es\/#website"},"primaryImageOfPage":{"@id":"https:\/\/www.sea.ai\/es\/registro-newsletter\/#primaryimage"},"image":{"@id":"https:\/\/www.sea.ai\/es\/registro-newsletter\/#primaryimage"},"thumbnailUrl":"https:\/\/www.sea.ai\/uploads\/2025\/07\/\u00a9SEA.AI_Container_Polaryse_13.png","datePublished":"2024-09-03T12:23:11+00:00","dateModified":"2026-01-13T10:05:00+00:00","description":"Recibe novedades sobre productos SEA.AI, visi\u00f3n marina con IA, actualizaciones de seguridad e innovaci\u00f3n tecnol\u00f3gica en tu correo.","breadcrumb":{"@id":"https:\/\/www.sea.ai\/es\/registro-newsletter\/#breadcrumb"},"inLanguage":"es-ES","potentialAction":[{"@type":"ReadAction","target":["https:\/\/www.sea.ai\/es\/registro-newsletter\/"]}]},{"@type":"ImageObject","inLanguage":"es-ES","@id":"https:\/\/www.sea.ai\/es\/registro-newsletter\/#primaryimage","url":"https:\/\/www.sea.ai\/uploads\/2025\/07\/\u00a9SEA.AI_Container_Polaryse_13.png","contentUrl":"https:\/\/www.sea.ai\/uploads\/2025\/07\/\u00a9SEA.AI_Container_Polaryse_13.png","width":1441,"height":960,"caption":"Sailing boat at sea with a detection box from SEA.AI Software"},{"@type":"BreadcrumbList","@id":"https:\/\/www.sea.ai\/es\/registro-newsletter\/#breadcrumb","itemListElement":[{"@type":"ListItem","position":1,"name":"Home","item":"https:\/\/www.sea.ai\/es\/pagina-de-inicio\/"},{"@type":"ListItem","position":2,"name":"Registro Newsletter"}]},{"@type":"WebSite","@id":"https:\/\/www.sea.ai\/es\/#website","url":"https:\/\/www.sea.ai\/es\/","name":"SEA.AI","description":"Machine Vision for Safety at Sea","publisher":{"@id":"https:\/\/www.sea.ai\/es\/#organization"},"potentialAction":[{"@type":"SearchAction","target":{"@type":"EntryPoint","urlTemplate":"https:\/\/www.sea.ai\/es\/?s={search_term_string}"},"query-input":{"@type":"PropertyValueSpecification","valueRequired":true,"valueName":"search_term_string"}}],"inLanguage":"es-ES"},{"@type":"Organization","@id":"https:\/\/www.sea.ai\/es\/#organization","name":"SEA.AI","url":"https:\/\/www.sea.ai\/es\/","logo":{"@type":"ImageObject","inLanguage":"es-ES","@id":"https:\/\/www.sea.ai\/es\/#\/schema\/logo\/image\/","url":"https:\/\/www.sea.ai\/uploads\/2023\/02\/Cursor-black-RGB.jpg","contentUrl":"https:\/\/www.sea.ai\/uploads\/2023\/02\/Cursor-black-RGB.jpg","width":561,"height":561,"caption":"SEA.AI"},"image":{"@id":"https:\/\/www.sea.ai\/es\/#\/schema\/logo\/image\/"},"sameAs":["https:\/\/www.facebook.com\/SeaAiGroup","https:\/\/x.com\/SeaAiGroup","https:\/\/linkedin.com\/company\/sea-ai","https:\/\/www.youtube.com\/channel\/UCgOTg9pmSXNYXGBMXlsGesw","https:\/\/www.instagram.com\/Sea.AI.Group\/"],"description":"SEA.AI sets the benchmark in maritime machine vision, pioneering the use of artificial intelligence since 2018 to enhance safety, surveillance, and situational awareness at sea. The company develops and manufactures integrated systems combining optical and thermal sensors with proprietary AI, and provides maritime machine vision software compatible with third party cameras. SEA.AI solutions deliver automatic detection and classification of floating hazards, including people in the water for man overboard response, marine mammals to reduce the risk of strike, non cooperative vessels, and partially submerged objects that conventional systems cannot detect. By delivering real time visual alerts and actionable information on the bridge, the technology strengthens navigational safety, perimeter surveillance, and maritime security across recreational, commercial, governmental, and autonomous fleets.","email":"contact@sea.ai","legalName":"SEA.AI GmbH","vatID":"ATU74570047","numberOfEmployees":{"@type":"QuantitativeValue","minValue":"51","maxValue":"200"}}]}},"_links":{"self":[{"href":"https:\/\/www.sea.ai\/es\/wp-json\/wp\/v2\/pages\/23539","targetHints":{"allow":["GET"]}}],"collection":[{"href":"https:\/\/www.sea.ai\/es\/wp-json\/wp\/v2\/pages"}],"about":[{"href":"https:\/\/www.sea.ai\/es\/wp-json\/wp\/v2\/types\/page"}],"author":[{"embeddable":true,"href":"https:\/\/www.sea.ai\/es\/wp-json\/wp\/v2\/users\/32"}],"replies":[{"embeddable":true,"href":"https:\/\/www.sea.ai\/es\/wp-json\/wp\/v2\/comments?post=23539"}],"version-history":[{"count":0,"href":"https:\/\/www.sea.ai\/es\/wp-json\/wp\/v2\/pages\/23539\/revisions"}],"wp:featuredmedia":[{"embeddable":true,"href":"https:\/\/www.sea.ai\/es\/wp-json\/wp\/v2\/media\/35952"}],"wp:attachment":[{"href":"https:\/\/www.sea.ai\/es\/wp-json\/wp\/v2\/media?parent=23539"}],"curies":[{"name":"wp","href":"https:\/\/api.w.org\/{rel}","templated":true}]}}