{"id":18627,"date":"2024-04-30T16:44:01","date_gmt":"2024-04-30T15:44:01","guid":{"rendered":"https:\/\/www.sea.ai\/landing-commercial\/"},"modified":"2025-12-09T13:52:14","modified_gmt":"2025-12-09T12:52:14","slug":"comercial","status":"publish","type":"page","link":"https:\/\/www.sea.ai\/es\/comercial\/","title":{"rendered":"Comercial"},"content":{"rendered":"\t\t<div data-elementor-type=\"wp-page\" data-elementor-id=\"18627\" class=\"elementor elementor-18627 elementor-17603\" data-elementor-post-type=\"page\">\n\t\t\t\t<div class=\"elementor-element elementor-element-5bcc6f5 e-flex e-con-boxed e-con e-parent\" data-id=\"5bcc6f5\" data-element_type=\"container\" data-settings=\"{&quot;background_background&quot;:&quot;classic&quot;,&quot;jet_parallax_layout_list&quot;:[]}\">\n\t\t\t\t\t<div class=\"e-con-inner\">\n\t\t<div class=\"elementor-element elementor-element-6b9794f e-flex e-con-boxed e-con e-child\" data-id=\"6b9794f\" data-element_type=\"container\" data-settings=\"{&quot;jet_parallax_layout_list&quot;:[]}\">\n\t\t\t\t\t<div class=\"e-con-inner\">\n\t\t\t\t<div class=\"elementor-element elementor-element-d241e9c elementor-invisible elementor-widget elementor-widget-heading\" data-id=\"d241e9c\" data-element_type=\"widget\" data-settings=\"{&quot;_animation&quot;:&quot;fadeIn&quot;}\" data-widget_type=\"heading.default\">\n\t\t\t\t<div class=\"elementor-widget-container\">\n\t\t\t\t\t<h1 class=\"elementor-heading-title elementor-size-default\">Comercial<\/h1>\t\t\t\t<\/div>\n\t\t\t\t<\/div>\n\t\t\t\t\t<\/div>\n\t\t\t\t<\/div>\n\t\t<div class=\"elementor-element elementor-element-0ff4e36 e-flex e-con-boxed e-con e-child\" data-id=\"0ff4e36\" data-element_type=\"container\" data-settings=\"{&quot;jet_parallax_layout_list&quot;:[]}\">\n\t\t\t\t\t<div class=\"e-con-inner\">\n\t\t\t\t<div class=\"elementor-element elementor-element-9d8c2c8 elementor-align-left elementor-widget elementor-widget-breadcrumbs\" data-id=\"9d8c2c8\" data-element_type=\"widget\" data-widget_type=\"breadcrumbs.default\">\n\t\t\t\t<div class=\"elementor-widget-container\">\n\t\t\t\t\t<p id=\"breadcrumbs\"><span><span><a href=\"https:\/\/www.sea.ai\/es\/\">Home<\/a><\/span><\/span><\/p>\t\t\t\t<\/div>\n\t\t\t\t<\/div>\n\t\t\t\t\t<\/div>\n\t\t\t\t<\/div>\n\t\t\t\t\t<\/div>\n\t\t\t\t<\/div>\n\t\t<div class=\"elementor-element elementor-element-c23fa37 e-flex e-con-boxed e-con e-parent\" data-id=\"c23fa37\" data-element_type=\"container\" data-settings=\"{&quot;jet_parallax_layout_list&quot;:[],&quot;background_background&quot;:&quot;classic&quot;}\">\n\t\t\t\t\t<div class=\"e-con-inner\">\n\t\t<div class=\"elementor-element elementor-element-6e91fd1 e-flex e-con-boxed e-con e-child\" data-id=\"6e91fd1\" data-element_type=\"container\" data-settings=\"{&quot;jet_parallax_layout_list&quot;:[]}\">\n\t\t\t\t\t<div class=\"e-con-inner\">\n\t\t\t\t<div class=\"elementor-element elementor-element-bf024c2 elementor-cta--tablet-layout-image-left elementor-cta--mobile-layout-image-above elementor-cta--skin-classic elementor-animated-content elementor-bg-transform elementor-bg-transform-zoom-in elementor-invisible elementor-widget elementor-widget-call-to-action\" data-id=\"bf024c2\" data-element_type=\"widget\" data-settings=\"{&quot;_animation&quot;:&quot;fadeIn&quot;}\" data-widget_type=\"call-to-action.default\">\n\t\t\t\t<div class=\"elementor-widget-container\">\n\t\t\t\t\t\t\t<a class=\"elementor-cta\" href=\"https:\/\/www.sea.ai\/commercial\/workboats\/\">\n\t\t\t\t\t<div class=\"elementor-cta__bg-wrapper\">\n\t\t\t\t<div class=\"elementor-cta__bg elementor-bg\" style=\"background-image: url(https:\/\/www.sea.ai\/uploads\/elementor\/thumbs\/Workboat-qxoeab17g06trx7l3ehugbfs0ybyojmcoisavwwyba.jpg);\" role=\"img\" aria-label=\"Workboat\"><\/div>\n\t\t\t\t<div class=\"elementor-cta__bg-overlay\"><\/div>\n\t\t\t<\/div>\n\t\t\t\t\t\t\t<div class=\"elementor-cta__content\">\n\t\t\t\t\n\t\t\t\t\t\t\t\t\t<h2 class=\"elementor-cta__title elementor-cta__content-item elementor-content-item\">\n\t\t\t\t\t\tBarcos de trabajo\t\t\t\t\t<\/h2>\n\t\t\t\t\n\t\t\t\t\t\t\t\t\t<div class=\"elementor-cta__description elementor-cta__content-item elementor-content-item\">\n\t\t\t\t\t\tOperaciones seguras en misiones de reparaci\u00f3n, plataformas marinas y cualquier operaci\u00f3n en el mar. SEA.AI a bordo de barcos de trabajo y de traslado de tripulaciones ayuda a la seguridad, evita colisiones, detecta personas al agua y vigila a 360\u00b0.\t\t\t\t\t<\/div>\n\t\t\t\t\n\t\t\t\t\t\t\t\t\t<div class=\"elementor-cta__button-wrapper elementor-cta__content-item elementor-content-item \">\n\t\t\t\t\t<span class=\"elementor-cta__button elementor-button elementor-size-\">\n\t\t\t\t\t\tDescubre\t\t\t\t\t<\/span>\n\t\t\t\t\t<\/div>\n\t\t\t\t\t\t\t<\/div>\n\t\t\t\t\t\t<\/a>\n\t\t\t\t\t\t<\/div>\n\t\t\t\t<\/div>\n\t\t\t\t\t<\/div>\n\t\t\t\t<\/div>\n\t\t<div class=\"elementor-element elementor-element-3bf169d e-flex e-con-boxed e-con e-child\" data-id=\"3bf169d\" data-element_type=\"container\" data-settings=\"{&quot;jet_parallax_layout_list&quot;:[],&quot;background_background&quot;:&quot;classic&quot;}\">\n\t\t\t\t\t<div class=\"e-con-inner\">\n\t\t\t\t<div class=\"elementor-element elementor-element-46b5df8 elementor-cta--tablet-layout-image-left elementor-cta--mobile-layout-image-above elementor-cta--skin-classic elementor-animated-content elementor-bg-transform elementor-bg-transform-zoom-in elementor-invisible elementor-widget elementor-widget-call-to-action\" data-id=\"46b5df8\" data-element_type=\"widget\" data-settings=\"{&quot;_animation&quot;:&quot;fadeIn&quot;}\" data-widget_type=\"call-to-action.default\">\n\t\t\t\t<div class=\"elementor-widget-container\">\n\t\t\t\t\t\t\t<a class=\"elementor-cta\" href=\"https:\/\/www.sea.ai\/commercial\/shipping\/\">\n\t\t\t\t\t<div class=\"elementor-cta__bg-wrapper\">\n\t\t\t\t<div class=\"elementor-cta__bg elementor-bg\" style=\"background-image: url(https:\/\/www.sea.ai\/uploads\/elementor\/thumbs\/cover-shipping-qxoeaduq0iaoqr3hmxpq5sq5t3y2bmxjowqrbqsre6.jpg);\" role=\"img\" aria-label=\"Crew member on the controlling station\"><\/div>\n\t\t\t\t<div class=\"elementor-cta__bg-overlay\"><\/div>\n\t\t\t<\/div>\n\t\t\t\t\t\t\t<div class=\"elementor-cta__content\">\n\t\t\t\t\n\t\t\t\t\t\t\t\t\t<h2 class=\"elementor-cta__title elementor-cta__content-item elementor-content-item\">\n\t\t\t\t\t\tTransporte mar\u00edtimo\t\t\t\t\t<\/h2>\n\t\t\t\t\n\t\t\t\t\t\t\t\t\t<div class=\"elementor-cta__description elementor-cta__content-item elementor-content-item\">\n\t\t\t\t\t\tLa mejora del conocimiento de la situaci\u00f3n es la piedra angular de la navegaci\u00f3n segura en todo el mundo.\t\t\t\t\t<\/div>\n\t\t\t\t\n\t\t\t\t\t\t\t\t\t<div class=\"elementor-cta__button-wrapper elementor-cta__content-item elementor-content-item \">\n\t\t\t\t\t<span class=\"elementor-cta__button elementor-button elementor-size-\">\n\t\t\t\t\t\tDescubre\t\t\t\t\t<\/span>\n\t\t\t\t\t<\/div>\n\t\t\t\t\t\t\t<\/div>\n\t\t\t\t\t\t<\/a>\n\t\t\t\t\t\t<\/div>\n\t\t\t\t<\/div>\n\t\t\t\t\t<\/div>\n\t\t\t\t<\/div>\n\t\t\t\t\t<\/div>\n\t\t\t\t<\/div>\n\t\t\t\t<\/div>\n\t\t","protected":false},"excerpt":{"rendered":"<p>Comercial Barcos de trabajo Operaciones seguras en misiones de reparaci\u00f3n, plataformas marinas y cualquier operaci\u00f3n en el mar. SEA.AI a bordo de barcos de trabajo y de traslado de tripulaciones ayuda a la seguridad, evita colisiones, detecta personas al agua y vigila a 360\u00b0. Descubre Transporte mar\u00edtimo La mejora del conocimiento de la situaci\u00f3n es [&hellip;]<\/p>\n","protected":false},"author":32,"featured_media":0,"parent":0,"menu_order":24,"comment_status":"closed","ping_status":"closed","template":"","meta":{"_acf_changed":false,"footnotes":""},"class_list":["post-18627","page","type-page","status-publish","hentry"],"acf":[],"yoast_head":"<!-- This site is optimized with the Yoast SEO Premium plugin v27.0 (Yoast SEO v27.0) - https:\/\/yoast.com\/product\/yoast-seo-premium-wordpress\/ -->\n<title>Soluciones basadas en IA para buques comerciales | SEA.AI<\/title>\n<meta name=\"description\" content=\"Mejore la seguridad mar\u00edtima comercial con los sistemas basados en IA de SEA.AI para embarcaciones, que ofrecen detecci\u00f3n, seguimiento y visi\u00f3n t\u00e9rmica inteligentes.\" \/>\n<meta name=\"robots\" content=\"index, follow, max-snippet:-1, max-image-preview:large, max-video-preview:-1\" \/>\n<link rel=\"canonical\" href=\"https:\/\/www.sea.ai\/es\/comercial\/\" \/>\n<meta property=\"og:locale\" content=\"es_ES\" \/>\n<meta property=\"og:type\" content=\"article\" \/>\n<meta property=\"og:title\" content=\"Soluciones basadas en IA para buques comerciales | SEA.AI\" \/>\n<meta property=\"og:description\" content=\"Mejore la seguridad mar\u00edtima comercial con los sistemas basados en IA de SEA.AI para embarcaciones, que ofrecen detecci\u00f3n, seguimiento y visi\u00f3n t\u00e9rmica inteligentes.\" \/>\n<meta property=\"og:url\" content=\"https:\/\/www.sea.ai\/es\/comercial\/\" \/>\n<meta property=\"og:site_name\" content=\"SEA.AI\" \/>\n<meta property=\"article:publisher\" content=\"https:\/\/www.facebook.com\/SeaAiGroup\" \/>\n<meta property=\"article:modified_time\" content=\"2025-12-09T12:52:14+00:00\" \/>\n<meta property=\"og:image\" content=\"https:\/\/www.sea.ai\/uploads\/2025\/04\/Commercial-1024x538.jpg\" \/>\n<meta name=\"twitter:card\" content=\"summary_large_image\" \/>\n<meta name=\"twitter:title\" content=\"Comercial\" \/>\n<meta name=\"twitter:site\" content=\"@SeaAiGroup\" \/>\n<meta name=\"twitter:label1\" content=\"Tiempo de lectura\" \/>\n\t<meta name=\"twitter:data1\" content=\"1 minute\" \/>\n<script type=\"application\/ld+json\" class=\"yoast-schema-graph\">{\"@context\":\"https:\/\/schema.org\",\"@graph\":[{\"@type\":\"WebPage\",\"@id\":\"https:\/\/www.sea.ai\/es\/comercial\/\",\"url\":\"https:\/\/www.sea.ai\/es\/comercial\/\",\"name\":\"Soluciones basadas en IA para buques comerciales | SEA.AI\",\"isPartOf\":{\"@id\":\"https:\/\/www.sea.ai\/es\/#website\"},\"datePublished\":\"2024-04-30T15:44:01+00:00\",\"dateModified\":\"2025-12-09T12:52:14+00:00\",\"description\":\"Mejore la seguridad mar\u00edtima comercial con los sistemas basados en IA de SEA.AI para embarcaciones, que ofrecen detecci\u00f3n, seguimiento y visi\u00f3n t\u00e9rmica inteligentes.\",\"breadcrumb\":{\"@id\":\"https:\/\/www.sea.ai\/es\/comercial\/#breadcrumb\"},\"inLanguage\":\"es-ES\",\"potentialAction\":[{\"@type\":\"ReadAction\",\"target\":[\"https:\/\/www.sea.ai\/es\/comercial\/\"]}]},{\"@type\":\"BreadcrumbList\",\"@id\":\"https:\/\/www.sea.ai\/es\/comercial\/#breadcrumb\",\"itemListElement\":[{\"@type\":\"ListItem\",\"position\":1,\"name\":\"Home\",\"item\":\"https:\/\/www.sea.ai\/es\/\"},{\"@type\":\"ListItem\",\"position\":2,\"name\":\"Comercial\"}]},{\"@type\":\"WebSite\",\"@id\":\"https:\/\/www.sea.ai\/es\/#website\",\"url\":\"https:\/\/www.sea.ai\/es\/\",\"name\":\"SEA.AI\",\"description\":\"Machine Vision for Safety at Sea\",\"publisher\":{\"@id\":\"https:\/\/www.sea.ai\/es\/#organization\"},\"potentialAction\":[{\"@type\":\"SearchAction\",\"target\":{\"@type\":\"EntryPoint\",\"urlTemplate\":\"https:\/\/www.sea.ai\/es\/?s={search_term_string}\"},\"query-input\":{\"@type\":\"PropertyValueSpecification\",\"valueRequired\":true,\"valueName\":\"search_term_string\"}}],\"inLanguage\":\"es-ES\"},{\"@type\":\"Organization\",\"@id\":\"https:\/\/www.sea.ai\/es\/#organization\",\"name\":\"SEA.AI\",\"url\":\"https:\/\/www.sea.ai\/es\/\",\"logo\":{\"@type\":\"ImageObject\",\"inLanguage\":\"es-ES\",\"@id\":\"https:\/\/www.sea.ai\/es\/#\/schema\/logo\/image\/\",\"url\":\"https:\/\/www.sea.ai\/uploads\/2023\/02\/Cursor-black-RGB.jpg\",\"contentUrl\":\"https:\/\/www.sea.ai\/uploads\/2023\/02\/Cursor-black-RGB.jpg\",\"width\":561,\"height\":561,\"caption\":\"SEA.AI\"},\"image\":{\"@id\":\"https:\/\/www.sea.ai\/es\/#\/schema\/logo\/image\/\"},\"sameAs\":[\"https:\/\/www.facebook.com\/SeaAiGroup\",\"https:\/\/x.com\/SeaAiGroup\",\"https:\/\/linkedin.com\/company\/sea-ai\",\"https:\/\/www.youtube.com\/channel\/UCgOTg9pmSXNYXGBMXlsGesw\",\"https:\/\/www.instagram.com\/Sea.AI.Group\/\"],\"description\":\"SEA.AI sets the benchmark in maritime machine vision, pioneering the use of artificial intelligence since 2018 to enhance safety, surveillance, and situational awareness at sea. The company develops and manufactures integrated systems combining optical and thermal sensors with proprietary AI, and provides maritime machine vision software compatible with third party cameras. SEA.AI solutions deliver automatic detection and classification of floating hazards, including people in the water for man overboard response, marine mammals to reduce the risk of strike, non cooperative vessels, and partially submerged objects that conventional systems cannot detect. By delivering real time visual alerts and actionable information on the bridge, the technology strengthens navigational safety, perimeter surveillance, and maritime security across recreational, commercial, governmental, and autonomous fleets.\",\"email\":\"contact@sea.ai\",\"legalName\":\"SEA.AI GmbH\",\"vatID\":\"ATU74570047\",\"numberOfEmployees\":{\"@type\":\"QuantitativeValue\",\"minValue\":\"51\",\"maxValue\":\"200\"}}]}<\/script>\n<!-- \/ Yoast SEO Premium plugin. -->","yoast_head_json":{"title":"Soluciones basadas en IA para buques comerciales | SEA.AI","description":"Mejore la seguridad mar\u00edtima comercial con los sistemas basados en IA de SEA.AI para embarcaciones, que ofrecen detecci\u00f3n, seguimiento y visi\u00f3n t\u00e9rmica inteligentes.","robots":{"index":"index","follow":"follow","max-snippet":"max-snippet:-1","max-image-preview":"max-image-preview:large","max-video-preview":"max-video-preview:-1"},"canonical":"https:\/\/www.sea.ai\/es\/comercial\/","og_locale":"es_ES","og_type":"article","og_title":"Soluciones basadas en IA para buques comerciales | SEA.AI","og_description":"Mejore la seguridad mar\u00edtima comercial con los sistemas basados en IA de SEA.AI para embarcaciones, que ofrecen detecci\u00f3n, seguimiento y visi\u00f3n t\u00e9rmica inteligentes.","og_url":"https:\/\/www.sea.ai\/es\/comercial\/","og_site_name":"SEA.AI","article_publisher":"https:\/\/www.facebook.com\/SeaAiGroup","article_modified_time":"2025-12-09T12:52:14+00:00","og_image":[{"url":"https:\/\/www.sea.ai\/uploads\/2025\/04\/Commercial-1024x538.jpg","type":"","width":"","height":""}],"twitter_card":"summary_large_image","twitter_title":"Comercial","twitter_site":"@SeaAiGroup","twitter_misc":{"Tiempo de lectura":"1 minute"},"schema":{"@context":"https:\/\/schema.org","@graph":[{"@type":"WebPage","@id":"https:\/\/www.sea.ai\/es\/comercial\/","url":"https:\/\/www.sea.ai\/es\/comercial\/","name":"Soluciones basadas en IA para buques comerciales | SEA.AI","isPartOf":{"@id":"https:\/\/www.sea.ai\/es\/#website"},"datePublished":"2024-04-30T15:44:01+00:00","dateModified":"2025-12-09T12:52:14+00:00","description":"Mejore la seguridad mar\u00edtima comercial con los sistemas basados en IA de SEA.AI para embarcaciones, que ofrecen detecci\u00f3n, seguimiento y visi\u00f3n t\u00e9rmica inteligentes.","breadcrumb":{"@id":"https:\/\/www.sea.ai\/es\/comercial\/#breadcrumb"},"inLanguage":"es-ES","potentialAction":[{"@type":"ReadAction","target":["https:\/\/www.sea.ai\/es\/comercial\/"]}]},{"@type":"BreadcrumbList","@id":"https:\/\/www.sea.ai\/es\/comercial\/#breadcrumb","itemListElement":[{"@type":"ListItem","position":1,"name":"Home","item":"https:\/\/www.sea.ai\/es\/"},{"@type":"ListItem","position":2,"name":"Comercial"}]},{"@type":"WebSite","@id":"https:\/\/www.sea.ai\/es\/#website","url":"https:\/\/www.sea.ai\/es\/","name":"SEA.AI","description":"Machine Vision for Safety at Sea","publisher":{"@id":"https:\/\/www.sea.ai\/es\/#organization"},"potentialAction":[{"@type":"SearchAction","target":{"@type":"EntryPoint","urlTemplate":"https:\/\/www.sea.ai\/es\/?s={search_term_string}"},"query-input":{"@type":"PropertyValueSpecification","valueRequired":true,"valueName":"search_term_string"}}],"inLanguage":"es-ES"},{"@type":"Organization","@id":"https:\/\/www.sea.ai\/es\/#organization","name":"SEA.AI","url":"https:\/\/www.sea.ai\/es\/","logo":{"@type":"ImageObject","inLanguage":"es-ES","@id":"https:\/\/www.sea.ai\/es\/#\/schema\/logo\/image\/","url":"https:\/\/www.sea.ai\/uploads\/2023\/02\/Cursor-black-RGB.jpg","contentUrl":"https:\/\/www.sea.ai\/uploads\/2023\/02\/Cursor-black-RGB.jpg","width":561,"height":561,"caption":"SEA.AI"},"image":{"@id":"https:\/\/www.sea.ai\/es\/#\/schema\/logo\/image\/"},"sameAs":["https:\/\/www.facebook.com\/SeaAiGroup","https:\/\/x.com\/SeaAiGroup","https:\/\/linkedin.com\/company\/sea-ai","https:\/\/www.youtube.com\/channel\/UCgOTg9pmSXNYXGBMXlsGesw","https:\/\/www.instagram.com\/Sea.AI.Group\/"],"description":"SEA.AI sets the benchmark in maritime machine vision, pioneering the use of artificial intelligence since 2018 to enhance safety, surveillance, and situational awareness at sea. The company develops and manufactures integrated systems combining optical and thermal sensors with proprietary AI, and provides maritime machine vision software compatible with third party cameras. SEA.AI solutions deliver automatic detection and classification of floating hazards, including people in the water for man overboard response, marine mammals to reduce the risk of strike, non cooperative vessels, and partially submerged objects that conventional systems cannot detect. By delivering real time visual alerts and actionable information on the bridge, the technology strengthens navigational safety, perimeter surveillance, and maritime security across recreational, commercial, governmental, and autonomous fleets.","email":"contact@sea.ai","legalName":"SEA.AI GmbH","vatID":"ATU74570047","numberOfEmployees":{"@type":"QuantitativeValue","minValue":"51","maxValue":"200"}}]}},"_links":{"self":[{"href":"https:\/\/www.sea.ai\/es\/wp-json\/wp\/v2\/pages\/18627","targetHints":{"allow":["GET"]}}],"collection":[{"href":"https:\/\/www.sea.ai\/es\/wp-json\/wp\/v2\/pages"}],"about":[{"href":"https:\/\/www.sea.ai\/es\/wp-json\/wp\/v2\/types\/page"}],"author":[{"embeddable":true,"href":"https:\/\/www.sea.ai\/es\/wp-json\/wp\/v2\/users\/32"}],"replies":[{"embeddable":true,"href":"https:\/\/www.sea.ai\/es\/wp-json\/wp\/v2\/comments?post=18627"}],"version-history":[{"count":1,"href":"https:\/\/www.sea.ai\/es\/wp-json\/wp\/v2\/pages\/18627\/revisions"}],"predecessor-version":[{"id":43484,"href":"https:\/\/www.sea.ai\/es\/wp-json\/wp\/v2\/pages\/18627\/revisions\/43484"}],"wp:attachment":[{"href":"https:\/\/www.sea.ai\/es\/wp-json\/wp\/v2\/media?parent=18627"}],"curies":[{"name":"wp","href":"https:\/\/api.w.org\/{rel}","templated":true}]}}